{"id":1008,"date":"2025-10-07T16:44:19","date_gmt":"2025-10-07T14:44:19","guid":{"rendered":"https:\/\/rubi.com.py\/index.php\/producto\/conservador-de-fritura-tramontina-40x70\/"},"modified":"2026-04-22T15:07:55","modified_gmt":"2026-04-22T13:07:55","slug":"conservador-de-fritura-tramontina-40x70","status":"publish","type":"product","link":"https:\/\/rubi.com.py\/index.php\/producto\/conservador-de-fritura-tramontina-40x70\/","title":{"rendered":"CONSERVADOR DE FRITURA TRAMONTINA 40X70"},"content":{"rendered":"<p>* Hecho totalmente de acero inoxidable. * Calentamiento por irradiaci\u00f3n con resistencia el\u00e9ctrica de cer\u00e1mica. * Fondo falso perforado para que el aceite escurra. * Alimentos fritos secos y crujientes hasta el momento de servir. Detalles t\u00e9cnicos: \u2022 ANCHO: 55 CM \u2022 ALTO: 135 CM \u2022 LARGO: 89,5 CM \u2022 PESO: 430000 GR<\/p>\n","protected":false},"excerpt":{"rendered":"<p>* Hecho totalmente de acero inoxidable. * Calentamiento por irradiaci\u00f3n con resistencia el\u00e9ctrica de cer\u00e1mica. * Fondo falso perforado para que el aceite escurra. * Alimentos fritos secos y crujientes hasta el momento de servir.<\/p>\n","protected":false},"featured_media":4955,"comment_status":"open","ping_status":"closed","template":"","meta":{"_et_pb_use_builder":"","_et_pb_old_content":"","_et_gb_content_width":""},"product_brand":[],"product_cat":[33],"product_tag":[],"class_list":{"0":"post-1008","1":"product","2":"type-product","3":"status-publish","4":"has-post-thumbnail","6":"product_cat-cocina-y-comedor","8":"first","9":"instock","10":"shipping-taxable","11":"purchasable","12":"product-type-simple"},"_links":{"self":[{"href":"https:\/\/rubi.com.py\/index.php\/wp-json\/wp\/v2\/product\/1008","targetHints":{"allow":["GET"]}}],"collection":[{"href":"https:\/\/rubi.com.py\/index.php\/wp-json\/wp\/v2\/product"}],"about":[{"href":"https:\/\/rubi.com.py\/index.php\/wp-json\/wp\/v2\/types\/product"}],"replies":[{"embeddable":true,"href":"https:\/\/rubi.com.py\/index.php\/wp-json\/wp\/v2\/comments?post=1008"}],"wp:featuredmedia":[{"embeddable":true,"href":"https:\/\/rubi.com.py\/index.php\/wp-json\/wp\/v2\/media\/4955"}],"wp:attachment":[{"href":"https:\/\/rubi.com.py\/index.php\/wp-json\/wp\/v2\/media?parent=1008"}],"wp:term":[{"taxonomy":"product_brand","embeddable":true,"href":"https:\/\/rubi.com.py\/index.php\/wp-json\/wp\/v2\/product_brand?post=1008"},{"taxonomy":"product_cat","embeddable":true,"href":"https:\/\/rubi.com.py\/index.php\/wp-json\/wp\/v2\/product_cat?post=1008"},{"taxonomy":"product_tag","embeddable":true,"href":"https:\/\/rubi.com.py\/index.php\/wp-json\/wp\/v2\/product_tag?post=1008"}],"curies":[{"name":"wp","href":"https:\/\/api.w.org\/{rel}","templated":true}]}}