{"id":1011,"date":"2025-10-07T16:53:02","date_gmt":"2025-10-07T14:53:02","guid":{"rendered":"https:\/\/rubi.com.py\/index.php\/producto\/combo-secador-planchita-con-estuche-remington-sapphire-luxe-s5805gp-220r\/"},"modified":"2026-04-22T15:22:49","modified_gmt":"2026-04-22T13:22:49","slug":"combo-secador-planchita-con-estuche-remington-sapphire-luxe-s5805gp-220r","status":"publish","type":"product","link":"https:\/\/rubi.com.py\/index.php\/producto\/combo-secador-planchita-con-estuche-remington-sapphire-luxe-s5805gp-220r\/","title":{"rendered":"COMBO SECADOR + PLANCHITA CON ESTUCHE REMINGTON SAPPHIRE LUXE S5805GP-220R"},"content":{"rendered":"<p>SECADOR &#8211; CARACTER\u00cdSTICAS. * 3 configuraciones de temperatura &#8211; 2 velocidades. * Acondicionamiento i\u00f3nico para brillo sin frizz. * Revestimiento cer\u00e1mico con zafiros reales. * Motor DC de 2200 Watts viento110 km-h. * Rejilla trasera extra\u00edble y f\u00e1cil de limpiar. * Concentrador de secado r\u00e1pido. * Bolsa de almacenamiento. * Gancho para colgar. * R\u00e1faga de aire frio. * Difusor. PLANCHITA &#8211; CARACTER\u00cdSTICAS. * Recubrimiento cer\u00e1mico avanzado con zafiros reales que protege el cabello y brinda 2x m\u00e1s suavidad. * Control de temperatura digital con 5 configuraciones. Desde 150 \u00b0C hasta 230 \u00b0C. * Dise\u00f1o de cubierta con bordes curvos para ondas sin esfuerzo. * Calentamiento ultrarr\u00e1pido, listo para usar en 15 segundos. * Apagado autom\u00e1tico de seguridad despu\u00e9s de 60 minutos. * Bloqueo de placas para f\u00e1cil almacenamiento. * Placa flotante de 110 mm. * Cable giratorio. * Pantalla LED. Im\u00e1genes meramente ilustrativas. Im\u00e1genes e informaci\u00f3n sujetas a cambios sin previo aviso. Detalles t\u00e9cnicos: \u2022 ANCHO: 31,75 CM \u2022 ALTO: 26,67 CM \u2022 LARGO: 48,26 CM \u2022 PESO: 5080 GR<\/p>\n","protected":false},"excerpt":{"rendered":"<p>SECADOR &#8211; CARACTER\u00cdSTICAS. * 3 configuraciones de temperatura &#8211; 2 velocidades. * Acondicionamiento i\u00f3nico para brillo sin frizz. * Revestimiento cer\u00e1mico con zafiros reales. * Motor DC de 2200 Watts viento110 km-h. * Rejilla trasera extra\u00edble y f\u00e1cil de limpiar. * Concentrador de secado r\u00e1pido. * Bolsa de almacenamiento. * Gancho para colgar. * R\u00e1faga de aire frio. * Difusor. PLANCHITA &#8211; CARACTER\u00cdSTICAS. * Recubrimiento cer\u00e1mico avanzado con zafiros reales que protege el cabello y brinda 2x m\u00e1s suavidad. * Control de temperatura digital con 5 configuraciones. Desde 150 \u00b0C hasta 230 \u00b0C. * Dise\u00f1o de cubierta con bordes curvos para ondas sin esfuerzo. * Calentamiento ultrarr\u00e1pido, listo para usar en 15 segundos. * Apagado autom\u00e1tico de seguridad despu\u00e9s de 60 minutos. * Bloqueo de placas para f\u00e1cil almacenamiento. * Placa flotante de 110 mm. * Cable giratorio. * Pantalla LED. Im\u00e1genes meramente ilustrativas. Im\u00e1genes e informaci\u00f3n sujetas a cambios sin previo aviso.<\/p>\n","protected":false},"featured_media":4980,"comment_status":"open","ping_status":"closed","template":"","meta":{"_et_pb_use_builder":"","_et_pb_old_content":"","_et_gb_content_width":""},"product_brand":[],"product_cat":[45],"product_tag":[],"class_list":{"0":"post-1011","1":"product","2":"type-product","3":"status-publish","4":"has-post-thumbnail","6":"product_cat-salud-y-belleza","8":"first","9":"instock","10":"shipping-taxable","11":"purchasable","12":"product-type-simple"},"_links":{"self":[{"href":"https:\/\/rubi.com.py\/index.php\/wp-json\/wp\/v2\/product\/1011","targetHints":{"allow":["GET"]}}],"collection":[{"href":"https:\/\/rubi.com.py\/index.php\/wp-json\/wp\/v2\/product"}],"about":[{"href":"https:\/\/rubi.com.py\/index.php\/wp-json\/wp\/v2\/types\/product"}],"replies":[{"embeddable":true,"href":"https:\/\/rubi.com.py\/index.php\/wp-json\/wp\/v2\/comments?post=1011"}],"wp:featuredmedia":[{"embeddable":true,"href":"https:\/\/rubi.com.py\/index.php\/wp-json\/wp\/v2\/media\/4980"}],"wp:attachment":[{"href":"https:\/\/rubi.com.py\/index.php\/wp-json\/wp\/v2\/media?parent=1011"}],"wp:term":[{"taxonomy":"product_brand","embeddable":true,"href":"https:\/\/rubi.com.py\/index.php\/wp-json\/wp\/v2\/product_brand?post=1011"},{"taxonomy":"product_cat","embeddable":true,"href":"https:\/\/rubi.com.py\/index.php\/wp-json\/wp\/v2\/product_cat?post=1011"},{"taxonomy":"product_tag","embeddable":true,"href":"https:\/\/rubi.com.py\/index.php\/wp-json\/wp\/v2\/product_tag?post=1011"}],"curies":[{"name":"wp","href":"https:\/\/api.w.org\/{rel}","templated":true}]}}