{"id":1016,"date":"2025-10-07T16:55:26","date_gmt":"2025-10-07T14:55:26","guid":{"rendered":"https:\/\/rubi.com.py\/index.php\/producto\/cocina-a-gas-tokyo-maravilha-4h-negro-mesada-inox\/"},"modified":"2026-04-22T15:20:52","modified_gmt":"2026-04-22T13:20:52","slug":"cocina-a-gas-tokyo-maravilha-4h-negro-mesada-inox","status":"publish","type":"product","link":"https:\/\/rubi.com.py\/index.php\/producto\/cocina-a-gas-tokyo-maravilha-4h-negro-mesada-inox\/","title":{"rendered":"COCINA A GAS TOKYO MARAVILHA 4H NEGRO MESADA INOX"},"content":{"rendered":"<p>* Parilla de mesa en alambrado 4 mm. * Mesa de acero inoxidable. * Encendido Manual. * Uso de mesa. * 4 hornallas. * A gas. Im\u00e1genes meramente ilustrativas. Im\u00e1genes e informaci\u00f3n sujetas a cambios sin previo aviso. Detalles t\u00e9cnicos: \u2022 ANCHO: 49,5 CM \u2022 ALTO: 22,5 CM \u2022 LARGO: 56 CM \u2022 PESO: 5200 GR<\/p>\n","protected":false},"excerpt":{"rendered":"<p>* Parilla de mesa en alambrado 4 mm. * Mesa de acero inoxidable. * Encendido Manual. * Uso de mesa. * 4 hornallas. * A gas. Im\u00e1genes meramente ilustrativas. Im\u00e1genes e informaci\u00f3n sujetas a cambios sin previo aviso.<\/p>\n","protected":false},"featured_media":4977,"comment_status":"open","ping_status":"closed","template":"","meta":{"_et_pb_use_builder":"","_et_pb_old_content":"","_et_gb_content_width":""},"product_brand":[],"product_cat":[33],"product_tag":[],"class_list":{"0":"post-1016","1":"product","2":"type-product","3":"status-publish","4":"has-post-thumbnail","6":"product_cat-cocina-y-comedor","8":"first","9":"instock","10":"shipping-taxable","11":"purchasable","12":"product-type-simple"},"_links":{"self":[{"href":"https:\/\/rubi.com.py\/index.php\/wp-json\/wp\/v2\/product\/1016","targetHints":{"allow":["GET"]}}],"collection":[{"href":"https:\/\/rubi.com.py\/index.php\/wp-json\/wp\/v2\/product"}],"about":[{"href":"https:\/\/rubi.com.py\/index.php\/wp-json\/wp\/v2\/types\/product"}],"replies":[{"embeddable":true,"href":"https:\/\/rubi.com.py\/index.php\/wp-json\/wp\/v2\/comments?post=1016"}],"wp:featuredmedia":[{"embeddable":true,"href":"https:\/\/rubi.com.py\/index.php\/wp-json\/wp\/v2\/media\/4977"}],"wp:attachment":[{"href":"https:\/\/rubi.com.py\/index.php\/wp-json\/wp\/v2\/media?parent=1016"}],"wp:term":[{"taxonomy":"product_brand","embeddable":true,"href":"https:\/\/rubi.com.py\/index.php\/wp-json\/wp\/v2\/product_brand?post=1016"},{"taxonomy":"product_cat","embeddable":true,"href":"https:\/\/rubi.com.py\/index.php\/wp-json\/wp\/v2\/product_cat?post=1016"},{"taxonomy":"product_tag","embeddable":true,"href":"https:\/\/rubi.com.py\/index.php\/wp-json\/wp\/v2\/product_tag?post=1016"}],"curies":[{"name":"wp","href":"https:\/\/api.w.org\/{rel}","templated":true}]}}