{"id":1023,"date":"2025-10-07T16:57:40","date_gmt":"2025-10-07T14:57:40","guid":{"rendered":"https:\/\/rubi.com.py\/index.php\/producto\/cocina-a-gas-tokyo-dallas-glass-negro-5h-c-e-horno-94-lts-limpia-facil\/"},"modified":"2026-04-22T15:32:09","modified_gmt":"2026-04-22T13:32:09","slug":"cocina-a-gas-tokyo-dallas-glass-negro-5h-c-e-horno-94-lts-limpia-facil","status":"publish","type":"product","link":"https:\/\/rubi.com.py\/index.php\/producto\/cocina-a-gas-tokyo-dallas-glass-negro-5h-c-e-horno-94-lts-limpia-facil\/","title":{"rendered":"COCINA A GAS TOKYO DALLAS GLASS NEGRO 5H C\/E  HORNO 94 LTS LIMPIA FACIL"},"content":{"rendered":"<p>* Parrilla mesa individual 5mm. * Encendido autom\u00e1tico. * Vidrio templado 6mm. * Quemador enlosado. * Horno 94 litros. * Limpia f\u00e1cil. * 5 honallas. Im\u00e1genes meramente ilustrativas. Im\u00e1genes e informaci\u00f3n sujetas a cambios sin previo aviso. Detalles t\u00e9cnicos: \u2022 ANCHO: 50 CM \u2022 ALTO: 83 CM \u2022 LARGO: 57 CM \u2022 PESO: 23500 GR<\/p>\n","protected":false},"excerpt":{"rendered":"<p>* Parrilla mesa individual 5mm. * Encendido autom\u00e1tico. * Vidrio templado 6mm. * Quemador enlosado. * Horno 94 litros. * Limpia f\u00e1cil. * 5 honallas. Im\u00e1genes meramente ilustrativas. Im\u00e1genes e informaci\u00f3n sujetas a cambios sin previo aviso.<\/p>\n","protected":false},"featured_media":4994,"comment_status":"open","ping_status":"closed","template":"","meta":{"_et_pb_use_builder":"","_et_pb_old_content":"","_et_gb_content_width":""},"product_brand":[],"product_cat":[33],"product_tag":[],"class_list":{"0":"post-1023","1":"product","2":"type-product","3":"status-publish","4":"has-post-thumbnail","6":"product_cat-cocina-y-comedor","8":"first","9":"instock","10":"shipping-taxable","11":"purchasable","12":"product-type-simple"},"_links":{"self":[{"href":"https:\/\/rubi.com.py\/index.php\/wp-json\/wp\/v2\/product\/1023","targetHints":{"allow":["GET"]}}],"collection":[{"href":"https:\/\/rubi.com.py\/index.php\/wp-json\/wp\/v2\/product"}],"about":[{"href":"https:\/\/rubi.com.py\/index.php\/wp-json\/wp\/v2\/types\/product"}],"replies":[{"embeddable":true,"href":"https:\/\/rubi.com.py\/index.php\/wp-json\/wp\/v2\/comments?post=1023"}],"wp:featuredmedia":[{"embeddable":true,"href":"https:\/\/rubi.com.py\/index.php\/wp-json\/wp\/v2\/media\/4994"}],"wp:attachment":[{"href":"https:\/\/rubi.com.py\/index.php\/wp-json\/wp\/v2\/media?parent=1023"}],"wp:term":[{"taxonomy":"product_brand","embeddable":true,"href":"https:\/\/rubi.com.py\/index.php\/wp-json\/wp\/v2\/product_brand?post=1023"},{"taxonomy":"product_cat","embeddable":true,"href":"https:\/\/rubi.com.py\/index.php\/wp-json\/wp\/v2\/product_cat?post=1023"},{"taxonomy":"product_tag","embeddable":true,"href":"https:\/\/rubi.com.py\/index.php\/wp-json\/wp\/v2\/product_tag?post=1023"}],"curies":[{"name":"wp","href":"https:\/\/api.w.org\/{rel}","templated":true}]}}