{"id":1029,"date":"2025-10-07T16:59:07","date_gmt":"2025-10-07T14:59:07","guid":{"rendered":"https:\/\/rubi.com.py\/index.php\/producto\/cocina-a-gas-tokyo-bravo-negro-4h-mesa-inox-c-encendido-tapa-de-vidrio-horno-li\/"},"modified":"2026-04-22T15:31:16","modified_gmt":"2026-04-22T13:31:16","slug":"cocina-a-gas-tokyo-bravo-negro-4h-mesa-inox-c-encendido-tapa-de-vidrio-horno-li","status":"publish","type":"product","link":"https:\/\/rubi.com.py\/index.php\/producto\/cocina-a-gas-tokyo-bravo-negro-4h-mesa-inox-c-encendido-tapa-de-vidrio-horno-li\/","title":{"rendered":"COCINA A GAS TOKYO BRAVO NEGRO 4H MESA INOX C\/ENCENDIDO TAPA DE VIDRIO HORNO LI"},"content":{"rendered":"<p>* Con Encendido. * Mesada de acero INOX. * Temperatura m\u00e1xima del horno 270\u00b0C. * Quemadores de aluminio. * Tapa del horno con vidrio doble. * Material del horno limpia f\u00e1cil. * Con tapa superior de vidrio. * 4 hornallas. * Capacidad del horno 50 litros. * A gas. MEDIDAS DEL PRODUCTO. * Ancho 49 cm. * Alto 89 cm. * Profundidad 55 cm. Im\u00e1genes meramente ilustrativas. Im\u00e1genes e informaci\u00f3n sujetas a cambios sin previo aviso. Detalles t\u00e9cnicos: \u2022 ANCHO: 50 CM \u2022 ALTO: 83 CM \u2022 LARGO: 56 CM \u2022 PESO: 19200 GR<\/p>\n","protected":false},"excerpt":{"rendered":"<p>* Con Encendido. * Mesada de acero INOX. * Temperatura m\u00e1xima del horno 270\u00b0C. * Quemadores de aluminio. * Tapa del horno con vidrio doble. * Material del horno limpia f\u00e1cil. * Con tapa superior de vidrio. * 4 hornallas. * Capacidad del horno 50 litros. * A gas. MEDIDAS DEL PRODUCTO. * Ancho 49 cm. * Alto 89 cm. * Profundidad 55 cm. Im\u00e1genes meramente ilustrativas. Im\u00e1genes e informaci\u00f3n sujetas a cambios sin previo aviso.<\/p>\n","protected":false},"featured_media":4991,"comment_status":"open","ping_status":"closed","template":"","meta":{"_et_pb_use_builder":"","_et_pb_old_content":"","_et_gb_content_width":""},"product_brand":[],"product_cat":[33],"product_tag":[],"class_list":{"0":"post-1029","1":"product","2":"type-product","3":"status-publish","4":"has-post-thumbnail","6":"product_cat-cocina-y-comedor","8":"first","9":"instock","10":"shipping-taxable","11":"purchasable","12":"product-type-simple"},"_links":{"self":[{"href":"https:\/\/rubi.com.py\/index.php\/wp-json\/wp\/v2\/product\/1029","targetHints":{"allow":["GET"]}}],"collection":[{"href":"https:\/\/rubi.com.py\/index.php\/wp-json\/wp\/v2\/product"}],"about":[{"href":"https:\/\/rubi.com.py\/index.php\/wp-json\/wp\/v2\/types\/product"}],"replies":[{"embeddable":true,"href":"https:\/\/rubi.com.py\/index.php\/wp-json\/wp\/v2\/comments?post=1029"}],"wp:featuredmedia":[{"embeddable":true,"href":"https:\/\/rubi.com.py\/index.php\/wp-json\/wp\/v2\/media\/4991"}],"wp:attachment":[{"href":"https:\/\/rubi.com.py\/index.php\/wp-json\/wp\/v2\/media?parent=1029"}],"wp:term":[{"taxonomy":"product_brand","embeddable":true,"href":"https:\/\/rubi.com.py\/index.php\/wp-json\/wp\/v2\/product_brand?post=1029"},{"taxonomy":"product_cat","embeddable":true,"href":"https:\/\/rubi.com.py\/index.php\/wp-json\/wp\/v2\/product_cat?post=1029"},{"taxonomy":"product_tag","embeddable":true,"href":"https:\/\/rubi.com.py\/index.php\/wp-json\/wp\/v2\/product_tag?post=1029"}],"curies":[{"name":"wp","href":"https:\/\/api.w.org\/{rel}","templated":true}]}}