{"id":1031,"date":"2025-10-07T16:59:30","date_gmt":"2025-10-07T14:59:30","guid":{"rendered":"https:\/\/rubi.com.py\/index.php\/producto\/cocina-a-gas-tokyo-bravo-glass-negro-4h-c-encendido-horno-50-lts-limpia-facil\/"},"modified":"2026-04-22T15:26:28","modified_gmt":"2026-04-22T13:26:28","slug":"cocina-a-gas-tokyo-bravo-glass-negro-4h-c-encendido-horno-50-lts-limpia-facil","status":"publish","type":"product","link":"https:\/\/rubi.com.py\/index.php\/producto\/cocina-a-gas-tokyo-bravo-glass-negro-4h-c-encendido-horno-50-lts-limpia-facil\/","title":{"rendered":"COCINA A GAS TOKYO BRAVO GLASS NEGRO 4H C\/ENCENDIDO HORNO 50 LTS LIMPIA FACIL"},"content":{"rendered":"<p>* Mesada vitroceramica 6mm. * Hornallas de hierro fundido. * Encendido El\u00e9ctrico. * Capacidad 50 litros. * Horno limpia f\u00e1cil. Im\u00e1genes meramente ilustrativas. Im\u00e1genes e informaci\u00f3n sujetas a cambios sin previo aviso. Detalles t\u00e9cnicos: \u2022 ANCHO: 50 CM \u2022 ALTO: 82 CM \u2022 LARGO: 57 CM \u2022 PESO: 24000 GR<\/p>\n","protected":false},"excerpt":{"rendered":"<p>* Mesada vitroceramica 6mm. * Hornallas de hierro fundido. * Encendido El\u00e9ctrico. * Capacidad 50 litros. * Horno limpia f\u00e1cil. Im\u00e1genes meramente ilustrativas. Im\u00e1genes e informaci\u00f3n sujetas a cambios sin previo aviso.<\/p>\n","protected":false},"featured_media":4989,"comment_status":"open","ping_status":"closed","template":"","meta":{"_et_pb_use_builder":"","_et_pb_old_content":"","_et_gb_content_width":""},"product_brand":[],"product_cat":[33],"product_tag":[],"class_list":{"0":"post-1031","1":"product","2":"type-product","3":"status-publish","4":"has-post-thumbnail","6":"product_cat-cocina-y-comedor","8":"first","9":"instock","10":"shipping-taxable","11":"purchasable","12":"product-type-simple"},"_links":{"self":[{"href":"https:\/\/rubi.com.py\/index.php\/wp-json\/wp\/v2\/product\/1031","targetHints":{"allow":["GET"]}}],"collection":[{"href":"https:\/\/rubi.com.py\/index.php\/wp-json\/wp\/v2\/product"}],"about":[{"href":"https:\/\/rubi.com.py\/index.php\/wp-json\/wp\/v2\/types\/product"}],"replies":[{"embeddable":true,"href":"https:\/\/rubi.com.py\/index.php\/wp-json\/wp\/v2\/comments?post=1031"}],"wp:featuredmedia":[{"embeddable":true,"href":"https:\/\/rubi.com.py\/index.php\/wp-json\/wp\/v2\/media\/4989"}],"wp:attachment":[{"href":"https:\/\/rubi.com.py\/index.php\/wp-json\/wp\/v2\/media?parent=1031"}],"wp:term":[{"taxonomy":"product_brand","embeddable":true,"href":"https:\/\/rubi.com.py\/index.php\/wp-json\/wp\/v2\/product_brand?post=1031"},{"taxonomy":"product_cat","embeddable":true,"href":"https:\/\/rubi.com.py\/index.php\/wp-json\/wp\/v2\/product_cat?post=1031"},{"taxonomy":"product_tag","embeddable":true,"href":"https:\/\/rubi.com.py\/index.php\/wp-json\/wp\/v2\/product_tag?post=1031"}],"curies":[{"name":"wp","href":"https:\/\/api.w.org\/{rel}","templated":true}]}}