{"id":1035,"date":"2025-10-07T17:00:56","date_gmt":"2025-10-07T15:00:56","guid":{"rendered":"https:\/\/rubi.com.py\/index.php\/producto\/choppera-tokyo-beerblast-5l-c-compresor-panel-led\/"},"modified":"2026-04-22T15:25:28","modified_gmt":"2026-04-22T13:25:28","slug":"choppera-tokyo-beerblast-5l-c-compresor-panel-led","status":"publish","type":"product","link":"https:\/\/rubi.com.py\/index.php\/producto\/choppera-tokyo-beerblast-5l-c-compresor-panel-led\/","title":{"rendered":"CHOPPERA TOKYO BEERBLAST 5L C\/COMPRESOR PANEL LED"},"content":{"rendered":"<p>* Pantalla LED con visualizaci\u00f3n de temperatura real de cerveza en el barril. * Sistema de preservaci\u00f3n de fr\u00edo ( aislamiento poliuretano). * Rango de temperatura regulable 2 a 12 \u00b0C (36 a 54 \u00b0F). * Funci\u00f3n uso en Grados celsius (\u00b0C) O Fahrenheit (\u00b0F). * Sistema de Refrigeraci\u00f3n por G\u00e1s y compresor. * Capacidad Barril de 5 litros tipo Heineken. * Control autom\u00e1tico de temperatura. * Funci\u00f3n visualizaci\u00f3n de peso. * Gas ecol\u00f3gico R600a. Im\u00e1genes meramente ilustrativas. Im\u00e1genes e informaci\u00f3n sujetas a cambios sin previo aviso. Detalles t\u00e9cnicos: \u2022 TENSION ELECTRICA: 220-240 VOLTIOS \u2022 FRECUENCIA ELECTRICA: 50 HERTZ \u2022 POTENCIA: 100 Watts \u2022 ANCHO: 33 CM \u2022 ALTO: 48 CM \u2022 LARGO: 52,5 CM \u2022 PESO: 2500 GR<\/p>\n","protected":false},"excerpt":{"rendered":"<p>* Pantalla LED con visualizaci\u00f3n de temperatura real de cerveza en el barril. * Sistema de preservaci\u00f3n de fr\u00edo ( aislamiento poliuretano). * Rango de temperatura regulable 2 a 12 \u00b0C (36 a 54 \u00b0F). * Funci\u00f3n uso en Grados celsius (\u00b0C) O Fahrenheit (\u00b0F). * Sistema de Refrigeraci\u00f3n por G\u00e1s y compresor. * Capacidad Barril de 5 litros tipo Heineken. * Control autom\u00e1tico de temperatura. * Funci\u00f3n visualizaci\u00f3n de peso. * Gas ecol\u00f3gico R600a. Im\u00e1genes meramente ilustrativas. Im\u00e1genes e informaci\u00f3n sujetas a cambios sin previo aviso.<\/p>\n","protected":false},"featured_media":4986,"comment_status":"open","ping_status":"closed","template":"","meta":{"_et_pb_use_builder":"","_et_pb_old_content":"","_et_gb_content_width":""},"product_brand":[],"product_cat":[33],"product_tag":[],"class_list":{"0":"post-1035","1":"product","2":"type-product","3":"status-publish","4":"has-post-thumbnail","6":"product_cat-cocina-y-comedor","8":"first","9":"instock","10":"shipping-taxable","11":"purchasable","12":"product-type-simple"},"_links":{"self":[{"href":"https:\/\/rubi.com.py\/index.php\/wp-json\/wp\/v2\/product\/1035","targetHints":{"allow":["GET"]}}],"collection":[{"href":"https:\/\/rubi.com.py\/index.php\/wp-json\/wp\/v2\/product"}],"about":[{"href":"https:\/\/rubi.com.py\/index.php\/wp-json\/wp\/v2\/types\/product"}],"replies":[{"embeddable":true,"href":"https:\/\/rubi.com.py\/index.php\/wp-json\/wp\/v2\/comments?post=1035"}],"wp:featuredmedia":[{"embeddable":true,"href":"https:\/\/rubi.com.py\/index.php\/wp-json\/wp\/v2\/media\/4986"}],"wp:attachment":[{"href":"https:\/\/rubi.com.py\/index.php\/wp-json\/wp\/v2\/media?parent=1035"}],"wp:term":[{"taxonomy":"product_brand","embeddable":true,"href":"https:\/\/rubi.com.py\/index.php\/wp-json\/wp\/v2\/product_brand?post=1035"},{"taxonomy":"product_cat","embeddable":true,"href":"https:\/\/rubi.com.py\/index.php\/wp-json\/wp\/v2\/product_cat?post=1035"},{"taxonomy":"product_tag","embeddable":true,"href":"https:\/\/rubi.com.py\/index.php\/wp-json\/wp\/v2\/product_tag?post=1035"}],"curies":[{"name":"wp","href":"https:\/\/api.w.org\/{rel}","templated":true}]}}