{"id":1047,"date":"2025-10-07T17:06:23","date_gmt":"2025-10-07T15:06:23","guid":{"rendered":"https:\/\/rubi.com.py\/index.php\/producto\/choppera-memo-1-canilla-mod-barril-a-hielo-30l-x-hora-23kg-hielo\/"},"modified":"2026-04-22T15:34:51","modified_gmt":"2026-04-22T13:34:51","slug":"choppera-memo-1-canilla-mod-barril-a-hielo-30l-x-hora-23kg-hielo","status":"publish","type":"product","link":"https:\/\/rubi.com.py\/index.php\/producto\/choppera-memo-1-canilla-mod-barril-a-hielo-30l-x-hora-23kg-hielo\/","title":{"rendered":"CHOPPERA MEMO 1 CANILLA MOD BARRIL A HIELO 30L X HORA 23KG HIELO"},"content":{"rendered":"<p>* Serpentina 1 v\u00eda 22 metros. * Volumen de hielo 23 litros. * Peso sin hielo 15kg. MEDIDA DEL PRODUCTO. * Alto 52cm. * Ancho 40cm. * Profundidad 50cm. Im\u00e1genes meramente ilustrativas. Im\u00e1genes e informaci\u00f3n sujetas a cambios sin previo aviso. Detalles t\u00e9cnicos: \u2022 ANCHO: 40 CM \u2022 ALTO: 54 CM \u2022 LARGO: 54 CM \u2022 PESO: 52000 GR<\/p>\n","protected":false},"excerpt":{"rendered":"<p>* Serpentina 1 v\u00eda 22 metros. * Volumen de hielo 23 litros. * Peso sin hielo 15kg. MEDIDA DEL PRODUCTO. * Alto 52cm. * Ancho 40cm. * Profundidad 50cm. Im\u00e1genes meramente ilustrativas. Im\u00e1genes e informaci\u00f3n sujetas a cambios sin previo aviso.<\/p>\n","protected":false},"featured_media":5003,"comment_status":"open","ping_status":"closed","template":"","meta":{"_et_pb_use_builder":"","_et_pb_old_content":"","_et_gb_content_width":""},"product_brand":[],"product_cat":[43],"product_tag":[],"class_list":{"0":"post-1047","1":"product","2":"type-product","3":"status-publish","4":"has-post-thumbnail","6":"product_cat-refrigeracion","8":"first","9":"instock","10":"shipping-taxable","11":"purchasable","12":"product-type-simple"},"_links":{"self":[{"href":"https:\/\/rubi.com.py\/index.php\/wp-json\/wp\/v2\/product\/1047","targetHints":{"allow":["GET"]}}],"collection":[{"href":"https:\/\/rubi.com.py\/index.php\/wp-json\/wp\/v2\/product"}],"about":[{"href":"https:\/\/rubi.com.py\/index.php\/wp-json\/wp\/v2\/types\/product"}],"replies":[{"embeddable":true,"href":"https:\/\/rubi.com.py\/index.php\/wp-json\/wp\/v2\/comments?post=1047"}],"wp:featuredmedia":[{"embeddable":true,"href":"https:\/\/rubi.com.py\/index.php\/wp-json\/wp\/v2\/media\/5003"}],"wp:attachment":[{"href":"https:\/\/rubi.com.py\/index.php\/wp-json\/wp\/v2\/media?parent=1047"}],"wp:term":[{"taxonomy":"product_brand","embeddable":true,"href":"https:\/\/rubi.com.py\/index.php\/wp-json\/wp\/v2\/product_brand?post=1047"},{"taxonomy":"product_cat","embeddable":true,"href":"https:\/\/rubi.com.py\/index.php\/wp-json\/wp\/v2\/product_cat?post=1047"},{"taxonomy":"product_tag","embeddable":true,"href":"https:\/\/rubi.com.py\/index.php\/wp-json\/wp\/v2\/product_tag?post=1047"}],"curies":[{"name":"wp","href":"https:\/\/api.w.org\/{rel}","templated":true}]}}