{"id":1060,"date":"2025-10-07T18:08:33","date_gmt":"2025-10-07T16:08:33","guid":{"rendered":"https:\/\/rubi.com.py\/index.php\/producto\/woo_usar_integracion-3\/"},"modified":"2026-04-23T01:30:55","modified_gmt":"2026-04-22T23:30:55","slug":"woo_usar_integracion-3","status":"publish","type":"product","link":"https:\/\/rubi.com.py\/index.php\/producto\/woo_usar_integracion-3\/","title":{"rendered":"AA COMPACTO TOKYO MOD TRCT360CWN1 360000BTU 380-415V 3N 50HZ CON FILTRO Y PORTA"},"content":{"rendered":"<p>* Capacidad 360.000 BTU. * Modo fr\u00edo solo. * Gas ecol\u00f3gico R410A. * Peso 910 kg. Detalles t\u00e9cnicos: \u2022 TENSION ELECTRICA: 380-415 VOLTIOS \u2022 FRECUENCIA ELECTRICA: 50 HERTZ \u2022 CAPACIDAD: 360.000 BTU \u2022 ANCHO: 233 CM \u2022 ALTO: 125,7 CM \u2022 LARGO: 223 CM \u2022 PESO: 940000 GR<\/p>\n","protected":false},"excerpt":{"rendered":"<p>* Capacidad 360.000 BTU. * Modo fr\u00edo solo. * Gas ecol\u00f3gico R410A. * Peso 910 kg.<\/p>\n","protected":false},"featured_media":5169,"comment_status":"open","ping_status":"closed","template":"","meta":{"_et_pb_use_builder":"","_et_pb_old_content":"","_et_gb_content_width":""},"product_brand":[],"product_cat":[32],"product_tag":[],"class_list":{"0":"post-1060","1":"product","2":"type-product","3":"status-publish","4":"has-post-thumbnail","6":"product_cat-climatizacion","8":"first","9":"instock","10":"shipping-taxable","11":"purchasable","12":"product-type-simple"},"_links":{"self":[{"href":"https:\/\/rubi.com.py\/index.php\/wp-json\/wp\/v2\/product\/1060","targetHints":{"allow":["GET"]}}],"collection":[{"href":"https:\/\/rubi.com.py\/index.php\/wp-json\/wp\/v2\/product"}],"about":[{"href":"https:\/\/rubi.com.py\/index.php\/wp-json\/wp\/v2\/types\/product"}],"replies":[{"embeddable":true,"href":"https:\/\/rubi.com.py\/index.php\/wp-json\/wp\/v2\/comments?post=1060"}],"wp:featuredmedia":[{"embeddable":true,"href":"https:\/\/rubi.com.py\/index.php\/wp-json\/wp\/v2\/media\/5169"}],"wp:attachment":[{"href":"https:\/\/rubi.com.py\/index.php\/wp-json\/wp\/v2\/media?parent=1060"}],"wp:term":[{"taxonomy":"product_brand","embeddable":true,"href":"https:\/\/rubi.com.py\/index.php\/wp-json\/wp\/v2\/product_brand?post=1060"},{"taxonomy":"product_cat","embeddable":true,"href":"https:\/\/rubi.com.py\/index.php\/wp-json\/wp\/v2\/product_cat?post=1060"},{"taxonomy":"product_tag","embeddable":true,"href":"https:\/\/rubi.com.py\/index.php\/wp-json\/wp\/v2\/product_tag?post=1060"}],"curies":[{"name":"wp","href":"https:\/\/api.w.org\/{rel}","templated":true}]}}