{"id":1066,"date":"2025-10-07T18:10:01","date_gmt":"2025-10-07T16:10:01","guid":{"rendered":"https:\/\/rubi.com.py\/index.php\/producto\/aa-ventana-tokyo-12000-btu-c-control-remoto\/"},"modified":"2026-04-23T01:31:47","modified_gmt":"2026-04-22T23:31:47","slug":"aa-ventana-tokyo-12000-btu-c-control-remoto","status":"publish","type":"product","link":"https:\/\/rubi.com.py\/index.php\/producto\/aa-ventana-tokyo-12000-btu-c-control-remoto\/","title":{"rendered":"AA VENTANA TOKYO 12000 BTU C\/ CONTROL REMOTO"},"content":{"rendered":"<p>* Nivel de ru\u00eddo externo en Db. (A) 59,4. * Capacidad 12000 BTU. * 220-240 V 50 Hz. * Temporizador. * G\u00e1s R410. * Fr\u00edo. MEDIDAS DEL PRODUCTO. * Ancho 60 cm. * Alto 38 cm. * Profundidad 56 cm. Im\u00e1genes meramente ilustrativas. Im\u00e1genes e informaci\u00f3n sujetas a cambios sin previo aviso. Detalles t\u00e9cnicos: \u2022 ANCHO: 59 CM \u2022 ALTO: 42 CM \u2022 LARGO: 50 CM \u2022 PESO: 32000 GR<\/p>\n","protected":false},"excerpt":{"rendered":"<p>* Nivel de ru\u00eddo externo en Db. (A) 59,4. * Capacidad 12000 BTU. * 220-240 V 50 Hz. * Temporizador. * G\u00e1s R410. * Fr\u00edo. MEDIDAS DEL PRODUCTO. * Ancho 60 cm. * Alto 38 cm. * Profundidad 56 cm. Im\u00e1genes meramente ilustrativas. Im\u00e1genes e informaci\u00f3n sujetas a cambios sin previo aviso.<\/p>\n","protected":false},"featured_media":5172,"comment_status":"open","ping_status":"closed","template":"","meta":{"_et_pb_use_builder":"","_et_pb_old_content":"","_et_gb_content_width":""},"product_brand":[],"product_cat":[32],"product_tag":[],"class_list":{"0":"post-1066","1":"product","2":"type-product","3":"status-publish","4":"has-post-thumbnail","6":"product_cat-climatizacion","8":"first","9":"instock","10":"shipping-taxable","11":"purchasable","12":"product-type-simple"},"_links":{"self":[{"href":"https:\/\/rubi.com.py\/index.php\/wp-json\/wp\/v2\/product\/1066","targetHints":{"allow":["GET"]}}],"collection":[{"href":"https:\/\/rubi.com.py\/index.php\/wp-json\/wp\/v2\/product"}],"about":[{"href":"https:\/\/rubi.com.py\/index.php\/wp-json\/wp\/v2\/types\/product"}],"replies":[{"embeddable":true,"href":"https:\/\/rubi.com.py\/index.php\/wp-json\/wp\/v2\/comments?post=1066"}],"wp:featuredmedia":[{"embeddable":true,"href":"https:\/\/rubi.com.py\/index.php\/wp-json\/wp\/v2\/media\/5172"}],"wp:attachment":[{"href":"https:\/\/rubi.com.py\/index.php\/wp-json\/wp\/v2\/media?parent=1066"}],"wp:term":[{"taxonomy":"product_brand","embeddable":true,"href":"https:\/\/rubi.com.py\/index.php\/wp-json\/wp\/v2\/product_brand?post=1066"},{"taxonomy":"product_cat","embeddable":true,"href":"https:\/\/rubi.com.py\/index.php\/wp-json\/wp\/v2\/product_cat?post=1066"},{"taxonomy":"product_tag","embeddable":true,"href":"https:\/\/rubi.com.py\/index.php\/wp-json\/wp\/v2\/product_tag?post=1066"}],"curies":[{"name":"wp","href":"https:\/\/api.w.org\/{rel}","templated":true}]}}