{"id":1070,"date":"2025-10-07T18:10:44","date_gmt":"2025-10-07T16:10:44","guid":{"rendered":"https:\/\/rubi.com.py\/index.php\/producto\/abatidor-infricool-10b-gn1-1-mod-iabt101l\/"},"modified":"2026-04-23T01:33:18","modified_gmt":"2026-04-22T23:33:18","slug":"abatidor-infricool-10b-gn1-1-mod-iabt101l","status":"publish","type":"product","link":"https:\/\/rubi.com.py\/index.php\/producto\/abatidor-infricool-10b-gn1-1-mod-iabt101l\/","title":{"rendered":"ABATIDOR  INFRICOOL 10B  GN1\/1 MOD IABT101L"},"content":{"rendered":"<p>* Rango de temperatura 3 \u00baC a -35 \u00baC. * Capacidad 485 litros. * Medidas exteriores LxFxA 837 x 870 x 1.760 mm. * Sistema de condensaci\u00f3n Forzada. * Tensi\u00f3nfasesfrecuencia 230V 2 50Hz. * Potencia frigor\u00edfica 4299 W. * Potencia 3498 W. * Peso neto 204 kg. * Mejora de la clasi?caci\u00f3n energ\u00e9tica, debido al uso del refrigerante R-290 y de la circulaci\u00f3n optimizada del aire para una mejor uniformidad de temperatura en el interior. * Mayor precisi\u00f3n en el control de la temperatura. * Puertas dotadas con bisagras para un retorno autom\u00e1tico y presi\u00f3n permanente durante el cierre. IMAGEN ILUSTRATIVA. Detalles t\u00e9cnicos: \u2022 ANCHO: 95 CM \u2022 ALTO: 189 CM \u2022 LARGO: 95 CM \u2022 PESO: 240000 GR<\/p>\n","protected":false},"excerpt":{"rendered":"<p>* Rango de temperatura 3 \u00baC a -35 \u00baC. * Capacidad 485 litros. * Medidas exteriores LxFxA 837 x 870 x 1.760 mm. * Sistema de condensaci\u00f3n Forzada. * Tensi\u00f3nfasesfrecuencia 230V 2 50Hz. * Potencia frigor\u00edfica 4299 W. * Potencia 3498 W. * Peso neto 204 kg. * Mejora de la clasi?caci\u00f3n energ\u00e9tica, debido al uso del refrigerante R-290 y de la circulaci\u00f3n optimizada del aire para una mejor uniformidad de temperatura en el interior. * Mayor precisi\u00f3n en el control de la temperatura. * Puertas dotadas con bisagras para un retorno autom\u00e1tico y presi\u00f3n permanente durante el cierre. IMAGEN ILUSTRATIVA.<\/p>\n","protected":false},"featured_media":5174,"comment_status":"open","ping_status":"closed","template":"","meta":{"_et_pb_use_builder":"","_et_pb_old_content":"","_et_gb_content_width":""},"product_brand":[],"product_cat":[43],"product_tag":[],"class_list":{"0":"post-1070","1":"product","2":"type-product","3":"status-publish","4":"has-post-thumbnail","6":"product_cat-refrigeracion","8":"first","9":"instock","10":"shipping-taxable","11":"purchasable","12":"product-type-simple"},"_links":{"self":[{"href":"https:\/\/rubi.com.py\/index.php\/wp-json\/wp\/v2\/product\/1070","targetHints":{"allow":["GET"]}}],"collection":[{"href":"https:\/\/rubi.com.py\/index.php\/wp-json\/wp\/v2\/product"}],"about":[{"href":"https:\/\/rubi.com.py\/index.php\/wp-json\/wp\/v2\/types\/product"}],"replies":[{"embeddable":true,"href":"https:\/\/rubi.com.py\/index.php\/wp-json\/wp\/v2\/comments?post=1070"}],"wp:featuredmedia":[{"embeddable":true,"href":"https:\/\/rubi.com.py\/index.php\/wp-json\/wp\/v2\/media\/5174"}],"wp:attachment":[{"href":"https:\/\/rubi.com.py\/index.php\/wp-json\/wp\/v2\/media?parent=1070"}],"wp:term":[{"taxonomy":"product_brand","embeddable":true,"href":"https:\/\/rubi.com.py\/index.php\/wp-json\/wp\/v2\/product_brand?post=1070"},{"taxonomy":"product_cat","embeddable":true,"href":"https:\/\/rubi.com.py\/index.php\/wp-json\/wp\/v2\/product_cat?post=1070"},{"taxonomy":"product_tag","embeddable":true,"href":"https:\/\/rubi.com.py\/index.php\/wp-json\/wp\/v2\/product_tag?post=1070"}],"curies":[{"name":"wp","href":"https:\/\/api.w.org\/{rel}","templated":true}]}}