{"id":1075,"date":"2025-10-07T18:12:24","date_gmt":"2025-10-07T16:12:24","guid":{"rendered":"https:\/\/rubi.com.py\/index.php\/producto\/abatidor-infrico-7b-gn-1-1-larga-mod-abt71l\/"},"modified":"2026-04-23T01:07:56","modified_gmt":"2026-04-22T23:07:56","slug":"abatidor-infrico-7b-gn-1-1-larga-mod-abt71l","status":"publish","type":"product","link":"https:\/\/rubi.com.py\/index.php\/producto\/abatidor-infrico-7b-gn-1-1-larga-mod-abt71l\/","title":{"rendered":"ABATIDOR INFRICO 7B GN 1\/1  LARGA MOD ABT71L."},"content":{"rendered":"<p>* Rango de temperatura 3 \u00baC a -35 \u00baC. * Rendimiento en abatimientocongelaci\u00f3n 30 kg 18 kg (Probado seg\u00fan norma EN17032). * Capacidad 160 litros. * Medidas exteriores LxFxA 837 x 870 x 1.137 mm. * Sistema de condensaci\u00f3n Forzada. * Tensi\u00f3nfasesfrecuencia 230V 2 50Hz. * Potencia frigor\u00edfica 2609 W. * Potencia 2409 W. * Peso neto 153 kg. * Acero Inoxidable AISI 304. * Compatible con cualquier horno. * El nuevo controlador de f\u00e1cil manejo tiene una mayor precisi\u00f3n en el control de la temperatura. * Mayor facilidad para el ajuste del intervalo de temperaturas que deseamos conseguir. * Todos los circuitos son comprobados al 100%, en c\u00e1mara de Helio para la detecci\u00f3n de la fuga de gas. IMAGEN ILUSTRATIVA. Detalles t\u00e9cnicos: \u2022 ANCHO: 96 CM \u2022 ALTO: 139 CM \u2022 LARGO: 94 CM \u2022 PESO: 180000 GR<\/p>\n","protected":false},"excerpt":{"rendered":"<p>* Rango de temperatura 3 \u00baC a -35 \u00baC. * Rendimiento en abatimientocongelaci\u00f3n 30 kg 18 kg (Probado seg\u00fan norma EN17032). * Capacidad 160 litros. * Medidas exteriores LxFxA 837 x 870 x 1.137 mm. * Sistema de condensaci\u00f3n Forzada. * Tensi\u00f3nfasesfrecuencia 230V 2 50Hz. * Potencia frigor\u00edfica 2609 W. * Potencia 2409 W. * Peso neto 153 kg. * Acero Inoxidable AISI 304. * Compatible con cualquier horno. * El nuevo controlador de f\u00e1cil manejo tiene una mayor precisi\u00f3n en el control de la temperatura. * Mayor facilidad para el ajuste del intervalo de temperaturas que deseamos conseguir. * Todos los circuitos son comprobados al 100%, en c\u00e1mara de Helio para la detecci\u00f3n de la fuga de gas. IMAGEN ILUSTRATIVA.<\/p>\n","protected":false},"featured_media":5155,"comment_status":"open","ping_status":"closed","template":"","meta":{"_et_pb_use_builder":"","_et_pb_old_content":"","_et_gb_content_width":""},"product_brand":[],"product_cat":[43],"product_tag":[],"class_list":{"0":"post-1075","1":"product","2":"type-product","3":"status-publish","4":"has-post-thumbnail","6":"product_cat-refrigeracion","8":"first","9":"instock","10":"shipping-taxable","11":"purchasable","12":"product-type-simple"},"_links":{"self":[{"href":"https:\/\/rubi.com.py\/index.php\/wp-json\/wp\/v2\/product\/1075","targetHints":{"allow":["GET"]}}],"collection":[{"href":"https:\/\/rubi.com.py\/index.php\/wp-json\/wp\/v2\/product"}],"about":[{"href":"https:\/\/rubi.com.py\/index.php\/wp-json\/wp\/v2\/types\/product"}],"replies":[{"embeddable":true,"href":"https:\/\/rubi.com.py\/index.php\/wp-json\/wp\/v2\/comments?post=1075"}],"wp:featuredmedia":[{"embeddable":true,"href":"https:\/\/rubi.com.py\/index.php\/wp-json\/wp\/v2\/media\/5155"}],"wp:attachment":[{"href":"https:\/\/rubi.com.py\/index.php\/wp-json\/wp\/v2\/media?parent=1075"}],"wp:term":[{"taxonomy":"product_brand","embeddable":true,"href":"https:\/\/rubi.com.py\/index.php\/wp-json\/wp\/v2\/product_brand?post=1075"},{"taxonomy":"product_cat","embeddable":true,"href":"https:\/\/rubi.com.py\/index.php\/wp-json\/wp\/v2\/product_cat?post=1075"},{"taxonomy":"product_tag","embeddable":true,"href":"https:\/\/rubi.com.py\/index.php\/wp-json\/wp\/v2\/product_tag?post=1075"}],"curies":[{"name":"wp","href":"https:\/\/api.w.org\/{rel}","templated":true}]}}