{"id":1077,"date":"2025-10-07T18:12:46","date_gmt":"2025-10-07T16:12:46","guid":{"rendered":"https:\/\/rubi.com.py\/index.php\/producto\/abatidor-infricool-5b-gn1-1-mod-iabt51l\/"},"modified":"2026-04-23T01:08:13","modified_gmt":"2026-04-22T23:08:13","slug":"abatidor-infricool-5b-gn1-1-mod-iabt51l","status":"publish","type":"product","link":"https:\/\/rubi.com.py\/index.php\/producto\/abatidor-infricool-5b-gn1-1-mod-iabt51l\/","title":{"rendered":"ABATIDOR INFRICOOL 5B GN1\/1 MOD IABT51L"},"content":{"rendered":"<p>* Mejora de la clasificaci\u00f3n energ\u00e9tica, debido al uso del refrigerante R-290 y de la circulaci\u00f3n optimizada del aire para una mejor uniformidad de temperatura en el interior. * Mayor precisi\u00f3n en el control de la temperatura. * Puertas dotadas con bisagras para un retorno autom\u00e1tico y presi\u00f3n permanente durante el cierre. * Rango de temperatura 3 \u00baC a -35 \u00baC. * Capacidad 125 litros. * Medidas exteriores LxFxA 837 x 870 x 925 mm. * Sistema de condensaci\u00f3n Forzada. * Tensi\u00f3n &#8211; fases &#8211; frecuencia 230V &#8211; 2 &#8211; 50Hz. * Potencia frigor\u00edfica 1805 W. * Potencia 1205 W. * Peso neto 139 kg. Im\u00e1genes meramente ilustrativas. Im\u00e1genes e informaci\u00f3n sujetas a cambios sin previo aviso. Detalles t\u00e9cnicos: \u2022 ANCHO: 93 CM \u2022 ALTO: 123 CM \u2022 LARGO: 93 CM \u2022 PESO: 153000 GR<\/p>\n","protected":false},"excerpt":{"rendered":"<p>* Mejora de la clasificaci\u00f3n energ\u00e9tica, debido al uso del refrigerante R-290 y de la circulaci\u00f3n optimizada del aire para una mejor uniformidad de temperatura en el interior. * Mayor precisi\u00f3n en el control de la temperatura. * Puertas dotadas con bisagras para un retorno autom\u00e1tico y presi\u00f3n permanente durante el cierre. * Rango de temperatura 3 \u00baC a -35 \u00baC. * Capacidad 125 litros. * Medidas exteriores LxFxA 837 x 870 x 925 mm. * Sistema de condensaci\u00f3n Forzada. * Tensi\u00f3n &#8211; fases &#8211; frecuencia 230V &#8211; 2 &#8211; 50Hz. * Potencia frigor\u00edfica 1805 W. * Potencia 1205 W. * Peso neto 139 kg. Im\u00e1genes meramente ilustrativas. Im\u00e1genes e informaci\u00f3n sujetas a cambios sin previo aviso.<\/p>\n","protected":false},"featured_media":5156,"comment_status":"open","ping_status":"closed","template":"","meta":{"_et_pb_use_builder":"","_et_pb_old_content":"","_et_gb_content_width":""},"product_brand":[],"product_cat":[43],"product_tag":[],"class_list":{"0":"post-1077","1":"product","2":"type-product","3":"status-publish","4":"has-post-thumbnail","6":"product_cat-refrigeracion","8":"first","9":"instock","10":"shipping-taxable","11":"purchasable","12":"product-type-simple"},"_links":{"self":[{"href":"https:\/\/rubi.com.py\/index.php\/wp-json\/wp\/v2\/product\/1077","targetHints":{"allow":["GET"]}}],"collection":[{"href":"https:\/\/rubi.com.py\/index.php\/wp-json\/wp\/v2\/product"}],"about":[{"href":"https:\/\/rubi.com.py\/index.php\/wp-json\/wp\/v2\/types\/product"}],"replies":[{"embeddable":true,"href":"https:\/\/rubi.com.py\/index.php\/wp-json\/wp\/v2\/comments?post=1077"}],"wp:featuredmedia":[{"embeddable":true,"href":"https:\/\/rubi.com.py\/index.php\/wp-json\/wp\/v2\/media\/5156"}],"wp:attachment":[{"href":"https:\/\/rubi.com.py\/index.php\/wp-json\/wp\/v2\/media?parent=1077"}],"wp:term":[{"taxonomy":"product_brand","embeddable":true,"href":"https:\/\/rubi.com.py\/index.php\/wp-json\/wp\/v2\/product_brand?post=1077"},{"taxonomy":"product_cat","embeddable":true,"href":"https:\/\/rubi.com.py\/index.php\/wp-json\/wp\/v2\/product_cat?post=1077"},{"taxonomy":"product_tag","embeddable":true,"href":"https:\/\/rubi.com.py\/index.php\/wp-json\/wp\/v2\/product_tag?post=1077"}],"curies":[{"name":"wp","href":"https:\/\/api.w.org\/{rel}","templated":true}]}}