{"id":1079,"date":"2025-10-07T18:13:04","date_gmt":"2025-10-07T16:13:04","guid":{"rendered":"https:\/\/rubi.com.py\/index.php\/producto\/abdominalera-evolution-total-crunch-ab50\/"},"modified":"2026-04-23T01:08:32","modified_gmt":"2026-04-22T23:08:32","slug":"abdominalera-evolution-total-crunch-ab50","status":"publish","type":"product","link":"https:\/\/rubi.com.py\/index.php\/producto\/abdominalera-evolution-total-crunch-ab50\/","title":{"rendered":"ABDOMINALERA EVOLUTION TOTAL CRUNCH AB50"},"content":{"rendered":"<p>* Trabaja sobre los principales grupos de m\u00fasculos. * Ayuda a marcar los abdominales. * Fortalece las piernas y gl\u00fateos. * Permite quemar calor\u00edas. * Ayuda a bajar de peso. * Moldea la figura. Im\u00e1genes meramente ilustrativas. Im\u00e1genes e informaci\u00f3n sujetas a cambios sin previo aviso. Detalles t\u00e9cnicos: \u2022 CAPACIDAD: 100 kilogramo \u2022 ANCHO: 31 CM \u2022 ALTO: 15 CM \u2022 LARGO: 110 CM \u2022 PESO: 11500 GR<\/p>\n","protected":false},"excerpt":{"rendered":"<p>* Trabaja sobre los principales grupos de m\u00fasculos. * Ayuda a marcar los abdominales. * Fortalece las piernas y gl\u00fateos. * Permite quemar calor\u00edas. * Ayuda a bajar de peso. * Moldea la figura. Im\u00e1genes meramente ilustrativas. Im\u00e1genes e informaci\u00f3n sujetas a cambios sin previo aviso.<\/p>\n","protected":false},"featured_media":5157,"comment_status":"open","ping_status":"closed","template":"","meta":{"_et_pb_use_builder":"","_et_pb_old_content":"","_et_gb_content_width":""},"product_brand":[],"product_cat":[35],"product_tag":[],"class_list":{"0":"post-1079","1":"product","2":"type-product","3":"status-publish","4":"has-post-thumbnail","6":"product_cat-equipos-de-gimnasia","8":"first","9":"instock","10":"shipping-taxable","11":"purchasable","12":"product-type-simple"},"_links":{"self":[{"href":"https:\/\/rubi.com.py\/index.php\/wp-json\/wp\/v2\/product\/1079","targetHints":{"allow":["GET"]}}],"collection":[{"href":"https:\/\/rubi.com.py\/index.php\/wp-json\/wp\/v2\/product"}],"about":[{"href":"https:\/\/rubi.com.py\/index.php\/wp-json\/wp\/v2\/types\/product"}],"replies":[{"embeddable":true,"href":"https:\/\/rubi.com.py\/index.php\/wp-json\/wp\/v2\/comments?post=1079"}],"wp:featuredmedia":[{"embeddable":true,"href":"https:\/\/rubi.com.py\/index.php\/wp-json\/wp\/v2\/media\/5157"}],"wp:attachment":[{"href":"https:\/\/rubi.com.py\/index.php\/wp-json\/wp\/v2\/media?parent=1079"}],"wp:term":[{"taxonomy":"product_brand","embeddable":true,"href":"https:\/\/rubi.com.py\/index.php\/wp-json\/wp\/v2\/product_brand?post=1079"},{"taxonomy":"product_cat","embeddable":true,"href":"https:\/\/rubi.com.py\/index.php\/wp-json\/wp\/v2\/product_cat?post=1079"},{"taxonomy":"product_tag","embeddable":true,"href":"https:\/\/rubi.com.py\/index.php\/wp-json\/wp\/v2\/product_tag?post=1079"}],"curies":[{"name":"wp","href":"https:\/\/api.w.org\/{rel}","templated":true}]}}