{"id":1087,"date":"2025-10-07T18:14:58","date_gmt":"2025-10-07T16:14:58","guid":{"rendered":"https:\/\/rubi.com.py\/index.php\/producto\/accesorio-kitchenaid-kpexta-gourmet-press-6pzas\/"},"modified":"2026-04-23T01:11:49","modified_gmt":"2026-04-22T23:11:49","slug":"accesorio-kitchenaid-kpexta-gourmet-press-6pzas","status":"publish","type":"product","link":"https:\/\/rubi.com.py\/index.php\/producto\/accesorio-kitchenaid-kpexta-gourmet-press-6pzas\/","title":{"rendered":"ACCESORIO KITCHENAID KPEXTA GOURMET PRESS 6PZAS"},"content":{"rendered":"<p>Prensa para pasta con seis discos intercambiables, para crear frescas hebras de espagueti o bucatini, as\u00ed como pastas cortas como rigatoni, fusilli, macarrones grandes o peque\u00f1os.Compatible con batidoras Kitchenaid Detalles t\u00e9cnicos: \u2022 ANCHO: 24 CM \u2022 ALTO: 13,5 CM \u2022 LARGO: 35 CM \u2022 PESO: 1248 GR<\/p>\n","protected":false},"excerpt":{"rendered":"<p>Prensa para pasta con seis discos intercambiables, para crear frescas hebras de espagueti o bucatini, as\u00ed como pastas cortas como rigatoni, fusilli, macarrones grandes o peque\u00f1os.Compatible con batidoras Kitchenaid<\/p>\n","protected":false},"featured_media":5164,"comment_status":"open","ping_status":"closed","template":"","meta":{"_et_pb_use_builder":"","_et_pb_old_content":"","_et_gb_content_width":""},"product_brand":[],"product_cat":[33],"product_tag":[],"class_list":{"0":"post-1087","1":"product","2":"type-product","3":"status-publish","4":"has-post-thumbnail","6":"product_cat-cocina-y-comedor","8":"first","9":"instock","10":"shipping-taxable","11":"purchasable","12":"product-type-simple"},"_links":{"self":[{"href":"https:\/\/rubi.com.py\/index.php\/wp-json\/wp\/v2\/product\/1087","targetHints":{"allow":["GET"]}}],"collection":[{"href":"https:\/\/rubi.com.py\/index.php\/wp-json\/wp\/v2\/product"}],"about":[{"href":"https:\/\/rubi.com.py\/index.php\/wp-json\/wp\/v2\/types\/product"}],"replies":[{"embeddable":true,"href":"https:\/\/rubi.com.py\/index.php\/wp-json\/wp\/v2\/comments?post=1087"}],"wp:featuredmedia":[{"embeddable":true,"href":"https:\/\/rubi.com.py\/index.php\/wp-json\/wp\/v2\/media\/5164"}],"wp:attachment":[{"href":"https:\/\/rubi.com.py\/index.php\/wp-json\/wp\/v2\/media?parent=1087"}],"wp:term":[{"taxonomy":"product_brand","embeddable":true,"href":"https:\/\/rubi.com.py\/index.php\/wp-json\/wp\/v2\/product_brand?post=1087"},{"taxonomy":"product_cat","embeddable":true,"href":"https:\/\/rubi.com.py\/index.php\/wp-json\/wp\/v2\/product_cat?post=1087"},{"taxonomy":"product_tag","embeddable":true,"href":"https:\/\/rubi.com.py\/index.php\/wp-json\/wp\/v2\/product_tag?post=1087"}],"curies":[{"name":"wp","href":"https:\/\/api.w.org\/{rel}","templated":true}]}}