{"id":1091,"date":"2025-10-07T18:15:42","date_gmt":"2025-10-07T16:15:42","guid":{"rendered":"https:\/\/rubi.com.py\/index.php\/producto\/accesorio-kitchenaid-molino-de-frutas-y-verduras-mod-5fvsp\/"},"modified":"2026-04-23T01:29:45","modified_gmt":"2026-04-22T23:29:45","slug":"accesorio-kitchenaid-molino-de-frutas-y-verduras-mod-5fvsp","status":"publish","type":"product","link":"https:\/\/rubi.com.py\/index.php\/producto\/accesorio-kitchenaid-molino-de-frutas-y-verduras-mod-5fvsp\/","title":{"rendered":"ACCESORIO KITCHENAID MOLINO DE FRUTAS Y VERDURAS MOD 5FVSP"},"content":{"rendered":"<p>* Ideal para la preparaci\u00f3n de mermeladas, pur\u00e9s, salsas y comidas para beb\u00e9s. * Accesorio extractor de jugos para batidoras Kitchenaid. * Ideal para hacer pur\u00e9 frutas blandas y-o cocinadas. * Permite separar piel, tallos y pepitas. Im\u00e1genes meramente ilustrativas. Im\u00e1genes e informaci\u00f3n sujetas a cambios sin previo aviso. Detalles t\u00e9cnicos: \u2022 ANCHO: 10,5 CM \u2022 ALTO: 19 CM \u2022 LARGO: 22 CM \u2022 PESO: 1 GR<\/p>\n","protected":false},"excerpt":{"rendered":"<p>* Ideal para la preparaci\u00f3n de mermeladas, pur\u00e9s, salsas y comidas para beb\u00e9s. * Accesorio extractor de jugos para batidoras Kitchenaid. * Ideal para hacer pur\u00e9 frutas blandas y-o cocinadas. * Permite separar piel, tallos y pepitas. Im\u00e1genes meramente ilustrativas. Im\u00e1genes e informaci\u00f3n sujetas a cambios sin previo aviso.<\/p>\n","protected":false},"featured_media":5166,"comment_status":"open","ping_status":"closed","template":"","meta":{"_et_pb_use_builder":"","_et_pb_old_content":"","_et_gb_content_width":""},"product_brand":[],"product_cat":[33],"product_tag":[],"class_list":{"0":"post-1091","1":"product","2":"type-product","3":"status-publish","4":"has-post-thumbnail","6":"product_cat-cocina-y-comedor","8":"first","9":"instock","10":"shipping-taxable","11":"purchasable","12":"product-type-simple"},"_links":{"self":[{"href":"https:\/\/rubi.com.py\/index.php\/wp-json\/wp\/v2\/product\/1091","targetHints":{"allow":["GET"]}}],"collection":[{"href":"https:\/\/rubi.com.py\/index.php\/wp-json\/wp\/v2\/product"}],"about":[{"href":"https:\/\/rubi.com.py\/index.php\/wp-json\/wp\/v2\/types\/product"}],"replies":[{"embeddable":true,"href":"https:\/\/rubi.com.py\/index.php\/wp-json\/wp\/v2\/comments?post=1091"}],"wp:featuredmedia":[{"embeddable":true,"href":"https:\/\/rubi.com.py\/index.php\/wp-json\/wp\/v2\/media\/5166"}],"wp:attachment":[{"href":"https:\/\/rubi.com.py\/index.php\/wp-json\/wp\/v2\/media?parent=1091"}],"wp:term":[{"taxonomy":"product_brand","embeddable":true,"href":"https:\/\/rubi.com.py\/index.php\/wp-json\/wp\/v2\/product_brand?post=1091"},{"taxonomy":"product_cat","embeddable":true,"href":"https:\/\/rubi.com.py\/index.php\/wp-json\/wp\/v2\/product_cat?post=1091"},{"taxonomy":"product_tag","embeddable":true,"href":"https:\/\/rubi.com.py\/index.php\/wp-json\/wp\/v2\/product_tag?post=1091"}],"curies":[{"name":"wp","href":"https:\/\/api.w.org\/{rel}","templated":true}]}}