{"id":1093,"date":"2025-10-07T18:16:21","date_gmt":"2025-10-07T16:16:21","guid":{"rendered":"https:\/\/rubi.com.py\/index.php\/producto\/acond-de-aire-portatil-tokyo-xperience-12000-btu-c-control\/"},"modified":"2026-04-23T01:01:26","modified_gmt":"2026-04-22T23:01:26","slug":"acond-de-aire-portatil-tokyo-xperience-12000-btu-c-control","status":"publish","type":"product","link":"https:\/\/rubi.com.py\/index.php\/producto\/acond-de-aire-portatil-tokyo-xperience-12000-btu-c-control\/","title":{"rendered":"ACOND. DE AIRE PORTATIL TOKYO XPERIENCE 12000 BTU C\/ CONTROL"},"content":{"rendered":"<p>* Salida de aire superior con giro autom\u00e1tico. * Control de temperatura regulable 17-35 \u00b0C. * Capacidad 12000 BTU. * Filtro de aire posterior. * 220-240V,1Ph,50Hz. * Temporizador. * Fr\u00edo-calor. * G\u00e1s R410. MEDIDAS DEL PRODUCTO. * Ancho 45,4 cm. * Alto 70 cm. * Profundidad 36,5 cm. Im\u00e1genes meramente ilustrativas. Im\u00e1genes e informaci\u00f3n sujetas a cambios sin previo aviso. Detalles t\u00e9cnicos: \u2022 ANCHO: 49 CM \u2022 ALTO: 87 CM \u2022 LARGO: 40,5 CM \u2022 PESO: 34500 GR<\/p>\n","protected":false},"excerpt":{"rendered":"<p>* Salida de aire superior con giro autom\u00e1tico. * Control de temperatura regulable 17-35 \u00b0C. * Capacidad 12000 BTU. * Filtro de aire posterior. * 220-240V,1Ph,50Hz. * Temporizador. * Fr\u00edo-calor. * G\u00e1s R410. MEDIDAS DEL PRODUCTO. * Ancho 45,4 cm. * Alto 70 cm. * Profundidad 36,5 cm. Im\u00e1genes meramente ilustrativas. Im\u00e1genes e informaci\u00f3n sujetas a cambios sin previo aviso.<\/p>\n","protected":false},"featured_media":5146,"comment_status":"open","ping_status":"closed","template":"","meta":{"_et_pb_use_builder":"","_et_pb_old_content":"","_et_gb_content_width":""},"product_brand":[],"product_cat":[32],"product_tag":[],"class_list":{"0":"post-1093","1":"product","2":"type-product","3":"status-publish","4":"has-post-thumbnail","6":"product_cat-climatizacion","8":"first","9":"instock","10":"shipping-taxable","11":"purchasable","12":"product-type-simple"},"_links":{"self":[{"href":"https:\/\/rubi.com.py\/index.php\/wp-json\/wp\/v2\/product\/1093","targetHints":{"allow":["GET"]}}],"collection":[{"href":"https:\/\/rubi.com.py\/index.php\/wp-json\/wp\/v2\/product"}],"about":[{"href":"https:\/\/rubi.com.py\/index.php\/wp-json\/wp\/v2\/types\/product"}],"replies":[{"embeddable":true,"href":"https:\/\/rubi.com.py\/index.php\/wp-json\/wp\/v2\/comments?post=1093"}],"wp:featuredmedia":[{"embeddable":true,"href":"https:\/\/rubi.com.py\/index.php\/wp-json\/wp\/v2\/media\/5146"}],"wp:attachment":[{"href":"https:\/\/rubi.com.py\/index.php\/wp-json\/wp\/v2\/media?parent=1093"}],"wp:term":[{"taxonomy":"product_brand","embeddable":true,"href":"https:\/\/rubi.com.py\/index.php\/wp-json\/wp\/v2\/product_brand?post=1093"},{"taxonomy":"product_cat","embeddable":true,"href":"https:\/\/rubi.com.py\/index.php\/wp-json\/wp\/v2\/product_cat?post=1093"},{"taxonomy":"product_tag","embeddable":true,"href":"https:\/\/rubi.com.py\/index.php\/wp-json\/wp\/v2\/product_tag?post=1093"}],"curies":[{"name":"wp","href":"https:\/\/api.w.org\/{rel}","templated":true}]}}