{"id":1097,"date":"2025-10-07T18:17:14","date_gmt":"2025-10-07T16:17:14","guid":{"rendered":"https:\/\/rubi.com.py\/index.php\/producto\/acondicionador-de-aire-split-pared-york-30-000btu-r410a-con-kit-de-instalacion-220v-50hz\/"},"modified":"2026-04-23T01:04:15","modified_gmt":"2026-04-22T23:04:15","slug":"acondicionador-de-aire-split-pared-york-30-000btu-r410a-con-kit-de-instalacion-220v-50hz","status":"publish","type":"product","link":"https:\/\/rubi.com.py\/index.php\/producto\/acondicionador-de-aire-split-pared-york-30-000btu-r410a-con-kit-de-instalacion-220v-50hz\/","title":{"rendered":"ACONDICIONADOR DE AIRE SPLIT PARED YORK 30.000BTU R410A CON KIT DE INSTALACION 220V\/50Hz"},"content":{"rendered":"<p>* Capacidad 30.000 BTU. * Modos Fr\u00edo, Calor y Autom\u00e1tico. * Incluye control remoto. * Gas ecol\u00f3gico. * Descarga horizontal. Detalles t\u00e9cnicos: \u2022 TENSION ELECTRICA: 220-240 VOLTIOS \u2022 FRECUENCIA ELECTRICA: 50 HERTZ \u2022 CAPACIDAD: 30.000 BTU \u2022 ANCHO: 81 CM \u2022 ALTO: 103 CM \u2022 LARGO: 218 CM \u2022 PESO: 68000 GR<\/p>\n","protected":false},"excerpt":{"rendered":"<p>* Capacidad 30.000 BTU. * Modos Fr\u00edo, Calor y Autom\u00e1tico. * Incluye control remoto. * Gas ecol\u00f3gico. * Descarga horizontal.<\/p>\n","protected":false},"featured_media":5148,"comment_status":"open","ping_status":"closed","template":"","meta":{"_et_pb_use_builder":"","_et_pb_old_content":"","_et_gb_content_width":""},"product_brand":[],"product_cat":[32],"product_tag":[],"class_list":{"0":"post-1097","1":"product","2":"type-product","3":"status-publish","4":"has-post-thumbnail","6":"product_cat-climatizacion","8":"first","9":"instock","10":"shipping-taxable","11":"purchasable","12":"product-type-simple"},"_links":{"self":[{"href":"https:\/\/rubi.com.py\/index.php\/wp-json\/wp\/v2\/product\/1097","targetHints":{"allow":["GET"]}}],"collection":[{"href":"https:\/\/rubi.com.py\/index.php\/wp-json\/wp\/v2\/product"}],"about":[{"href":"https:\/\/rubi.com.py\/index.php\/wp-json\/wp\/v2\/types\/product"}],"replies":[{"embeddable":true,"href":"https:\/\/rubi.com.py\/index.php\/wp-json\/wp\/v2\/comments?post=1097"}],"wp:featuredmedia":[{"embeddable":true,"href":"https:\/\/rubi.com.py\/index.php\/wp-json\/wp\/v2\/media\/5148"}],"wp:attachment":[{"href":"https:\/\/rubi.com.py\/index.php\/wp-json\/wp\/v2\/media?parent=1097"}],"wp:term":[{"taxonomy":"product_brand","embeddable":true,"href":"https:\/\/rubi.com.py\/index.php\/wp-json\/wp\/v2\/product_brand?post=1097"},{"taxonomy":"product_cat","embeddable":true,"href":"https:\/\/rubi.com.py\/index.php\/wp-json\/wp\/v2\/product_cat?post=1097"},{"taxonomy":"product_tag","embeddable":true,"href":"https:\/\/rubi.com.py\/index.php\/wp-json\/wp\/v2\/product_tag?post=1097"}],"curies":[{"name":"wp","href":"https:\/\/api.w.org\/{rel}","templated":true}]}}