{"id":1099,"date":"2025-10-07T18:17:34","date_gmt":"2025-10-07T16:17:34","guid":{"rendered":"https:\/\/rubi.com.py\/index.php\/producto\/acondicionador-de-aire-tokyo-ducto-vertical-f-c-36000btu\/"},"modified":"2026-04-23T01:04:35","modified_gmt":"2026-04-22T23:04:35","slug":"acondicionador-de-aire-tokyo-ducto-vertical-f-c-36000btu","status":"publish","type":"product","link":"https:\/\/rubi.com.py\/index.php\/producto\/acondicionador-de-aire-tokyo-ducto-vertical-f-c-36000btu\/","title":{"rendered":"ACONDICIONADOR DE AIRE TOKYO DUCTO VERTICAL F\/C 36000BTU"},"content":{"rendered":"<p>* Capacidad 36.000 BTU. * Modo fr\u00edo y calor. * Descarga vertical. * Gas ecol\u00f3gico. * Instalaci\u00f3n flexible. * Alta presi\u00f3n. * Trif\u00e1sico 380V350 Hz. * 2.000 CFM de caudal de aire. * 13 SEER &#8211; Alta eficiencia. * Instalaci\u00f3n flexible, se puede instalar en vertical u horizontal. * F\u00e1cilmente controlado por termostato. * Utilice refrigerante R410A, se puede combinar con la unidad de condensaci\u00f3n de descarga superior. * Condensador con serpentina protegida por cobertor met\u00e1lico. IMAGEN ILUSTRATIVA. Detalles t\u00e9cnicos: \u2022 CAPACIDAD: 36.000 BTU \u2022 TENSION ELECTRICA: 220-240 VOLTIOS \u2022 ANCHO: 109 CM \u2022 ALTO: 126 CM \u2022 LARGO: 139 CM \u2022 PESO: 98700 GR<\/p>\n","protected":false},"excerpt":{"rendered":"<p>* Capacidad 36.000 BTU. * Modo fr\u00edo y calor. * Descarga vertical. * Gas ecol\u00f3gico. * Instalaci\u00f3n flexible. * Alta presi\u00f3n. * Trif\u00e1sico 380V350 Hz. * 2.000 CFM de caudal de aire. * 13 SEER &#8211; Alta eficiencia. * Instalaci\u00f3n flexible, se puede instalar en vertical u horizontal. * F\u00e1cilmente controlado por termostato. * Utilice refrigerante R410A, se puede combinar con la unidad de condensaci\u00f3n de descarga superior. * Condensador con serpentina protegida por cobertor met\u00e1lico. IMAGEN ILUSTRATIVA.<\/p>\n","protected":false},"featured_media":5149,"comment_status":"open","ping_status":"closed","template":"","meta":{"_et_pb_use_builder":"","_et_pb_old_content":"","_et_gb_content_width":""},"product_brand":[],"product_cat":[32],"product_tag":[],"class_list":{"0":"post-1099","1":"product","2":"type-product","3":"status-publish","4":"has-post-thumbnail","6":"product_cat-climatizacion","8":"first","9":"instock","10":"shipping-taxable","11":"purchasable","12":"product-type-simple"},"_links":{"self":[{"href":"https:\/\/rubi.com.py\/index.php\/wp-json\/wp\/v2\/product\/1099","targetHints":{"allow":["GET"]}}],"collection":[{"href":"https:\/\/rubi.com.py\/index.php\/wp-json\/wp\/v2\/product"}],"about":[{"href":"https:\/\/rubi.com.py\/index.php\/wp-json\/wp\/v2\/types\/product"}],"replies":[{"embeddable":true,"href":"https:\/\/rubi.com.py\/index.php\/wp-json\/wp\/v2\/comments?post=1099"}],"wp:featuredmedia":[{"embeddable":true,"href":"https:\/\/rubi.com.py\/index.php\/wp-json\/wp\/v2\/media\/5149"}],"wp:attachment":[{"href":"https:\/\/rubi.com.py\/index.php\/wp-json\/wp\/v2\/media?parent=1099"}],"wp:term":[{"taxonomy":"product_brand","embeddable":true,"href":"https:\/\/rubi.com.py\/index.php\/wp-json\/wp\/v2\/product_brand?post=1099"},{"taxonomy":"product_cat","embeddable":true,"href":"https:\/\/rubi.com.py\/index.php\/wp-json\/wp\/v2\/product_cat?post=1099"},{"taxonomy":"product_tag","embeddable":true,"href":"https:\/\/rubi.com.py\/index.php\/wp-json\/wp\/v2\/product_tag?post=1099"}],"curies":[{"name":"wp","href":"https:\/\/api.w.org\/{rel}","templated":true}]}}