{"id":1101,"date":"2025-10-07T18:17:54","date_gmt":"2025-10-07T16:17:54","guid":{"rendered":"https:\/\/rubi.com.py\/index.php\/producto\/acondicionador-de-aire-tokyo-ducto-vertical-f-c-60000btu\/"},"modified":"2026-04-23T01:04:55","modified_gmt":"2026-04-22T23:04:55","slug":"acondicionador-de-aire-tokyo-ducto-vertical-f-c-60000btu","status":"publish","type":"product","link":"https:\/\/rubi.com.py\/index.php\/producto\/acondicionador-de-aire-tokyo-ducto-vertical-f-c-60000btu\/","title":{"rendered":"ACONDICIONADOR DE AIRE TOKYO DUCTO VERTICAL F\/C 60000BTU"},"content":{"rendered":"<p>* Capacidad 60.000 BTU. * Modos Fr\u00edo, Calor y Autom\u00e1tico. * Gas ecol\u00f3gico. * Descarga vertical. * Incluye control remoto. Detalles t\u00e9cnicos: \u2022 TENSION ELECTRICA: 380-415 VOLTIOS \u2022 FRECUENCIA ELECTRICA: 50 HERTZ \u2022 CAPACIDAD: 60.000 BTU \u2022 ANCHO: 132 CM \u2022 ALTO: 146,5 CM \u2022 LARGO: 198 CM \u2022 PESO: 148000 GR<\/p>\n","protected":false},"excerpt":{"rendered":"<p>* Capacidad 60.000 BTU. * Modos Fr\u00edo, Calor y Autom\u00e1tico. * Gas ecol\u00f3gico. * Descarga vertical. * Incluye control remoto.<\/p>\n","protected":false},"featured_media":5150,"comment_status":"open","ping_status":"closed","template":"","meta":{"_et_pb_use_builder":"","_et_pb_old_content":"","_et_gb_content_width":""},"product_brand":[],"product_cat":[32],"product_tag":[],"class_list":{"0":"post-1101","1":"product","2":"type-product","3":"status-publish","4":"has-post-thumbnail","6":"product_cat-climatizacion","8":"first","9":"instock","10":"shipping-taxable","11":"purchasable","12":"product-type-simple"},"_links":{"self":[{"href":"https:\/\/rubi.com.py\/index.php\/wp-json\/wp\/v2\/product\/1101","targetHints":{"allow":["GET"]}}],"collection":[{"href":"https:\/\/rubi.com.py\/index.php\/wp-json\/wp\/v2\/product"}],"about":[{"href":"https:\/\/rubi.com.py\/index.php\/wp-json\/wp\/v2\/types\/product"}],"replies":[{"embeddable":true,"href":"https:\/\/rubi.com.py\/index.php\/wp-json\/wp\/v2\/comments?post=1101"}],"wp:featuredmedia":[{"embeddable":true,"href":"https:\/\/rubi.com.py\/index.php\/wp-json\/wp\/v2\/media\/5150"}],"wp:attachment":[{"href":"https:\/\/rubi.com.py\/index.php\/wp-json\/wp\/v2\/media?parent=1101"}],"wp:term":[{"taxonomy":"product_brand","embeddable":true,"href":"https:\/\/rubi.com.py\/index.php\/wp-json\/wp\/v2\/product_brand?post=1101"},{"taxonomy":"product_cat","embeddable":true,"href":"https:\/\/rubi.com.py\/index.php\/wp-json\/wp\/v2\/product_cat?post=1101"},{"taxonomy":"product_tag","embeddable":true,"href":"https:\/\/rubi.com.py\/index.php\/wp-json\/wp\/v2\/product_tag?post=1101"}],"curies":[{"name":"wp","href":"https:\/\/api.w.org\/{rel}","templated":true}]}}