{"id":1108,"date":"2025-10-07T18:19:20","date_gmt":"2025-10-07T16:19:20","guid":{"rendered":"https:\/\/rubi.com.py\/index.php\/producto\/acondicionador-de-aire-tokyo-piso-techo-xperience-36000btu\/"},"modified":"2026-04-23T01:06:17","modified_gmt":"2026-04-22T23:06:17","slug":"acondicionador-de-aire-tokyo-piso-techo-xperience-36000btu","status":"publish","type":"product","link":"https:\/\/rubi.com.py\/index.php\/producto\/acondicionador-de-aire-tokyo-piso-techo-xperience-36000btu\/","title":{"rendered":"ACONDICIONADOR DE AIRE TOKYO PISO\/TECHO XPERIENCE 36000BTU"},"content":{"rendered":"<p>* Tensi\u00f3n El\u00e9ctrica 380V-3-50 Hz. * Capacidad 36.000 BTU. * Incluye control remoto. * Instalaci\u00f3n flexible. * Modos fr\u00edo y calor. * Ahorro de energ\u00eda. * Gas Ecol\u00f3gico. * Mayor Confort. * Auto Restart. * Silencioso. * R410a. Im\u00e1genes meramente ilustrativas. Im\u00e1genes e informaci\u00f3n sujetas a cambios sin previo aviso. Detalles t\u00e9cnicos: \u2022 ANCHO: 245,5 CM \u2022 ALTO: 164 CM \u2022 LARGO: 82 CM \u2022 PESO: 108000 GR<\/p>\n","protected":false},"excerpt":{"rendered":"<p>* Tensi\u00f3n El\u00e9ctrica 380V-3-50 Hz. * Capacidad 36.000 BTU. * Incluye control remoto. * Instalaci\u00f3n flexible. * Modos fr\u00edo y calor. * Ahorro de energ\u00eda. * Gas Ecol\u00f3gico. * Mayor Confort. * Auto Restart. * Silencioso. * R410a. Im\u00e1genes meramente ilustrativas. Im\u00e1genes e informaci\u00f3n sujetas a cambios sin previo aviso.<\/p>\n","protected":false},"featured_media":5154,"comment_status":"open","ping_status":"closed","template":"","meta":{"_et_pb_use_builder":"","_et_pb_old_content":"","_et_gb_content_width":""},"product_brand":[],"product_cat":[32],"product_tag":[],"class_list":{"0":"post-1108","1":"product","2":"type-product","3":"status-publish","4":"has-post-thumbnail","6":"product_cat-climatizacion","8":"first","9":"instock","10":"shipping-taxable","11":"purchasable","12":"product-type-simple"},"_links":{"self":[{"href":"https:\/\/rubi.com.py\/index.php\/wp-json\/wp\/v2\/product\/1108","targetHints":{"allow":["GET"]}}],"collection":[{"href":"https:\/\/rubi.com.py\/index.php\/wp-json\/wp\/v2\/product"}],"about":[{"href":"https:\/\/rubi.com.py\/index.php\/wp-json\/wp\/v2\/types\/product"}],"replies":[{"embeddable":true,"href":"https:\/\/rubi.com.py\/index.php\/wp-json\/wp\/v2\/comments?post=1108"}],"wp:featuredmedia":[{"embeddable":true,"href":"https:\/\/rubi.com.py\/index.php\/wp-json\/wp\/v2\/media\/5154"}],"wp:attachment":[{"href":"https:\/\/rubi.com.py\/index.php\/wp-json\/wp\/v2\/media?parent=1108"}],"wp:term":[{"taxonomy":"product_brand","embeddable":true,"href":"https:\/\/rubi.com.py\/index.php\/wp-json\/wp\/v2\/product_brand?post=1108"},{"taxonomy":"product_cat","embeddable":true,"href":"https:\/\/rubi.com.py\/index.php\/wp-json\/wp\/v2\/product_cat?post=1108"},{"taxonomy":"product_tag","embeddable":true,"href":"https:\/\/rubi.com.py\/index.php\/wp-json\/wp\/v2\/product_tag?post=1108"}],"curies":[{"name":"wp","href":"https:\/\/api.w.org\/{rel}","templated":true}]}}