{"id":1112,"date":"2025-10-07T18:21:01","date_gmt":"2025-10-07T16:21:01","guid":{"rendered":"https:\/\/rubi.com.py\/index.php\/producto\/acondicionador-de-aire-tokyo-xperience-24000btu-f-c-c-control\/"},"modified":"2026-04-23T00:56:42","modified_gmt":"2026-04-22T22:56:42","slug":"acondicionador-de-aire-tokyo-xperience-24000btu-f-c-c-control","status":"publish","type":"product","link":"https:\/\/rubi.com.py\/index.php\/producto\/acondicionador-de-aire-tokyo-xperience-24000btu-f-c-c-control\/","title":{"rendered":"ACONDICIONADOR DE AIRE TOKYO XPERIENCE 24000BTU F\/C C\/CONTROL"},"content":{"rendered":"<p>* Capacidad 24.000 BTU. * 3 niveles de filtraci\u00f3n carbon activo, Ion de plata y filtro catalizador de frio. * Rango de temperatura 16\u00b0C-30\u00b0C. * Display Led. * Funci\u00f3n Timer. * Modo Turbo. * Modo silencio y Display Led apagado. * Modo sue\u00f1o. * Autolimpieza. * Auto restart. * Bloqueo para ni\u00f1os. * Funci\u00f3n Swing Sway. * Kit de Instalaci\u00f3n cable de conexi\u00f3n de 3,5m, tuber\u00eda de cobre puro de 3m, tubo de desag\u00fce de 2m. Im\u00e1genes meramente ilustrativas. Im\u00e1genes e informaci\u00f3n sujetas a cambios sin previo aviso. Detalles t\u00e9cnicos: \u2022 ANCHO: 81,7 CM \u2022 ALTO: 102,7 CM \u2022 LARGO: 191,5 CM \u2022 PESO: 48500 GR<\/p>\n","protected":false},"excerpt":{"rendered":"<p>* Capacidad 24.000 BTU. * 3 niveles de filtraci\u00f3n carbon activo, Ion de plata y filtro catalizador de frio. * Rango de temperatura 16\u00b0C-30\u00b0C. * Display Led. * Funci\u00f3n Timer. * Modo Turbo. * Modo silencio y Display Led apagado. * Modo sue\u00f1o. * Autolimpieza. * Auto restart. * Bloqueo para ni\u00f1os. * Funci\u00f3n Swing Sway. * Kit de Instalaci\u00f3n cable de conexi\u00f3n de 3,5m, tuber\u00eda de cobre puro de 3m, tubo de desag\u00fce de 2m. Im\u00e1genes meramente ilustrativas. Im\u00e1genes e informaci\u00f3n sujetas a cambios sin previo aviso.<\/p>\n","protected":false},"featured_media":5137,"comment_status":"open","ping_status":"closed","template":"","meta":{"_et_pb_use_builder":"","_et_pb_old_content":"","_et_gb_content_width":""},"product_brand":[],"product_cat":[32],"product_tag":[],"class_list":{"0":"post-1112","1":"product","2":"type-product","3":"status-publish","4":"has-post-thumbnail","6":"product_cat-climatizacion","8":"first","9":"instock","10":"shipping-taxable","11":"purchasable","12":"product-type-simple"},"_links":{"self":[{"href":"https:\/\/rubi.com.py\/index.php\/wp-json\/wp\/v2\/product\/1112","targetHints":{"allow":["GET"]}}],"collection":[{"href":"https:\/\/rubi.com.py\/index.php\/wp-json\/wp\/v2\/product"}],"about":[{"href":"https:\/\/rubi.com.py\/index.php\/wp-json\/wp\/v2\/types\/product"}],"replies":[{"embeddable":true,"href":"https:\/\/rubi.com.py\/index.php\/wp-json\/wp\/v2\/comments?post=1112"}],"wp:featuredmedia":[{"embeddable":true,"href":"https:\/\/rubi.com.py\/index.php\/wp-json\/wp\/v2\/media\/5137"}],"wp:attachment":[{"href":"https:\/\/rubi.com.py\/index.php\/wp-json\/wp\/v2\/media?parent=1112"}],"wp:term":[{"taxonomy":"product_brand","embeddable":true,"href":"https:\/\/rubi.com.py\/index.php\/wp-json\/wp\/v2\/product_brand?post=1112"},{"taxonomy":"product_cat","embeddable":true,"href":"https:\/\/rubi.com.py\/index.php\/wp-json\/wp\/v2\/product_cat?post=1112"},{"taxonomy":"product_tag","embeddable":true,"href":"https:\/\/rubi.com.py\/index.php\/wp-json\/wp\/v2\/product_tag?post=1112"}],"curies":[{"name":"wp","href":"https:\/\/api.w.org\/{rel}","templated":true}]}}