{"id":1114,"date":"2025-10-07T18:22:15","date_gmt":"2025-10-07T16:22:15","guid":{"rendered":"https:\/\/rubi.com.py\/index.php\/producto\/adaptador-mini-usb-c-hdmi-rj45-red-tarjeta-de-memoria\/"},"modified":"2026-04-23T00:59:18","modified_gmt":"2026-04-22T22:59:18","slug":"adaptador-mini-usb-c-hdmi-rj45-red-tarjeta-de-memoria","status":"publish","type":"product","link":"https:\/\/rubi.com.py\/index.php\/producto\/adaptador-mini-usb-c-hdmi-rj45-red-tarjeta-de-memoria\/","title":{"rendered":"ADAPTADOR MINI USB-C HDMI, RJ45, RED, TARJETA DE MEMORIA"},"content":{"rendered":"<p>* 3 entradas USB 3.0. * Tarjeta de memoria. * HDMI. * RJ45. * RED. Im\u00e1genes meramente ilustrativas. Im\u00e1genes e informaci\u00f3n sujetas a cambios sin previo aviso. Detalles t\u00e9cnicos: \u2022 COLOR: GRIS PLATA COLOR \u2022 ANCHO: 17,6 CM \u2022 ALTO: 9 CM \u2022 LARGO: 2,5 CM \u2022 PESO: 500 GR<\/p>\n","protected":false},"excerpt":{"rendered":"<p>* 3 entradas USB 3.0. * Tarjeta de memoria. * HDMI. * RJ45. * RED. Im\u00e1genes meramente ilustrativas. Im\u00e1genes e informaci\u00f3n sujetas a cambios sin previo aviso.<\/p>\n","protected":false},"featured_media":5142,"comment_status":"open","ping_status":"closed","template":"","meta":{"_et_pb_use_builder":"","_et_pb_old_content":"","_et_gb_content_width":""},"product_brand":[],"product_cat":[46],"product_tag":[],"class_list":{"0":"post-1114","1":"product","2":"type-product","3":"status-publish","4":"has-post-thumbnail","6":"product_cat-tecnologia","8":"first","9":"instock","10":"shipping-taxable","11":"purchasable","12":"product-type-simple"},"_links":{"self":[{"href":"https:\/\/rubi.com.py\/index.php\/wp-json\/wp\/v2\/product\/1114","targetHints":{"allow":["GET"]}}],"collection":[{"href":"https:\/\/rubi.com.py\/index.php\/wp-json\/wp\/v2\/product"}],"about":[{"href":"https:\/\/rubi.com.py\/index.php\/wp-json\/wp\/v2\/types\/product"}],"replies":[{"embeddable":true,"href":"https:\/\/rubi.com.py\/index.php\/wp-json\/wp\/v2\/comments?post=1114"}],"wp:featuredmedia":[{"embeddable":true,"href":"https:\/\/rubi.com.py\/index.php\/wp-json\/wp\/v2\/media\/5142"}],"wp:attachment":[{"href":"https:\/\/rubi.com.py\/index.php\/wp-json\/wp\/v2\/media?parent=1114"}],"wp:term":[{"taxonomy":"product_brand","embeddable":true,"href":"https:\/\/rubi.com.py\/index.php\/wp-json\/wp\/v2\/product_brand?post=1114"},{"taxonomy":"product_cat","embeddable":true,"href":"https:\/\/rubi.com.py\/index.php\/wp-json\/wp\/v2\/product_cat?post=1114"},{"taxonomy":"product_tag","embeddable":true,"href":"https:\/\/rubi.com.py\/index.php\/wp-json\/wp\/v2\/product_tag?post=1114"}],"curies":[{"name":"wp","href":"https:\/\/api.w.org\/{rel}","templated":true}]}}