{"id":1116,"date":"2025-10-07T18:22:39","date_gmt":"2025-10-07T16:22:39","guid":{"rendered":"https:\/\/rubi.com.py\/index.php\/producto\/afeitadora-rotativa-r31a-inalambrica-remington\/"},"modified":"2026-04-23T00:59:45","modified_gmt":"2026-04-22T22:59:45","slug":"afeitadora-rotativa-r31a-inalambrica-remington","status":"publish","type":"product","link":"https:\/\/rubi.com.py\/index.php\/producto\/afeitadora-rotativa-r31a-inalambrica-remington\/","title":{"rendered":"AFEITADORA ROTATIVA R31A INALAMBRICA REMINGTON"},"content":{"rendered":"<p>* Aditivo antimicrobiano que ayuda a inhibir el crecimiento de las bacterias alrededor de las cuchillas para un afeitado limpio y c\u00f3modo. * Cuchillas TwinTrack de dos rieles. * Cabezal flexible PowerFlex 360. * Tiempo de uso de 40 minutos. * Peine para barba de 3 d\u00edas. * Cabezales de Precisi\u00f3n. * Sistema ActiveContour. * Cable USB incluido. * Bater\u00eda recargable. * Patilla plegable. Im\u00e1genes meramente ilustrativas. Im\u00e1genes e informaci\u00f3n sujetas a cambios sin previo aviso. Detalles t\u00e9cnicos: \u2022 ANCHO: 28 CM \u2022 ALTO: 18 CM \u2022 LARGO: 36 CM \u2022 PESO: 1 GR<\/p>\n","protected":false},"excerpt":{"rendered":"<p>* Aditivo antimicrobiano que ayuda a inhibir el crecimiento de las bacterias alrededor de las cuchillas para un afeitado limpio y c\u00f3modo. * Cuchillas TwinTrack de dos rieles. * Cabezal flexible PowerFlex 360. * Tiempo de uso de 40 minutos. * Peine para barba de 3 d\u00edas. * Cabezales de Precisi\u00f3n. * Sistema ActiveContour. * Cable USB incluido. * Bater\u00eda recargable. * Patilla plegable. Im\u00e1genes meramente ilustrativas. Im\u00e1genes e informaci\u00f3n sujetas a cambios sin previo aviso.<\/p>\n","protected":false},"featured_media":5143,"comment_status":"open","ping_status":"closed","template":"","meta":{"_et_pb_use_builder":"","_et_pb_old_content":"","_et_gb_content_width":""},"product_brand":[],"product_cat":[45],"product_tag":[],"class_list":{"0":"post-1116","1":"product","2":"type-product","3":"status-publish","4":"has-post-thumbnail","6":"product_cat-salud-y-belleza","8":"first","9":"instock","10":"shipping-taxable","11":"purchasable","12":"product-type-simple"},"_links":{"self":[{"href":"https:\/\/rubi.com.py\/index.php\/wp-json\/wp\/v2\/product\/1116","targetHints":{"allow":["GET"]}}],"collection":[{"href":"https:\/\/rubi.com.py\/index.php\/wp-json\/wp\/v2\/product"}],"about":[{"href":"https:\/\/rubi.com.py\/index.php\/wp-json\/wp\/v2\/types\/product"}],"replies":[{"embeddable":true,"href":"https:\/\/rubi.com.py\/index.php\/wp-json\/wp\/v2\/comments?post=1116"}],"wp:featuredmedia":[{"embeddable":true,"href":"https:\/\/rubi.com.py\/index.php\/wp-json\/wp\/v2\/media\/5143"}],"wp:attachment":[{"href":"https:\/\/rubi.com.py\/index.php\/wp-json\/wp\/v2\/media?parent=1116"}],"wp:term":[{"taxonomy":"product_brand","embeddable":true,"href":"https:\/\/rubi.com.py\/index.php\/wp-json\/wp\/v2\/product_brand?post=1116"},{"taxonomy":"product_cat","embeddable":true,"href":"https:\/\/rubi.com.py\/index.php\/wp-json\/wp\/v2\/product_cat?post=1116"},{"taxonomy":"product_tag","embeddable":true,"href":"https:\/\/rubi.com.py\/index.php\/wp-json\/wp\/v2\/product_tag?post=1116"}],"curies":[{"name":"wp","href":"https:\/\/api.w.org\/{rel}","templated":true}]}}