{"id":1122,"date":"2025-10-07T18:29:35","date_gmt":"2025-10-07T16:29:35","guid":{"rendered":"https:\/\/rubi.com.py\/index.php\/producto\/anafe-a-induccion-tokyo-mod-monalisa-4horn\/"},"modified":"2026-04-23T00:51:41","modified_gmt":"2026-04-22T22:51:41","slug":"anafe-a-induccion-tokyo-mod-monalisa-4horn","status":"publish","type":"product","link":"https:\/\/rubi.com.py\/index.php\/producto\/anafe-a-induccion-tokyo-mod-monalisa-4horn\/","title":{"rendered":"ANAFE A INDUCCION TOKYO MOD MONALISA 4HORN"},"content":{"rendered":"<p>* Conexi\u00f3n cable con terminales libres. * Corte de seguridad autom\u00e1tico. * Indicador de calor luminoso. * Mesada vitrocer\u00e1mica. * 9 niveles de potencia. * 4 zonas de inducci\u00f3n. * Bloqueo para ni\u00f1os. * Potencia 7200 W. * Control t\u00e1ctil. * 380V, 50Hz. MEDIDAS DEL PRODUCTO. Producto 59x52x6 cm. Embutido 56x47x5 cm. Im\u00e1genes meramente ilustrativas. Im\u00e1genes e informaci\u00f3n sujetas a cambios sin previo aviso. Detalles t\u00e9cnicos: \u2022 ANCHO: 60 CM \u2022 ALTO: 15,5 CM \u2022 LARGO: 54 CM \u2022 PESO: 12800 GR<\/p>\n","protected":false},"excerpt":{"rendered":"<p>* Conexi\u00f3n cable con terminales libres. * Corte de seguridad autom\u00e1tico. * Indicador de calor luminoso. * Mesada vitrocer\u00e1mica. * 9 niveles de potencia. * 4 zonas de inducci\u00f3n. * Bloqueo para ni\u00f1os. * Potencia 7200 W. * Control t\u00e1ctil. * 380V, 50Hz. MEDIDAS DEL PRODUCTO. Producto 59x52x6 cm. Embutido 56x47x5 cm. Im\u00e1genes meramente ilustrativas. Im\u00e1genes e informaci\u00f3n sujetas a cambios sin previo aviso.<\/p>\n","protected":false},"featured_media":5125,"comment_status":"open","ping_status":"closed","template":"","meta":{"_et_pb_use_builder":"","_et_pb_old_content":"","_et_gb_content_width":""},"product_brand":[],"product_cat":[33],"product_tag":[],"class_list":{"0":"post-1122","1":"product","2":"type-product","3":"status-publish","4":"has-post-thumbnail","6":"product_cat-cocina-y-comedor","8":"first","9":"instock","10":"shipping-taxable","11":"purchasable","12":"product-type-simple"},"_links":{"self":[{"href":"https:\/\/rubi.com.py\/index.php\/wp-json\/wp\/v2\/product\/1122","targetHints":{"allow":["GET"]}}],"collection":[{"href":"https:\/\/rubi.com.py\/index.php\/wp-json\/wp\/v2\/product"}],"about":[{"href":"https:\/\/rubi.com.py\/index.php\/wp-json\/wp\/v2\/types\/product"}],"replies":[{"embeddable":true,"href":"https:\/\/rubi.com.py\/index.php\/wp-json\/wp\/v2\/comments?post=1122"}],"wp:featuredmedia":[{"embeddable":true,"href":"https:\/\/rubi.com.py\/index.php\/wp-json\/wp\/v2\/media\/5125"}],"wp:attachment":[{"href":"https:\/\/rubi.com.py\/index.php\/wp-json\/wp\/v2\/media?parent=1122"}],"wp:term":[{"taxonomy":"product_brand","embeddable":true,"href":"https:\/\/rubi.com.py\/index.php\/wp-json\/wp\/v2\/product_brand?post=1122"},{"taxonomy":"product_cat","embeddable":true,"href":"https:\/\/rubi.com.py\/index.php\/wp-json\/wp\/v2\/product_cat?post=1122"},{"taxonomy":"product_tag","embeddable":true,"href":"https:\/\/rubi.com.py\/index.php\/wp-json\/wp\/v2\/product_tag?post=1122"}],"curies":[{"name":"wp","href":"https:\/\/api.w.org\/{rel}","templated":true}]}}