{"id":1124,"date":"2025-10-07T18:29:59","date_gmt":"2025-10-07T16:29:59","guid":{"rendered":"https:\/\/rubi.com.py\/index.php\/producto\/air-fryer-tokyo-suprema-10lts-doble-canasta-c-divisor-extraible-200c-2400w\/"},"modified":"2026-04-23T00:51:56","modified_gmt":"2026-04-22T22:51:56","slug":"air-fryer-tokyo-suprema-10lts-doble-canasta-c-divisor-extraible-200c-2400w","status":"publish","type":"product","link":"https:\/\/rubi.com.py\/index.php\/producto\/air-fryer-tokyo-suprema-10lts-doble-canasta-c-divisor-extraible-200c-2400w\/","title":{"rendered":"AIR FRYER TOKYO SUPREMA 10LTS DOBLE CANASTA C\/DIVISOR EXTRAIBLE 200\u00b0C 2400W"},"content":{"rendered":"<p>* Men\u00fas pr\u00e1cticos descongelar, papas fritas, alitas y mulsos de pollo, carne, langostinos, pescado y torta (Pastel). * Fr\u00ede al aire hasta con un 75 % menos de grasa que los m\u00e9todos tradicionales. * Piezas aptas para lavavajillas cesta y recipiente f\u00e1ciles de limpiar. * 2 zonas de cocci\u00f3n con capacidad de 10 litros en total. * Amplio rango de temperatura hasta 200\u00b0C. * Funci\u00f3n temporizador hasta 60 min. * Cuenta con separador extraible. * Panel de control digital. * 2.400W de potencia. Im\u00e1genes meramente ilustrativas. Im\u00e1genes e informaci\u00f3n sujetas a cambios sin previo aviso. Detalles t\u00e9cnicos: \u2022 ANCHO: 28 CM \u2022 ALTO: 37 CM \u2022 LARGO: 33 CM \u2022 PESO: 8000 GR<\/p>\n","protected":false},"excerpt":{"rendered":"<p>* Men\u00fas pr\u00e1cticos descongelar, papas fritas, alitas y mulsos de pollo, carne, langostinos, pescado y torta (Pastel). * Fr\u00ede al aire hasta con un 75 % menos de grasa que los m\u00e9todos tradicionales. * Piezas aptas para lavavajillas cesta y recipiente f\u00e1ciles de limpiar. * 2 zonas de cocci\u00f3n con capacidad de 10 litros en total. * Amplio rango de temperatura hasta 200\u00b0C. * Funci\u00f3n temporizador hasta 60 min. * Cuenta con separador extraible. * Panel de control digital. * 2.400W de potencia. Im\u00e1genes meramente ilustrativas. Im\u00e1genes e informaci\u00f3n sujetas a cambios sin previo aviso.<\/p>\n","protected":false},"featured_media":5126,"comment_status":"open","ping_status":"closed","template":"","meta":{"_et_pb_use_builder":"","_et_pb_old_content":"","_et_gb_content_width":""},"product_brand":[],"product_cat":[33],"product_tag":[],"class_list":{"0":"post-1124","1":"product","2":"type-product","3":"status-publish","4":"has-post-thumbnail","6":"product_cat-cocina-y-comedor","8":"first","9":"instock","10":"shipping-taxable","11":"purchasable","12":"product-type-simple"},"_links":{"self":[{"href":"https:\/\/rubi.com.py\/index.php\/wp-json\/wp\/v2\/product\/1124","targetHints":{"allow":["GET"]}}],"collection":[{"href":"https:\/\/rubi.com.py\/index.php\/wp-json\/wp\/v2\/product"}],"about":[{"href":"https:\/\/rubi.com.py\/index.php\/wp-json\/wp\/v2\/types\/product"}],"replies":[{"embeddable":true,"href":"https:\/\/rubi.com.py\/index.php\/wp-json\/wp\/v2\/comments?post=1124"}],"wp:featuredmedia":[{"embeddable":true,"href":"https:\/\/rubi.com.py\/index.php\/wp-json\/wp\/v2\/media\/5126"}],"wp:attachment":[{"href":"https:\/\/rubi.com.py\/index.php\/wp-json\/wp\/v2\/media?parent=1124"}],"wp:term":[{"taxonomy":"product_brand","embeddable":true,"href":"https:\/\/rubi.com.py\/index.php\/wp-json\/wp\/v2\/product_brand?post=1124"},{"taxonomy":"product_cat","embeddable":true,"href":"https:\/\/rubi.com.py\/index.php\/wp-json\/wp\/v2\/product_cat?post=1124"},{"taxonomy":"product_tag","embeddable":true,"href":"https:\/\/rubi.com.py\/index.php\/wp-json\/wp\/v2\/product_tag?post=1124"}],"curies":[{"name":"wp","href":"https:\/\/api.w.org\/{rel}","templated":true}]}}