{"id":1127,"date":"2025-10-07T18:30:30","date_gmt":"2025-10-07T16:30:30","guid":{"rendered":"https:\/\/rubi.com.py\/index.php\/producto\/air-fryer-tokyo-suprema-8l-doble-canasta\/"},"modified":"2026-04-23T00:52:19","modified_gmt":"2026-04-22T22:52:19","slug":"air-fryer-tokyo-suprema-8l-doble-canasta","status":"publish","type":"product","link":"https:\/\/rubi.com.py\/index.php\/producto\/air-fryer-tokyo-suprema-8l-doble-canasta\/","title":{"rendered":"AIR FRYER TOKYO SUPREMA 8L DOBLE CANASTA"},"content":{"rendered":"<p>* Men\u00fas pr\u00e1cticos Descongelar, Papas Fritas, Alitas y Mulsos de Pollo, Carne, Langostinos, Pescado y Tortas. * Fr\u00ede al aire hasta con un 75 % menos de grasa que los m\u00e9todos tradicionales. * Piezas aptas para lavavajillas cesta y recipiente f\u00e1ciles de limpiar. * Cocina y tuesta alimentos r\u00e1pidamente con calor de convecci\u00f3n. * Elimina suavemente la humedad de las comidas. * Panel de control independiente por canasta. * Amplio rango de temperatura 60\u00baC a 200\u00baC. * Temporizador de 60 minutos. * Capacidad 8 litros. * Potencia 1.700W. Im\u00e1genes meramente ilustrativas. Im\u00e1genes e informaci\u00f3n sujetas a cambios sin previo aviso. Detalles t\u00e9cnicos: \u2022 ANCHO: 28,6 CM \u2022 ALTO: 35,2 CM \u2022 LARGO: 33 CM \u2022 PESO: 8000 GR<\/p>\n","protected":false},"excerpt":{"rendered":"<p>* Men\u00fas pr\u00e1cticos Descongelar, Papas Fritas, Alitas y Mulsos de Pollo, Carne, Langostinos, Pescado y Tortas. * Fr\u00ede al aire hasta con un 75 % menos de grasa que los m\u00e9todos tradicionales. * Piezas aptas para lavavajillas cesta y recipiente f\u00e1ciles de limpiar. * Cocina y tuesta alimentos r\u00e1pidamente con calor de convecci\u00f3n. * Elimina suavemente la humedad de las comidas. * Panel de control independiente por canasta. * Amplio rango de temperatura 60\u00baC a 200\u00baC. * Temporizador de 60 minutos. * Capacidad 8 litros. * Potencia 1.700W. Im\u00e1genes meramente ilustrativas. Im\u00e1genes e informaci\u00f3n sujetas a cambios sin previo aviso.<\/p>\n","protected":false},"featured_media":5127,"comment_status":"open","ping_status":"closed","template":"","meta":{"_et_pb_use_builder":"","_et_pb_old_content":"","_et_gb_content_width":""},"product_brand":[],"product_cat":[33],"product_tag":[],"class_list":{"0":"post-1127","1":"product","2":"type-product","3":"status-publish","4":"has-post-thumbnail","6":"product_cat-cocina-y-comedor","8":"first","9":"instock","10":"shipping-taxable","11":"purchasable","12":"product-type-simple"},"_links":{"self":[{"href":"https:\/\/rubi.com.py\/index.php\/wp-json\/wp\/v2\/product\/1127","targetHints":{"allow":["GET"]}}],"collection":[{"href":"https:\/\/rubi.com.py\/index.php\/wp-json\/wp\/v2\/product"}],"about":[{"href":"https:\/\/rubi.com.py\/index.php\/wp-json\/wp\/v2\/types\/product"}],"replies":[{"embeddable":true,"href":"https:\/\/rubi.com.py\/index.php\/wp-json\/wp\/v2\/comments?post=1127"}],"wp:featuredmedia":[{"embeddable":true,"href":"https:\/\/rubi.com.py\/index.php\/wp-json\/wp\/v2\/media\/5127"}],"wp:attachment":[{"href":"https:\/\/rubi.com.py\/index.php\/wp-json\/wp\/v2\/media?parent=1127"}],"wp:term":[{"taxonomy":"product_brand","embeddable":true,"href":"https:\/\/rubi.com.py\/index.php\/wp-json\/wp\/v2\/product_brand?post=1127"},{"taxonomy":"product_cat","embeddable":true,"href":"https:\/\/rubi.com.py\/index.php\/wp-json\/wp\/v2\/product_cat?post=1127"},{"taxonomy":"product_tag","embeddable":true,"href":"https:\/\/rubi.com.py\/index.php\/wp-json\/wp\/v2\/product_tag?post=1127"}],"curies":[{"name":"wp","href":"https:\/\/api.w.org\/{rel}","templated":true}]}}