{"id":1130,"date":"2025-10-07T18:31:54","date_gmt":"2025-10-07T16:31:54","guid":{"rendered":"https:\/\/rubi.com.py\/index.php\/producto\/alisador-de-pelo-remington-mod-s1305\/"},"modified":"2026-04-23T00:53:02","modified_gmt":"2026-04-22T22:53:02","slug":"alisador-de-pelo-remington-mod-s1305","status":"publish","type":"product","link":"https:\/\/rubi.com.py\/index.php\/producto\/alisador-de-pelo-remington-mod-s1305\/","title":{"rendered":"ALISADOR DE PELO REMINGTON MOD S1305"},"content":{"rendered":"<p>* Equipada con tecnolog\u00eda cer\u00e1mica antiest\u00e1tica. * Calentamiento r\u00e1pido en 30 segundos. * Temperatura m\u00e1xima 210 \u00baC. * Cable giratorio. * Bivoltaje. Im\u00e1genes meramente ilustrativas. Im\u00e1genes e informaci\u00f3n sujetas a cambios sin previo aviso. Detalles t\u00e9cnicos: \u2022 ANCHO: 5 CM \u2022 ALTO: 10 CM \u2022 LARGO: 35 CM \u2022 PESO: 513 GR<\/p>\n","protected":false},"excerpt":{"rendered":"<p>* Equipada con tecnolog\u00eda cer\u00e1mica antiest\u00e1tica. * Calentamiento r\u00e1pido en 30 segundos. * Temperatura m\u00e1xima 210 \u00baC. * Cable giratorio. * Bivoltaje. Im\u00e1genes meramente ilustrativas. Im\u00e1genes e informaci\u00f3n sujetas a cambios sin previo aviso.<\/p>\n","protected":false},"featured_media":5129,"comment_status":"open","ping_status":"closed","template":"","meta":{"_et_pb_use_builder":"","_et_pb_old_content":"","_et_gb_content_width":""},"product_brand":[],"product_cat":[45],"product_tag":[],"class_list":{"0":"post-1130","1":"product","2":"type-product","3":"status-publish","4":"has-post-thumbnail","6":"product_cat-salud-y-belleza","8":"first","9":"instock","10":"shipping-taxable","11":"purchasable","12":"product-type-simple"},"_links":{"self":[{"href":"https:\/\/rubi.com.py\/index.php\/wp-json\/wp\/v2\/product\/1130","targetHints":{"allow":["GET"]}}],"collection":[{"href":"https:\/\/rubi.com.py\/index.php\/wp-json\/wp\/v2\/product"}],"about":[{"href":"https:\/\/rubi.com.py\/index.php\/wp-json\/wp\/v2\/types\/product"}],"replies":[{"embeddable":true,"href":"https:\/\/rubi.com.py\/index.php\/wp-json\/wp\/v2\/comments?post=1130"}],"wp:featuredmedia":[{"embeddable":true,"href":"https:\/\/rubi.com.py\/index.php\/wp-json\/wp\/v2\/media\/5129"}],"wp:attachment":[{"href":"https:\/\/rubi.com.py\/index.php\/wp-json\/wp\/v2\/media?parent=1130"}],"wp:term":[{"taxonomy":"product_brand","embeddable":true,"href":"https:\/\/rubi.com.py\/index.php\/wp-json\/wp\/v2\/product_brand?post=1130"},{"taxonomy":"product_cat","embeddable":true,"href":"https:\/\/rubi.com.py\/index.php\/wp-json\/wp\/v2\/product_cat?post=1130"},{"taxonomy":"product_tag","embeddable":true,"href":"https:\/\/rubi.com.py\/index.php\/wp-json\/wp\/v2\/product_tag?post=1130"}],"curies":[{"name":"wp","href":"https:\/\/api.w.org\/{rel}","templated":true}]}}