{"id":1132,"date":"2025-10-07T18:32:16","date_gmt":"2025-10-07T16:32:16","guid":{"rendered":"https:\/\/rubi.com.py\/index.php\/producto\/alisador-de-pelo-remington-s-12a-con-aguacate-macadamia-shine-therapy\/"},"modified":"2026-04-23T00:53:19","modified_gmt":"2026-04-22T22:53:19","slug":"alisador-de-pelo-remington-s-12a-con-aguacate-macadamia-shine-therapy","status":"publish","type":"product","link":"https:\/\/rubi.com.py\/index.php\/producto\/alisador-de-pelo-remington-s-12a-con-aguacate-macadamia-shine-therapy\/","title":{"rendered":"ALISADOR DE PELO REMINGTON S-12A CON AGUACATE + MACADAMIA SHINE THERAPY"},"content":{"rendered":"<p>* Un alisado perfecto en pocos minutos sin maltrar tu cabello es posible con la plancha alisadora Shine Therapy de Remington. * Microacondicionadores de Aguacate y Macadamia para un peinado suave y brillante. * Ajustes de temperatura digital de 150\u00b0C a 230\u00b0C para cualquier tipo de cabello. * Temperatura m\u00e1xima profesional de 230\u00b0C para alisar en pocas pasadas. * Microandicionadores de aguacate y macadamia. * Placas de cer\u00e1mica que ayudan a reducir el frizz. * Apagado autom\u00e1tico, cierre de seguridad. * Cable giratorio de 1.8 metros. * Calentamiento r\u00e1pido. Im\u00e1genes meramente ilustrativas. Im\u00e1genes e informaci\u00f3n sujetas a cambios sin previo aviso. Detalles t\u00e9cnicos: \u2022 ANCHO: 6 CM \u2022 ALTO: 13 CM \u2022 LARGO: 36 CM \u2022 PESO: 2680 GR<\/p>\n","protected":false},"excerpt":{"rendered":"<p>* Un alisado perfecto en pocos minutos sin maltrar tu cabello es posible con la plancha alisadora Shine Therapy de Remington. * Microacondicionadores de Aguacate y Macadamia para un peinado suave y brillante. * Ajustes de temperatura digital de 150\u00b0C a 230\u00b0C para cualquier tipo de cabello. * Temperatura m\u00e1xima profesional de 230\u00b0C para alisar en pocas pasadas. * Microandicionadores de aguacate y macadamia. * Placas de cer\u00e1mica que ayudan a reducir el frizz. * Apagado autom\u00e1tico, cierre de seguridad. * Cable giratorio de 1.8 metros. * Calentamiento r\u00e1pido. Im\u00e1genes meramente ilustrativas. Im\u00e1genes e informaci\u00f3n sujetas a cambios sin previo aviso.<\/p>\n","protected":false},"featured_media":5130,"comment_status":"open","ping_status":"closed","template":"","meta":{"_et_pb_use_builder":"","_et_pb_old_content":"","_et_gb_content_width":""},"product_brand":[],"product_cat":[45],"product_tag":[],"class_list":{"0":"post-1132","1":"product","2":"type-product","3":"status-publish","4":"has-post-thumbnail","6":"product_cat-salud-y-belleza","8":"first","9":"instock","10":"shipping-taxable","11":"purchasable","12":"product-type-simple"},"_links":{"self":[{"href":"https:\/\/rubi.com.py\/index.php\/wp-json\/wp\/v2\/product\/1132","targetHints":{"allow":["GET"]}}],"collection":[{"href":"https:\/\/rubi.com.py\/index.php\/wp-json\/wp\/v2\/product"}],"about":[{"href":"https:\/\/rubi.com.py\/index.php\/wp-json\/wp\/v2\/types\/product"}],"replies":[{"embeddable":true,"href":"https:\/\/rubi.com.py\/index.php\/wp-json\/wp\/v2\/comments?post=1132"}],"wp:featuredmedia":[{"embeddable":true,"href":"https:\/\/rubi.com.py\/index.php\/wp-json\/wp\/v2\/media\/5130"}],"wp:attachment":[{"href":"https:\/\/rubi.com.py\/index.php\/wp-json\/wp\/v2\/media?parent=1132"}],"wp:term":[{"taxonomy":"product_brand","embeddable":true,"href":"https:\/\/rubi.com.py\/index.php\/wp-json\/wp\/v2\/product_brand?post=1132"},{"taxonomy":"product_cat","embeddable":true,"href":"https:\/\/rubi.com.py\/index.php\/wp-json\/wp\/v2\/product_cat?post=1132"},{"taxonomy":"product_tag","embeddable":true,"href":"https:\/\/rubi.com.py\/index.php\/wp-json\/wp\/v2\/product_tag?post=1132"}],"curies":[{"name":"wp","href":"https:\/\/api.w.org\/{rel}","templated":true}]}}