{"id":1134,"date":"2025-10-07T18:32:40","date_gmt":"2025-10-07T16:32:40","guid":{"rendered":"https:\/\/rubi.com.py\/index.php\/producto\/alisador-de-pelo-remington-s-9600-silk-46w-240nc-ceramica-avanzada-con-seda\/"},"modified":"2026-04-23T00:53:36","modified_gmt":"2026-04-22T22:53:36","slug":"alisador-de-pelo-remington-s-9600-silk-46w-240nc-ceramica-avanzada-con-seda","status":"publish","type":"product","link":"https:\/\/rubi.com.py\/index.php\/producto\/alisador-de-pelo-remington-s-9600-silk-46w-240nc-ceramica-avanzada-con-seda\/","title":{"rendered":"ALISADOR DE PELO REMINGTON S-9600 SILK-46W 240NC CERAMICA AVANZADA CON SEDA"},"content":{"rendered":"<p>* El visor digital de temperatura informativo indica la mejor temperatura para tu tipo de cabello. * Revestimiento de cer\u00e1mica sedosa avanzada con efecto de dise\u00f1o 3D. * Funci\u00f3n de memoria recuerda la \u00faltima temperatura seleccionada. * Placas flotantes estrechas extralargas de 110 mm. * Funci\u00f3n turbo a 240\u00b0 C durante 30 segundos. * Temperatura regulable (150-235\u00b0 C). Im\u00e1genes meramente ilustrativas. Im\u00e1genes e informaci\u00f3n sujetas a cambios sin previo aviso. Detalles t\u00e9cnicos: \u2022 ANCHO: 6 CM \u2022 ALTO: 15,5 CM \u2022 LARGO: 36 CM \u2022 PESO: 4250 GR<\/p>\n","protected":false},"excerpt":{"rendered":"<p>* El visor digital de temperatura informativo indica la mejor temperatura para tu tipo de cabello. * Revestimiento de cer\u00e1mica sedosa avanzada con efecto de dise\u00f1o 3D. * Funci\u00f3n de memoria recuerda la \u00faltima temperatura seleccionada. * Placas flotantes estrechas extralargas de 110 mm. * Funci\u00f3n turbo a 240\u00b0 C durante 30 segundos. * Temperatura regulable (150-235\u00b0 C). Im\u00e1genes meramente ilustrativas. Im\u00e1genes e informaci\u00f3n sujetas a cambios sin previo aviso.<\/p>\n","protected":false},"featured_media":5131,"comment_status":"open","ping_status":"closed","template":"","meta":{"_et_pb_use_builder":"","_et_pb_old_content":"","_et_gb_content_width":""},"product_brand":[],"product_cat":[45],"product_tag":[],"class_list":{"0":"post-1134","1":"product","2":"type-product","3":"status-publish","4":"has-post-thumbnail","6":"product_cat-salud-y-belleza","8":"first","9":"instock","10":"shipping-taxable","11":"purchasable","12":"product-type-simple"},"_links":{"self":[{"href":"https:\/\/rubi.com.py\/index.php\/wp-json\/wp\/v2\/product\/1134","targetHints":{"allow":["GET"]}}],"collection":[{"href":"https:\/\/rubi.com.py\/index.php\/wp-json\/wp\/v2\/product"}],"about":[{"href":"https:\/\/rubi.com.py\/index.php\/wp-json\/wp\/v2\/types\/product"}],"replies":[{"embeddable":true,"href":"https:\/\/rubi.com.py\/index.php\/wp-json\/wp\/v2\/comments?post=1134"}],"wp:featuredmedia":[{"embeddable":true,"href":"https:\/\/rubi.com.py\/index.php\/wp-json\/wp\/v2\/media\/5131"}],"wp:attachment":[{"href":"https:\/\/rubi.com.py\/index.php\/wp-json\/wp\/v2\/media?parent=1134"}],"wp:term":[{"taxonomy":"product_brand","embeddable":true,"href":"https:\/\/rubi.com.py\/index.php\/wp-json\/wp\/v2\/product_brand?post=1134"},{"taxonomy":"product_cat","embeddable":true,"href":"https:\/\/rubi.com.py\/index.php\/wp-json\/wp\/v2\/product_cat?post=1134"},{"taxonomy":"product_tag","embeddable":true,"href":"https:\/\/rubi.com.py\/index.php\/wp-json\/wp\/v2\/product_tag?post=1134"}],"curies":[{"name":"wp","href":"https:\/\/api.w.org\/{rel}","templated":true}]}}