{"id":1138,"date":"2025-10-07T18:34:14","date_gmt":"2025-10-07T16:34:14","guid":{"rendered":"https:\/\/rubi.com.py\/index.php\/producto\/alisador-remington-mod-s27a-wet2straight-ceramica-avanzada-uso-seco-y-mojado\/"},"modified":"2026-04-23T00:54:35","modified_gmt":"2026-04-22T22:54:35","slug":"alisador-remington-mod-s27a-wet2straight-ceramica-avanzada-uso-seco-y-mojado","status":"publish","type":"product","link":"https:\/\/rubi.com.py\/index.php\/producto\/alisador-remington-mod-s27a-wet2straight-ceramica-avanzada-uso-seco-y-mojado\/","title":{"rendered":"ALISADOR REMINGTON MOD S27A WET2STRAIGHT CERAMICA AVANZADA USO SECO Y MOJADO"},"content":{"rendered":"<p>* Tira de sensor inteligente activada en modo h\u00famedo ajusta continuamente la temperatura en funci\u00f3n del contenido de agua de su cabello para garantizar la entrega de la temperatura \u00f3ptima en cada pasada, evitando da\u00f1os. * Recubrimiento cer\u00e1mico avanzado infundido con micro acondicionadores resistentes al frizz. * Calentamiento r\u00e1pido y apagado autom\u00e1tico en 60 min. * Probado para dejar su cabello m\u00e1s saludable. * 3 botones (temperatura +-, encendido). * Gancho para colgar, cable de 1.8 metros. * Funci\u00f3n de bloqueo de temperatura. * Control digital de temperatura LCD. * Sistema de ventilaci\u00f3n exclusivo. * 10 temperaturas 140\u00b0C &#8211; 230\u00b0C. * Placas delgadas y flotantes. Im\u00e1genes meramente ilustrativas. Im\u00e1genes e informaci\u00f3n sujetas a cambios sin previo aviso. Detalles t\u00e9cnicos: \u2022 ANCHO: 6 CM \u2022 ALTO: 36,5 CM \u2022 LARGO: 12,8 CM \u2022 PESO: 513 GR<\/p>\n","protected":false},"excerpt":{"rendered":"<p>* Tira de sensor inteligente activada en modo h\u00famedo ajusta continuamente la temperatura en funci\u00f3n del contenido de agua de su cabello para garantizar la entrega de la temperatura \u00f3ptima en cada pasada, evitando da\u00f1os. * Recubrimiento cer\u00e1mico avanzado infundido con micro acondicionadores resistentes al frizz. * Calentamiento r\u00e1pido y apagado autom\u00e1tico en 60 min. * Probado para dejar su cabello m\u00e1s saludable. * 3 botones (temperatura +-, encendido). * Gancho para colgar, cable de 1.8 metros. * Funci\u00f3n de bloqueo de temperatura. * Control digital de temperatura LCD. * Sistema de ventilaci\u00f3n exclusivo. * 10 temperaturas 140\u00b0C &#8211; 230\u00b0C. * Placas delgadas y flotantes. Im\u00e1genes meramente ilustrativas. Im\u00e1genes e informaci\u00f3n sujetas a cambios sin previo aviso.<\/p>\n","protected":false},"featured_media":5134,"comment_status":"open","ping_status":"closed","template":"","meta":{"_et_pb_use_builder":"","_et_pb_old_content":"","_et_gb_content_width":""},"product_brand":[],"product_cat":[45],"product_tag":[],"class_list":{"0":"post-1138","1":"product","2":"type-product","3":"status-publish","4":"has-post-thumbnail","6":"product_cat-salud-y-belleza","8":"first","9":"instock","10":"shipping-taxable","11":"purchasable","12":"product-type-simple"},"_links":{"self":[{"href":"https:\/\/rubi.com.py\/index.php\/wp-json\/wp\/v2\/product\/1138","targetHints":{"allow":["GET"]}}],"collection":[{"href":"https:\/\/rubi.com.py\/index.php\/wp-json\/wp\/v2\/product"}],"about":[{"href":"https:\/\/rubi.com.py\/index.php\/wp-json\/wp\/v2\/types\/product"}],"replies":[{"embeddable":true,"href":"https:\/\/rubi.com.py\/index.php\/wp-json\/wp\/v2\/comments?post=1138"}],"wp:featuredmedia":[{"embeddable":true,"href":"https:\/\/rubi.com.py\/index.php\/wp-json\/wp\/v2\/media\/5134"}],"wp:attachment":[{"href":"https:\/\/rubi.com.py\/index.php\/wp-json\/wp\/v2\/media?parent=1138"}],"wp:term":[{"taxonomy":"product_brand","embeddable":true,"href":"https:\/\/rubi.com.py\/index.php\/wp-json\/wp\/v2\/product_brand?post=1138"},{"taxonomy":"product_cat","embeddable":true,"href":"https:\/\/rubi.com.py\/index.php\/wp-json\/wp\/v2\/product_cat?post=1138"},{"taxonomy":"product_tag","embeddable":true,"href":"https:\/\/rubi.com.py\/index.php\/wp-json\/wp\/v2\/product_tag?post=1138"}],"curies":[{"name":"wp","href":"https:\/\/api.w.org\/{rel}","templated":true}]}}