{"id":1140,"date":"2025-10-07T18:34:45","date_gmt":"2025-10-07T16:34:45","guid":{"rendered":"https:\/\/rubi.com.py\/index.php\/producto\/alisador-rowenta-brush-and-straight-200c-sf75\/"},"modified":"2026-03-13T17:31:27","modified_gmt":"2026-03-13T16:31:27","slug":"alisador-rowenta-brush-and-straight-200c-sf75","status":"publish","type":"product","link":"https:\/\/rubi.com.py\/index.php\/producto\/alisador-rowenta-brush-and-straight-200c-sf75\/","title":{"rendered":"ALISADOR ROWENTA BRUSH AND STRAIGHT 200C SF75"},"content":{"rendered":"<p>* Sistema ionico con revestimiento exclusivo de Cashmere Keratin y de aceite de arg\u00e1n proporcionan un pelo suave y brillante. * Sistema de bloqueo para un almacenamiento f\u00e1cil y seguro. * Apagado autom\u00e1tico tras 60 min sin usar. * Lista para usar en 15 segundos. Im\u00e1genes meramente ilustrativas. Im\u00e1genes e informaci\u00f3n sujetas a cambios sin previo aviso. Detalles t\u00e9cnicos: \u2022 ANCHO: 15 CM \u2022 ALTO: 5,5 CM \u2022 LARGO: 35 CM \u2022 PESO: 600 GR<\/p>\n","protected":false},"excerpt":{"rendered":"<p>* Sistema ionico con revestimiento exclusivo de Cashmere Keratin y de aceite de arg\u00e1n proporcionan un pelo suave y brillante. * Sistema de bloqueo para un almacenamiento f\u00e1cil y seguro. * Apagado autom\u00e1tico tras 60 min sin usar. * Lista para usar en 15 segundos. Im\u00e1genes meramente ilustrativas. Im\u00e1genes e informaci\u00f3n sujetas a cambios sin previo aviso.<\/p>\n","protected":false},"featured_media":1717,"comment_status":"open","ping_status":"closed","template":"","meta":{"_et_pb_use_builder":"","_et_pb_old_content":"","_et_gb_content_width":""},"product_brand":[],"product_cat":[45],"product_tag":[],"class_list":{"0":"post-1140","1":"product","2":"type-product","3":"status-publish","4":"has-post-thumbnail","6":"product_cat-salud-y-belleza","8":"first","9":"instock","10":"shipping-taxable","11":"purchasable","12":"product-type-simple"},"_links":{"self":[{"href":"https:\/\/rubi.com.py\/index.php\/wp-json\/wp\/v2\/product\/1140","targetHints":{"allow":["GET"]}}],"collection":[{"href":"https:\/\/rubi.com.py\/index.php\/wp-json\/wp\/v2\/product"}],"about":[{"href":"https:\/\/rubi.com.py\/index.php\/wp-json\/wp\/v2\/types\/product"}],"replies":[{"embeddable":true,"href":"https:\/\/rubi.com.py\/index.php\/wp-json\/wp\/v2\/comments?post=1140"}],"wp:featuredmedia":[{"embeddable":true,"href":"https:\/\/rubi.com.py\/index.php\/wp-json\/wp\/v2\/media\/1717"}],"wp:attachment":[{"href":"https:\/\/rubi.com.py\/index.php\/wp-json\/wp\/v2\/media?parent=1140"}],"wp:term":[{"taxonomy":"product_brand","embeddable":true,"href":"https:\/\/rubi.com.py\/index.php\/wp-json\/wp\/v2\/product_brand?post=1140"},{"taxonomy":"product_cat","embeddable":true,"href":"https:\/\/rubi.com.py\/index.php\/wp-json\/wp\/v2\/product_cat?post=1140"},{"taxonomy":"product_tag","embeddable":true,"href":"https:\/\/rubi.com.py\/index.php\/wp-json\/wp\/v2\/product_tag?post=1140"}],"curies":[{"name":"wp","href":"https:\/\/api.w.org\/{rel}","templated":true}]}}