{"id":1146,"date":"2025-10-07T18:36:24","date_gmt":"2025-10-07T16:36:24","guid":{"rendered":"https:\/\/rubi.com.py\/index.php\/producto\/anafe-a-induccion-tokyo-mod-monalisa-4horn-2\/"},"modified":"2026-04-23T00:41:07","modified_gmt":"2026-04-22T22:41:07","slug":"anafe-a-induccion-tokyo-mod-monalisa-4horn-2","status":"publish","type":"product","link":"https:\/\/rubi.com.py\/index.php\/producto\/anafe-a-induccion-tokyo-mod-monalisa-4horn-2\/","title":{"rendered":"ANAFE A INDUCCION TOKYO MOD MONALISA 4HORN"},"content":{"rendered":"<p>* Conexi\u00f3n trif\u00e1sica y monof\u00e1sica. * 4 hornallas a inducci\u00f3n. * Potencia 6750W. * Con temporizador. * Panel Touch. MEDIDAS DEL PRODUCTO. * Ancho 59 cm. * Altura 6 cm. * Profundidad 52 cm. MEDIDAS (BASE) * Ancho 55 cm. * Profundidad 49 cm. Im\u00e1genes meramente ilustrativas. Im\u00e1genes e informaci\u00f3n sujetas a cambios sin previo aviso. Detalles t\u00e9cnicos: \u2022 TENSION ELECTRICA: 220-240 \/ 380-415 VOLTIOS \u2022 FRECUENCIA ELECTRICA: 50 HERTZ \u2022 POTENCIA: 6750 Watts \u2022 ANCHO: 60 CM \u2022 ALTO: 15,5 CM \u2022 LARGO: 54 CM \u2022 PESO: 12800 GR<\/p>\n","protected":false},"excerpt":{"rendered":"<p>* Conexi\u00f3n trif\u00e1sica y monof\u00e1sica. * 4 hornallas a inducci\u00f3n. * Potencia 6750W. * Con temporizador. * Panel Touch. MEDIDAS DEL PRODUCTO. * Ancho 59 cm. * Altura 6 cm. * Profundidad 52 cm. MEDIDAS (BASE) * Ancho 55 cm. * Profundidad 49 cm. Im\u00e1genes meramente ilustrativas. Im\u00e1genes e informaci\u00f3n sujetas a cambios sin previo aviso.<\/p>\n","protected":false},"featured_media":5117,"comment_status":"open","ping_status":"closed","template":"","meta":{"_et_pb_use_builder":"","_et_pb_old_content":"","_et_gb_content_width":""},"product_brand":[],"product_cat":[33],"product_tag":[],"class_list":{"0":"post-1146","1":"product","2":"type-product","3":"status-publish","4":"has-post-thumbnail","6":"product_cat-cocina-y-comedor","8":"first","9":"instock","10":"shipping-taxable","11":"purchasable","12":"product-type-simple"},"_links":{"self":[{"href":"https:\/\/rubi.com.py\/index.php\/wp-json\/wp\/v2\/product\/1146","targetHints":{"allow":["GET"]}}],"collection":[{"href":"https:\/\/rubi.com.py\/index.php\/wp-json\/wp\/v2\/product"}],"about":[{"href":"https:\/\/rubi.com.py\/index.php\/wp-json\/wp\/v2\/types\/product"}],"replies":[{"embeddable":true,"href":"https:\/\/rubi.com.py\/index.php\/wp-json\/wp\/v2\/comments?post=1146"}],"wp:featuredmedia":[{"embeddable":true,"href":"https:\/\/rubi.com.py\/index.php\/wp-json\/wp\/v2\/media\/5117"}],"wp:attachment":[{"href":"https:\/\/rubi.com.py\/index.php\/wp-json\/wp\/v2\/media?parent=1146"}],"wp:term":[{"taxonomy":"product_brand","embeddable":true,"href":"https:\/\/rubi.com.py\/index.php\/wp-json\/wp\/v2\/product_brand?post=1146"},{"taxonomy":"product_cat","embeddable":true,"href":"https:\/\/rubi.com.py\/index.php\/wp-json\/wp\/v2\/product_cat?post=1146"},{"taxonomy":"product_tag","embeddable":true,"href":"https:\/\/rubi.com.py\/index.php\/wp-json\/wp\/v2\/product_tag?post=1146"}],"curies":[{"name":"wp","href":"https:\/\/api.w.org\/{rel}","templated":true}]}}