{"id":1148,"date":"2025-10-07T18:37:05","date_gmt":"2025-10-07T16:37:05","guid":{"rendered":"https:\/\/rubi.com.py\/index.php\/producto\/anafe-a-induccion-tokyo-mod-odalisa-2horn\/"},"modified":"2026-04-23T00:41:26","modified_gmt":"2026-04-22T22:41:26","slug":"anafe-a-induccion-tokyo-mod-odalisa-2horn","status":"publish","type":"product","link":"https:\/\/rubi.com.py\/index.php\/producto\/anafe-a-induccion-tokyo-mod-odalisa-2horn\/","title":{"rendered":"ANAFE A INDUCCION TOKYO MOD ODALISA 2HORN"},"content":{"rendered":"<p>* Luz indicadora de superficie caliente. * 2 zonas de cocci\u00f3n. * 1850-1400W. * Panel Touch. * Timer. MEDIDAS DEL PRODUCTO. * Ancho 30 cm. * Altura 6 cm. * Profundidad 52 cm. MEDIDAS (BASE). * Ancho 26 cm. * Profundidad 49 cm. Im\u00e1genes meramente ilustrativas. Im\u00e1genes e informaci\u00f3n sujetas a cambios sin previo aviso. Detalles t\u00e9cnicos: \u2022 TENSION ELECTRICA: 220-240 VOLTIOS \u2022 FRECUENCIA ELECTRICA: 50 HERTZ \u2022 POTENCIA: 3250 Watts \u2022 ANCHO: 35,5 CM \u2022 ALTO: 15 CM \u2022 LARGO: 57 CM \u2022 PESO: 6200 GR<\/p>\n","protected":false},"excerpt":{"rendered":"<p>* Luz indicadora de superficie caliente. * 2 zonas de cocci\u00f3n. * 1850-1400W. * Panel Touch. * Timer. MEDIDAS DEL PRODUCTO. * Ancho 30 cm. * Altura 6 cm. * Profundidad 52 cm. MEDIDAS (BASE). * Ancho 26 cm. * Profundidad 49 cm. Im\u00e1genes meramente ilustrativas. Im\u00e1genes e informaci\u00f3n sujetas a cambios sin previo aviso.<\/p>\n","protected":false},"featured_media":5119,"comment_status":"open","ping_status":"closed","template":"","meta":{"_et_pb_use_builder":"","_et_pb_old_content":"","_et_gb_content_width":""},"product_brand":[],"product_cat":[33],"product_tag":[],"class_list":{"0":"post-1148","1":"product","2":"type-product","3":"status-publish","4":"has-post-thumbnail","6":"product_cat-cocina-y-comedor","8":"first","9":"instock","10":"shipping-taxable","11":"purchasable","12":"product-type-simple"},"_links":{"self":[{"href":"https:\/\/rubi.com.py\/index.php\/wp-json\/wp\/v2\/product\/1148","targetHints":{"allow":["GET"]}}],"collection":[{"href":"https:\/\/rubi.com.py\/index.php\/wp-json\/wp\/v2\/product"}],"about":[{"href":"https:\/\/rubi.com.py\/index.php\/wp-json\/wp\/v2\/types\/product"}],"replies":[{"embeddable":true,"href":"https:\/\/rubi.com.py\/index.php\/wp-json\/wp\/v2\/comments?post=1148"}],"wp:featuredmedia":[{"embeddable":true,"href":"https:\/\/rubi.com.py\/index.php\/wp-json\/wp\/v2\/media\/5119"}],"wp:attachment":[{"href":"https:\/\/rubi.com.py\/index.php\/wp-json\/wp\/v2\/media?parent=1148"}],"wp:term":[{"taxonomy":"product_brand","embeddable":true,"href":"https:\/\/rubi.com.py\/index.php\/wp-json\/wp\/v2\/product_brand?post=1148"},{"taxonomy":"product_cat","embeddable":true,"href":"https:\/\/rubi.com.py\/index.php\/wp-json\/wp\/v2\/product_cat?post=1148"},{"taxonomy":"product_tag","embeddable":true,"href":"https:\/\/rubi.com.py\/index.php\/wp-json\/wp\/v2\/product_tag?post=1148"}],"curies":[{"name":"wp","href":"https:\/\/api.w.org\/{rel}","templated":true}]}}