{"id":1150,"date":"2025-10-07T18:38:17","date_gmt":"2025-10-07T16:38:17","guid":{"rendered":"https:\/\/rubi.com.py\/index.php\/producto\/anafe-a-induccion-tokyo-mod-odalisa-2horn-2\/"},"modified":"2026-04-23T00:41:56","modified_gmt":"2026-04-22T22:41:56","slug":"anafe-a-induccion-tokyo-mod-odalisa-2horn-2","status":"publish","type":"product","link":"https:\/\/rubi.com.py\/index.php\/producto\/anafe-a-induccion-tokyo-mod-odalisa-2horn-2\/","title":{"rendered":"ANAFE A INDUCCION TOKYO MOD ODALISA 2HORN"},"content":{"rendered":"<p>* Corte de seguridad autom\u00e1tico. * Conexi\u00f3n cable con enchufe. * Indicador de calor luminoso. * Mesada vitrocer\u00e1mica. * 9 niveles de potencia. * 2 zonas de inducci\u00f3n. * Bloqueo para ni\u00f1os. * Potencia 3200 W. * Control t\u00e1ctil. * 220V, 50Hz. MEDIDAS DEL PRODUCTO. * Producto 30x52x6cm. * Embutido 26x48x5,5cm. Im\u00e1genes meramente ilustrativas. Im\u00e1genes e informaci\u00f3n sujetas a cambios sin previo aviso. Detalles t\u00e9cnicos: \u2022 ANCHO: 30 CM \u2022 ALTO: 47 CM \u2022 LARGO: 52 CM \u2022 PESO: 6200 GR<\/p>\n","protected":false},"excerpt":{"rendered":"<p>* Corte de seguridad autom\u00e1tico. * Conexi\u00f3n cable con enchufe. * Indicador de calor luminoso. * Mesada vitrocer\u00e1mica. * 9 niveles de potencia. * 2 zonas de inducci\u00f3n. * Bloqueo para ni\u00f1os. * Potencia 3200 W. * Control t\u00e1ctil. * 220V, 50Hz. MEDIDAS DEL PRODUCTO. * Producto 30x52x6cm. * Embutido 26x48x5,5cm. Im\u00e1genes meramente ilustrativas. Im\u00e1genes e informaci\u00f3n sujetas a cambios sin previo aviso.<\/p>\n","protected":false},"featured_media":5120,"comment_status":"open","ping_status":"closed","template":"","meta":{"_et_pb_use_builder":"","_et_pb_old_content":"","_et_gb_content_width":""},"product_brand":[],"product_cat":[33],"product_tag":[],"class_list":{"0":"post-1150","1":"product","2":"type-product","3":"status-publish","4":"has-post-thumbnail","6":"product_cat-cocina-y-comedor","8":"first","9":"instock","10":"shipping-taxable","11":"purchasable","12":"product-type-simple"},"_links":{"self":[{"href":"https:\/\/rubi.com.py\/index.php\/wp-json\/wp\/v2\/product\/1150","targetHints":{"allow":["GET"]}}],"collection":[{"href":"https:\/\/rubi.com.py\/index.php\/wp-json\/wp\/v2\/product"}],"about":[{"href":"https:\/\/rubi.com.py\/index.php\/wp-json\/wp\/v2\/types\/product"}],"replies":[{"embeddable":true,"href":"https:\/\/rubi.com.py\/index.php\/wp-json\/wp\/v2\/comments?post=1150"}],"wp:featuredmedia":[{"embeddable":true,"href":"https:\/\/rubi.com.py\/index.php\/wp-json\/wp\/v2\/media\/5120"}],"wp:attachment":[{"href":"https:\/\/rubi.com.py\/index.php\/wp-json\/wp\/v2\/media?parent=1150"}],"wp:term":[{"taxonomy":"product_brand","embeddable":true,"href":"https:\/\/rubi.com.py\/index.php\/wp-json\/wp\/v2\/product_brand?post=1150"},{"taxonomy":"product_cat","embeddable":true,"href":"https:\/\/rubi.com.py\/index.php\/wp-json\/wp\/v2\/product_cat?post=1150"},{"taxonomy":"product_tag","embeddable":true,"href":"https:\/\/rubi.com.py\/index.php\/wp-json\/wp\/v2\/product_tag?post=1150"}],"curies":[{"name":"wp","href":"https:\/\/api.w.org\/{rel}","templated":true}]}}