{"id":1152,"date":"2025-10-07T18:38:46","date_gmt":"2025-10-07T16:38:46","guid":{"rendered":"https:\/\/rubi.com.py\/index.php\/producto\/anafe-combinado-4-zonas-tokyo-2-infra-2-induccion-tok2zi2i\/"},"modified":"2026-04-23T00:42:30","modified_gmt":"2026-04-22T22:42:30","slug":"anafe-combinado-4-zonas-tokyo-2-infra-2-induccion-tok2zi2i","status":"publish","type":"product","link":"https:\/\/rubi.com.py\/index.php\/producto\/anafe-combinado-4-zonas-tokyo-2-infra-2-induccion-tok2zi2i\/","title":{"rendered":"ANAFE COMBINADO 4 ZONAS TOKYO  2 INFRA 2 INDUCCION TOK2ZI2I"},"content":{"rendered":"<p>* 4 hornallas (2 infrarrojas &#8211; 2 inducci\u00f3n) * Mesa Vitrocer\u00e1mica. * Potencia 6500 W. MEDIDAS DEL PRODUCTO. * Largo 57 cm. * Ancho 49 cm. Im\u00e1genes meramente ilustrativas. Im\u00e1genes e informaci\u00f3n sujetas a cambios sin previo aviso. Detalles t\u00e9cnicos: \u2022 ANCHO: 66,2 CM \u2022 ALTO: 14 CM \u2022 LARGO: 58,5 CM \u2022 PESO: 11260 GR<\/p>\n","protected":false},"excerpt":{"rendered":"<p>* 4 hornallas (2 infrarrojas &#8211; 2 inducci\u00f3n) * Mesa Vitrocer\u00e1mica. * Potencia 6500 W. MEDIDAS DEL PRODUCTO. * Largo 57 cm. * Ancho 49 cm. Im\u00e1genes meramente ilustrativas. Im\u00e1genes e informaci\u00f3n sujetas a cambios sin previo aviso.<\/p>\n","protected":false},"featured_media":5121,"comment_status":"open","ping_status":"closed","template":"","meta":{"_et_pb_use_builder":"","_et_pb_old_content":"","_et_gb_content_width":""},"product_brand":[],"product_cat":[33],"product_tag":[],"class_list":{"0":"post-1152","1":"product","2":"type-product","3":"status-publish","4":"has-post-thumbnail","6":"product_cat-cocina-y-comedor","8":"first","9":"instock","10":"shipping-taxable","11":"purchasable","12":"product-type-simple"},"_links":{"self":[{"href":"https:\/\/rubi.com.py\/index.php\/wp-json\/wp\/v2\/product\/1152","targetHints":{"allow":["GET"]}}],"collection":[{"href":"https:\/\/rubi.com.py\/index.php\/wp-json\/wp\/v2\/product"}],"about":[{"href":"https:\/\/rubi.com.py\/index.php\/wp-json\/wp\/v2\/types\/product"}],"replies":[{"embeddable":true,"href":"https:\/\/rubi.com.py\/index.php\/wp-json\/wp\/v2\/comments?post=1152"}],"wp:featuredmedia":[{"embeddable":true,"href":"https:\/\/rubi.com.py\/index.php\/wp-json\/wp\/v2\/media\/5121"}],"wp:attachment":[{"href":"https:\/\/rubi.com.py\/index.php\/wp-json\/wp\/v2\/media?parent=1152"}],"wp:term":[{"taxonomy":"product_brand","embeddable":true,"href":"https:\/\/rubi.com.py\/index.php\/wp-json\/wp\/v2\/product_brand?post=1152"},{"taxonomy":"product_cat","embeddable":true,"href":"https:\/\/rubi.com.py\/index.php\/wp-json\/wp\/v2\/product_cat?post=1152"},{"taxonomy":"product_tag","embeddable":true,"href":"https:\/\/rubi.com.py\/index.php\/wp-json\/wp\/v2\/product_tag?post=1152"}],"curies":[{"name":"wp","href":"https:\/\/api.w.org\/{rel}","templated":true}]}}