{"id":1154,"date":"2025-10-07T18:39:12","date_gmt":"2025-10-07T16:39:12","guid":{"rendered":"https:\/\/rubi.com.py\/index.php\/producto\/anafe-combinado-tokyo-anka-inoxidable-3-hornallas-a-gas-y-1electrico\/"},"modified":"2026-04-23T00:45:58","modified_gmt":"2026-04-22T22:45:58","slug":"anafe-combinado-tokyo-anka-inoxidable-3-hornallas-a-gas-y-1electrico","status":"publish","type":"product","link":"https:\/\/rubi.com.py\/index.php\/producto\/anafe-combinado-tokyo-anka-inoxidable-3-hornallas-a-gas-y-1electrico\/","title":{"rendered":"ANAFE COMBINADO TOKYO ANKA INOXIDABLE 3 HORNALLAS A GAS Y 1ELECTRICO"},"content":{"rendered":"<p>* 4 hornallas (3 a gas y 1 el\u00e9ctrica). * 3 tama\u00f1os de hornalla. * Encendido El\u00e9ctrico. * Potencia 1000W. * 3 a gas. MEDIDAS DEL PRODUCTO. * Ancho 58 cm. * Altura 9 cm. * Profundidad 51 cm. * MEDIDAS (BASE). * Ancho 56 cm * Profundidad. 49 cm. Im\u00e1genes meramente ilustrativas. Im\u00e1genes e informaci\u00f3n sujetas a cambios sin previo aviso. Detalles t\u00e9cnicos: \u2022 ANCHO: 56,5 CM \u2022 ALTO: 13 CM \u2022 LARGO: 62 CM \u2022 PESO: 9000 GR<\/p>\n","protected":false},"excerpt":{"rendered":"<p>* 4 hornallas (3 a gas y 1 el\u00e9ctrica). * 3 tama\u00f1os de hornalla. * Encendido El\u00e9ctrico. * Potencia 1000W. * 3 a gas. MEDIDAS DEL PRODUCTO. * Ancho 58 cm. * Altura 9 cm. * Profundidad 51 cm. * MEDIDAS (BASE). * Ancho 56 cm * Profundidad. 49 cm. Im\u00e1genes meramente ilustrativas. Im\u00e1genes e informaci\u00f3n sujetas a cambios sin previo aviso.<\/p>\n","protected":false},"featured_media":5123,"comment_status":"open","ping_status":"closed","template":"","meta":{"_et_pb_use_builder":"","_et_pb_old_content":"","_et_gb_content_width":""},"product_brand":[],"product_cat":[33],"product_tag":[],"class_list":{"0":"post-1154","1":"product","2":"type-product","3":"status-publish","4":"has-post-thumbnail","6":"product_cat-cocina-y-comedor","8":"first","9":"instock","10":"shipping-taxable","11":"purchasable","12":"product-type-simple"},"_links":{"self":[{"href":"https:\/\/rubi.com.py\/index.php\/wp-json\/wp\/v2\/product\/1154","targetHints":{"allow":["GET"]}}],"collection":[{"href":"https:\/\/rubi.com.py\/index.php\/wp-json\/wp\/v2\/product"}],"about":[{"href":"https:\/\/rubi.com.py\/index.php\/wp-json\/wp\/v2\/types\/product"}],"replies":[{"embeddable":true,"href":"https:\/\/rubi.com.py\/index.php\/wp-json\/wp\/v2\/comments?post=1154"}],"wp:featuredmedia":[{"embeddable":true,"href":"https:\/\/rubi.com.py\/index.php\/wp-json\/wp\/v2\/media\/5123"}],"wp:attachment":[{"href":"https:\/\/rubi.com.py\/index.php\/wp-json\/wp\/v2\/media?parent=1154"}],"wp:term":[{"taxonomy":"product_brand","embeddable":true,"href":"https:\/\/rubi.com.py\/index.php\/wp-json\/wp\/v2\/product_brand?post=1154"},{"taxonomy":"product_cat","embeddable":true,"href":"https:\/\/rubi.com.py\/index.php\/wp-json\/wp\/v2\/product_cat?post=1154"},{"taxonomy":"product_tag","embeddable":true,"href":"https:\/\/rubi.com.py\/index.php\/wp-json\/wp\/v2\/product_tag?post=1154"}],"curies":[{"name":"wp","href":"https:\/\/api.w.org\/{rel}","templated":true}]}}