{"id":1156,"date":"2025-10-07T18:40:15","date_gmt":"2025-10-07T16:40:15","guid":{"rendered":"https:\/\/rubi.com.py\/index.php\/producto\/anafe-infrarrojo-4-zonas-tokyotok4zv-l\/"},"modified":"2026-04-23T00:50:22","modified_gmt":"2026-04-22T22:50:22","slug":"anafe-infrarrojo-4-zonas-tokyotok4zv-l","status":"publish","type":"product","link":"https:\/\/rubi.com.py\/index.php\/producto\/anafe-infrarrojo-4-zonas-tokyotok4zv-l\/","title":{"rendered":"ANAFE INFRARROJO 4 ZONAS TOKYOTOK4ZV -L"},"content":{"rendered":"<p>* 4 hornallas infrarrojas. * 6400 W. de potencia. * Mesa vitrocer\u00e1mica. MEDIDA DEL VIDRIO * Ancho 60 cm. * Profundidad 53 cm. MEDIDA DE LA BASE * Ancho 55 cm. * Profundidad 49 cm. Im\u00e1genes meramente ilustrativas. Im\u00e1genes e informaci\u00f3n sujetas a cambios sin previo aviso. Detalles t\u00e9cnicos: \u2022 ANCHO: 66,2 CM \u2022 ALTO: 14 CM \u2022 LARGO: 58,5 CM \u2022 PESO: 11020 GR<\/p>\n","protected":false},"excerpt":{"rendered":"<p>* 4 hornallas infrarrojas. * 6400 W. de potencia. * Mesa vitrocer\u00e1mica. MEDIDA DEL VIDRIO * Ancho 60 cm. * Profundidad 53 cm. MEDIDA DE LA BASE * Ancho 55 cm. * Profundidad 49 cm. Im\u00e1genes meramente ilustrativas. Im\u00e1genes e informaci\u00f3n sujetas a cambios sin previo aviso.<\/p>\n","protected":false},"featured_media":5124,"comment_status":"open","ping_status":"closed","template":"","meta":{"_et_pb_use_builder":"","_et_pb_old_content":"","_et_gb_content_width":""},"product_brand":[],"product_cat":[33],"product_tag":[],"class_list":{"0":"post-1156","1":"product","2":"type-product","3":"status-publish","4":"has-post-thumbnail","6":"product_cat-cocina-y-comedor","8":"first","9":"instock","10":"shipping-taxable","11":"purchasable","12":"product-type-simple"},"_links":{"self":[{"href":"https:\/\/rubi.com.py\/index.php\/wp-json\/wp\/v2\/product\/1156","targetHints":{"allow":["GET"]}}],"collection":[{"href":"https:\/\/rubi.com.py\/index.php\/wp-json\/wp\/v2\/product"}],"about":[{"href":"https:\/\/rubi.com.py\/index.php\/wp-json\/wp\/v2\/types\/product"}],"replies":[{"embeddable":true,"href":"https:\/\/rubi.com.py\/index.php\/wp-json\/wp\/v2\/comments?post=1156"}],"wp:featuredmedia":[{"embeddable":true,"href":"https:\/\/rubi.com.py\/index.php\/wp-json\/wp\/v2\/media\/5124"}],"wp:attachment":[{"href":"https:\/\/rubi.com.py\/index.php\/wp-json\/wp\/v2\/media?parent=1156"}],"wp:term":[{"taxonomy":"product_brand","embeddable":true,"href":"https:\/\/rubi.com.py\/index.php\/wp-json\/wp\/v2\/product_brand?post=1156"},{"taxonomy":"product_cat","embeddable":true,"href":"https:\/\/rubi.com.py\/index.php\/wp-json\/wp\/v2\/product_cat?post=1156"},{"taxonomy":"product_tag","embeddable":true,"href":"https:\/\/rubi.com.py\/index.php\/wp-json\/wp\/v2\/product_tag?post=1156"}],"curies":[{"name":"wp","href":"https:\/\/api.w.org\/{rel}","templated":true}]}}