{"id":1158,"date":"2025-10-07T18:41:22","date_gmt":"2025-10-07T16:41:22","guid":{"rendered":"https:\/\/rubi.com.py\/index.php\/producto\/anafe-tokyo-a-gas-cook-4-hornallas-vidrio-templado-c-encendido\/"},"modified":"2026-04-23T00:29:42","modified_gmt":"2026-04-22T22:29:42","slug":"anafe-tokyo-a-gas-cook-4-hornallas-vidrio-templado-c-encendido","status":"publish","type":"product","link":"https:\/\/rubi.com.py\/index.php\/producto\/anafe-tokyo-a-gas-cook-4-hornallas-vidrio-templado-c-encendido\/","title":{"rendered":"ANAFE TOKYO A GAS COOK 4 HORNALLAS VIDRIO TEMPLADO C\/ENCENDIDO"},"content":{"rendered":"<p>* Vitrocer\u00e1mica 6mm con encendido parrilla individual. * Potencia T\u00e9rmica 7,05W. * 4 hornallas. MEDIDAS DEL PRODUCTO. * Ancho 55 cm. * Alto 12 cm. * Profundidad 46 cm. MEDIDAS BASE * Ancho 50 cm. * Profundidad 35 cm. Im\u00e1genes meramente ilustrativas. Im\u00e1genes e informaci\u00f3n sujetas a cambios sin previo aviso. Detalles t\u00e9cnicos: \u2022 ANCHO: 55,9 CM \u2022 ALTO: 16,5 CM \u2022 LARGO: 48 CM \u2022 PESO: 8000 GR<\/p>\n","protected":false},"excerpt":{"rendered":"<p>* Vitrocer\u00e1mica 6mm con encendido parrilla individual. * Potencia T\u00e9rmica 7,05W. * 4 hornallas. MEDIDAS DEL PRODUCTO. * Ancho 55 cm. * Alto 12 cm. * Profundidad 46 cm. MEDIDAS BASE * Ancho 50 cm. * Profundidad 35 cm. Im\u00e1genes meramente ilustrativas. Im\u00e1genes e informaci\u00f3n sujetas a cambios sin previo aviso.<\/p>\n","protected":false},"featured_media":5106,"comment_status":"open","ping_status":"closed","template":"","meta":{"_et_pb_use_builder":"","_et_pb_old_content":"","_et_gb_content_width":""},"product_brand":[],"product_cat":[33],"product_tag":[],"class_list":{"0":"post-1158","1":"product","2":"type-product","3":"status-publish","4":"has-post-thumbnail","6":"product_cat-cocina-y-comedor","8":"first","9":"instock","10":"shipping-taxable","11":"purchasable","12":"product-type-simple"},"_links":{"self":[{"href":"https:\/\/rubi.com.py\/index.php\/wp-json\/wp\/v2\/product\/1158","targetHints":{"allow":["GET"]}}],"collection":[{"href":"https:\/\/rubi.com.py\/index.php\/wp-json\/wp\/v2\/product"}],"about":[{"href":"https:\/\/rubi.com.py\/index.php\/wp-json\/wp\/v2\/types\/product"}],"replies":[{"embeddable":true,"href":"https:\/\/rubi.com.py\/index.php\/wp-json\/wp\/v2\/comments?post=1158"}],"wp:featuredmedia":[{"embeddable":true,"href":"https:\/\/rubi.com.py\/index.php\/wp-json\/wp\/v2\/media\/5106"}],"wp:attachment":[{"href":"https:\/\/rubi.com.py\/index.php\/wp-json\/wp\/v2\/media?parent=1158"}],"wp:term":[{"taxonomy":"product_brand","embeddable":true,"href":"https:\/\/rubi.com.py\/index.php\/wp-json\/wp\/v2\/product_brand?post=1158"},{"taxonomy":"product_cat","embeddable":true,"href":"https:\/\/rubi.com.py\/index.php\/wp-json\/wp\/v2\/product_cat?post=1158"},{"taxonomy":"product_tag","embeddable":true,"href":"https:\/\/rubi.com.py\/index.php\/wp-json\/wp\/v2\/product_tag?post=1158"}],"curies":[{"name":"wp","href":"https:\/\/api.w.org\/{rel}","templated":true}]}}