{"id":1164,"date":"2025-10-07T18:42:51","date_gmt":"2025-10-07T16:42:51","guid":{"rendered":"https:\/\/rubi.com.py\/index.php\/producto\/anafe-whirlpool-electrico-akt8090lx-4hor-vitroceramico-touch\/"},"modified":"2026-04-23T00:37:39","modified_gmt":"2026-04-22T22:37:39","slug":"anafe-whirlpool-electrico-akt8090lx-4hor-vitroceramico-touch","status":"publish","type":"product","link":"https:\/\/rubi.com.py\/index.php\/producto\/anafe-whirlpool-electrico-akt8090lx-4hor-vitroceramico-touch\/","title":{"rendered":"ANAFE WHIRLPOOL ELECTRICO AKT8090LX 4HOR VITROCERAMICO TOUCH"},"content":{"rendered":"<p>* Panel Touch Panel t\u00e1cil para un dise\u00f1o m\u00e1s sofisticado y mayor aprovechamiento de la superficie del anafe. * Bloqueo de seguridad.Control con terminales libres. * Plcas de 21 cm &#8211; 18 cm &#8211; 14 cm. * Indicador de superficie caliente. * Superficie de vitrocer\u00e1mica. * Cuatro zonas de cocci\u00f3n. * Bloqueo de seguridad. * Potencia 5.700 W. MEDIDAS DEL PRODUCTO. * Ancho 58 cm. * Alto 4,55 cm. * Profundidad 51 cm. Im\u00e1genes meramente ilustrativas. Im\u00e1genes e informaci\u00f3n sujetas a cambios sin previo aviso. Detalles t\u00e9cnicos: \u2022 ANCHO: 59,5 CM \u2022 ALTO: 13 CM \u2022 LARGO: 66 CM \u2022 PESO: 9000 GR<\/p>\n","protected":false},"excerpt":{"rendered":"<p>* Panel Touch Panel t\u00e1cil para un dise\u00f1o m\u00e1s sofisticado y mayor aprovechamiento de la superficie del anafe. * Bloqueo de seguridad.Control con terminales libres. * Plcas de 21 cm &#8211; 18 cm &#8211; 14 cm. * Indicador de superficie caliente. * Superficie de vitrocer\u00e1mica. * Cuatro zonas de cocci\u00f3n. * Bloqueo de seguridad. * Potencia 5.700 W. MEDIDAS DEL PRODUCTO. * Ancho 58 cm. * Alto 4,55 cm. * Profundidad 51 cm. Im\u00e1genes meramente ilustrativas. Im\u00e1genes e informaci\u00f3n sujetas a cambios sin previo aviso.<\/p>\n","protected":false},"featured_media":5109,"comment_status":"open","ping_status":"closed","template":"","meta":{"_et_pb_use_builder":"","_et_pb_old_content":"","_et_gb_content_width":""},"product_brand":[],"product_cat":[33],"product_tag":[],"class_list":{"0":"post-1164","1":"product","2":"type-product","3":"status-publish","4":"has-post-thumbnail","6":"product_cat-cocina-y-comedor","8":"first","9":"instock","10":"shipping-taxable","11":"purchasable","12":"product-type-simple"},"_links":{"self":[{"href":"https:\/\/rubi.com.py\/index.php\/wp-json\/wp\/v2\/product\/1164","targetHints":{"allow":["GET"]}}],"collection":[{"href":"https:\/\/rubi.com.py\/index.php\/wp-json\/wp\/v2\/product"}],"about":[{"href":"https:\/\/rubi.com.py\/index.php\/wp-json\/wp\/v2\/types\/product"}],"replies":[{"embeddable":true,"href":"https:\/\/rubi.com.py\/index.php\/wp-json\/wp\/v2\/comments?post=1164"}],"wp:featuredmedia":[{"embeddable":true,"href":"https:\/\/rubi.com.py\/index.php\/wp-json\/wp\/v2\/media\/5109"}],"wp:attachment":[{"href":"https:\/\/rubi.com.py\/index.php\/wp-json\/wp\/v2\/media?parent=1164"}],"wp:term":[{"taxonomy":"product_brand","embeddable":true,"href":"https:\/\/rubi.com.py\/index.php\/wp-json\/wp\/v2\/product_brand?post=1164"},{"taxonomy":"product_cat","embeddable":true,"href":"https:\/\/rubi.com.py\/index.php\/wp-json\/wp\/v2\/product_cat?post=1164"},{"taxonomy":"product_tag","embeddable":true,"href":"https:\/\/rubi.com.py\/index.php\/wp-json\/wp\/v2\/product_tag?post=1164"}],"curies":[{"name":"wp","href":"https:\/\/api.w.org\/{rel}","templated":true}]}}