{"id":1170,"date":"2025-10-07T18:45:06","date_gmt":"2025-10-07T16:45:06","guid":{"rendered":"https:\/\/rubi.com.py\/index.php\/producto\/aspirador-de-hojas-trapp-sf3000-c-bolsa-32l\/"},"modified":"2026-04-23T00:39:19","modified_gmt":"2026-04-22T22:39:19","slug":"aspirador-de-hojas-trapp-sf3000-c-bolsa-32l","status":"publish","type":"product","link":"https:\/\/rubi.com.py\/index.php\/producto\/aspirador-de-hojas-trapp-sf3000-c-bolsa-32l\/","title":{"rendered":"ASPIRADOR DE HOJAS TRAPP SF3000 C\/ BOLSA 32L"},"content":{"rendered":"<p>* Recolector de 32 litros. * Capacidad 32 litros. * Potencia 3000 W. * Con ruedas. Im\u00e1genes meramente ilustrativas. Im\u00e1genes e informaci\u00f3n sujetas a cambios sin previo aviso. Detalles t\u00e9cnicos: \u2022 ANCHO: 21 CM \u2022 ALTO: 38 CM \u2022 LARGO: 86 CM \u2022 PESO: 5730 GR<\/p>\n","protected":false},"excerpt":{"rendered":"<p>* Recolector de 32 litros. * Capacidad 32 litros. * Potencia 3000 W. * Con ruedas. Im\u00e1genes meramente ilustrativas. Im\u00e1genes e informaci\u00f3n sujetas a cambios sin previo aviso.<\/p>\n","protected":false},"featured_media":5111,"comment_status":"open","ping_status":"closed","template":"","meta":{"_et_pb_use_builder":"","_et_pb_old_content":"","_et_gb_content_width":""},"product_brand":[],"product_cat":[38],"product_tag":[],"class_list":{"0":"post-1170","1":"product","2":"type-product","3":"status-publish","4":"has-post-thumbnail","6":"product_cat-hogar-y-limpieza","8":"first","9":"instock","10":"shipping-taxable","11":"purchasable","12":"product-type-simple"},"_links":{"self":[{"href":"https:\/\/rubi.com.py\/index.php\/wp-json\/wp\/v2\/product\/1170","targetHints":{"allow":["GET"]}}],"collection":[{"href":"https:\/\/rubi.com.py\/index.php\/wp-json\/wp\/v2\/product"}],"about":[{"href":"https:\/\/rubi.com.py\/index.php\/wp-json\/wp\/v2\/types\/product"}],"replies":[{"embeddable":true,"href":"https:\/\/rubi.com.py\/index.php\/wp-json\/wp\/v2\/comments?post=1170"}],"wp:featuredmedia":[{"embeddable":true,"href":"https:\/\/rubi.com.py\/index.php\/wp-json\/wp\/v2\/media\/5111"}],"wp:attachment":[{"href":"https:\/\/rubi.com.py\/index.php\/wp-json\/wp\/v2\/media?parent=1170"}],"wp:term":[{"taxonomy":"product_brand","embeddable":true,"href":"https:\/\/rubi.com.py\/index.php\/wp-json\/wp\/v2\/product_brand?post=1170"},{"taxonomy":"product_cat","embeddable":true,"href":"https:\/\/rubi.com.py\/index.php\/wp-json\/wp\/v2\/product_cat?post=1170"},{"taxonomy":"product_tag","embeddable":true,"href":"https:\/\/rubi.com.py\/index.php\/wp-json\/wp\/v2\/product_tag?post=1170"}],"curies":[{"name":"wp","href":"https:\/\/api.w.org\/{rel}","templated":true}]}}