{"id":1172,"date":"2025-10-07T18:45:25","date_gmt":"2025-10-07T16:45:25","guid":{"rendered":"https:\/\/rubi.com.py\/index.php\/producto\/aspiradora-tokyo-skinny-de-polvo-2-en-1-600w-5ohz\/"},"modified":"2026-04-23T00:39:40","modified_gmt":"2026-04-22T22:39:40","slug":"aspiradora-tokyo-skinny-de-polvo-2-en-1-600w-5ohz","status":"publish","type":"product","link":"https:\/\/rubi.com.py\/index.php\/producto\/aspiradora-tokyo-skinny-de-polvo-2-en-1-600w-5ohz\/","title":{"rendered":"ASPIRADORA TOKYO SKINNY DE POLVO 2 EN 1 600W 5OHZ"},"content":{"rendered":"<p>* 2 modos de uso Aspiradora vertical. aspiradora de mano. * Filtro con sistema de ciclones sin bolsa. * Contenedor de Polvo de f\u00e1cil limpieza. * Cepillo para todo tipo de superficie. * Capacidad del dep\u00f3sito 0,8 litros. * Incluye varios accesorios. * Modo Compacto. * Potencia 600W. * Filtro Lavable. * Modo escoba. Im\u00e1genes meramente ilustrativas. Im\u00e1genes e informaci\u00f3n sujetas a cambios sin previo aviso. Detalles t\u00e9cnicos: \u2022 ANCHO: 12 CM \u2022 ALTO: 15,5 CM \u2022 LARGO: 63 CM \u2022 PESO: 2000 GR<\/p>\n","protected":false},"excerpt":{"rendered":"<p>* 2 modos de uso Aspiradora vertical. aspiradora de mano. * Filtro con sistema de ciclones sin bolsa. * Contenedor de Polvo de f\u00e1cil limpieza. * Cepillo para todo tipo de superficie. * Capacidad del dep\u00f3sito 0,8 litros. * Incluye varios accesorios. * Modo Compacto. * Potencia 600W. * Filtro Lavable. * Modo escoba. Im\u00e1genes meramente ilustrativas. Im\u00e1genes e informaci\u00f3n sujetas a cambios sin previo aviso.<\/p>\n","protected":false},"featured_media":5112,"comment_status":"open","ping_status":"closed","template":"","meta":{"_et_pb_use_builder":"","_et_pb_old_content":"","_et_gb_content_width":""},"product_brand":[],"product_cat":[38],"product_tag":[],"class_list":{"0":"post-1172","1":"product","2":"type-product","3":"status-publish","4":"has-post-thumbnail","6":"product_cat-hogar-y-limpieza","8":"first","9":"instock","10":"shipping-taxable","11":"purchasable","12":"product-type-simple"},"_links":{"self":[{"href":"https:\/\/rubi.com.py\/index.php\/wp-json\/wp\/v2\/product\/1172","targetHints":{"allow":["GET"]}}],"collection":[{"href":"https:\/\/rubi.com.py\/index.php\/wp-json\/wp\/v2\/product"}],"about":[{"href":"https:\/\/rubi.com.py\/index.php\/wp-json\/wp\/v2\/types\/product"}],"replies":[{"embeddable":true,"href":"https:\/\/rubi.com.py\/index.php\/wp-json\/wp\/v2\/comments?post=1172"}],"wp:featuredmedia":[{"embeddable":true,"href":"https:\/\/rubi.com.py\/index.php\/wp-json\/wp\/v2\/media\/5112"}],"wp:attachment":[{"href":"https:\/\/rubi.com.py\/index.php\/wp-json\/wp\/v2\/media?parent=1172"}],"wp:term":[{"taxonomy":"product_brand","embeddable":true,"href":"https:\/\/rubi.com.py\/index.php\/wp-json\/wp\/v2\/product_brand?post=1172"},{"taxonomy":"product_cat","embeddable":true,"href":"https:\/\/rubi.com.py\/index.php\/wp-json\/wp\/v2\/product_cat?post=1172"},{"taxonomy":"product_tag","embeddable":true,"href":"https:\/\/rubi.com.py\/index.php\/wp-json\/wp\/v2\/product_tag?post=1172"}],"curies":[{"name":"wp","href":"https:\/\/api.w.org\/{rel}","templated":true}]}}