{"id":1176,"date":"2025-10-07T18:46:14","date_gmt":"2025-10-07T16:46:14","guid":{"rendered":"https:\/\/rubi.com.py\/index.php\/producto\/aspiradora-tokyo-turbo-pro-1600w-cap-30lts\/"},"modified":"2026-04-23T00:23:28","modified_gmt":"2026-04-22T22:23:28","slug":"aspiradora-tokyo-turbo-pro-1600w-cap-30lts","status":"publish","type":"product","link":"https:\/\/rubi.com.py\/index.php\/producto\/aspiradora-tokyo-turbo-pro-1600w-cap-30lts\/","title":{"rendered":"ASPIRADORA TOKYO TURBO PRO 1600W CAP 30LTS"},"content":{"rendered":"<p>* Succiona desechos s\u00f3lidos y agua. * Tanque de acero inoxidable. * Aspira polvo, agua y sopla. * Capacidad 30 litros. * Ruedas pivotantes. * Potencia 1.600W. ACCESORIOS * Cepillo para peque\u00f1as superficies. * Bolsa de filtro no tejida. * Cepillo escurridor. * Tubo de metal. * Filtro HEPA. * Manguera. * Esponja. Im\u00e1genes meramente ilustrativas. Im\u00e1genes e informaci\u00f3n sujetas a cambios sin previo aviso. Detalles t\u00e9cnicos: \u2022 ANCHO: 36 CM \u2022 ALTO: 63 CM \u2022 LARGO: 36 CM \u2022 PESO: 7000 GR<\/p>\n","protected":false},"excerpt":{"rendered":"<p>* Succiona desechos s\u00f3lidos y agua. * Tanque de acero inoxidable. * Aspira polvo, agua y sopla. * Capacidad 30 litros. * Ruedas pivotantes. * Potencia 1.600W. ACCESORIOS * Cepillo para peque\u00f1as superficies. * Bolsa de filtro no tejida. * Cepillo escurridor. * Tubo de metal. * Filtro HEPA. * Manguera. * Esponja. Im\u00e1genes meramente ilustrativas. Im\u00e1genes e informaci\u00f3n sujetas a cambios sin previo aviso.<\/p>\n","protected":false},"featured_media":5095,"comment_status":"open","ping_status":"closed","template":"","meta":{"_et_pb_use_builder":"","_et_pb_old_content":"","_et_gb_content_width":""},"product_brand":[],"product_cat":[38],"product_tag":[],"class_list":{"0":"post-1176","1":"product","2":"type-product","3":"status-publish","4":"has-post-thumbnail","6":"product_cat-hogar-y-limpieza","8":"first","9":"instock","10":"shipping-taxable","11":"purchasable","12":"product-type-simple"},"_links":{"self":[{"href":"https:\/\/rubi.com.py\/index.php\/wp-json\/wp\/v2\/product\/1176","targetHints":{"allow":["GET"]}}],"collection":[{"href":"https:\/\/rubi.com.py\/index.php\/wp-json\/wp\/v2\/product"}],"about":[{"href":"https:\/\/rubi.com.py\/index.php\/wp-json\/wp\/v2\/types\/product"}],"replies":[{"embeddable":true,"href":"https:\/\/rubi.com.py\/index.php\/wp-json\/wp\/v2\/comments?post=1176"}],"wp:featuredmedia":[{"embeddable":true,"href":"https:\/\/rubi.com.py\/index.php\/wp-json\/wp\/v2\/media\/5095"}],"wp:attachment":[{"href":"https:\/\/rubi.com.py\/index.php\/wp-json\/wp\/v2\/media?parent=1176"}],"wp:term":[{"taxonomy":"product_brand","embeddable":true,"href":"https:\/\/rubi.com.py\/index.php\/wp-json\/wp\/v2\/product_brand?post=1176"},{"taxonomy":"product_cat","embeddable":true,"href":"https:\/\/rubi.com.py\/index.php\/wp-json\/wp\/v2\/product_cat?post=1176"},{"taxonomy":"product_tag","embeddable":true,"href":"https:\/\/rubi.com.py\/index.php\/wp-json\/wp\/v2\/product_tag?post=1176"}],"curies":[{"name":"wp","href":"https:\/\/api.w.org\/{rel}","templated":true}]}}