{"id":1180,"date":"2025-10-07T18:46:57","date_gmt":"2025-10-07T16:46:57","guid":{"rendered":"https:\/\/rubi.com.py\/index.php\/producto\/auricular-mp3-sony-nw-ws623-4gb-black\/"},"modified":"2026-04-23T00:24:08","modified_gmt":"2026-04-22T22:24:08","slug":"auricular-mp3-sony-nw-ws623-4gb-black","status":"publish","type":"product","link":"https:\/\/rubi.com.py\/index.php\/producto\/auricular-mp3-sony-nw-ws623-4gb-black\/","title":{"rendered":"AURICULAR MP3 SONY NW-WS623 4GB BLACK"},"content":{"rendered":"<p>* Control remoto con Bluetooth para contestar llamada y cambiar canci\u00f3n. * Carga r\u00e1pida de 3 minutos para 60 minutos de reproducci\u00f3n. * Memoria interna de 4 GB-Dise\u00f1o ergon\u00f3mico fino y ligero. * Escucha tu alrededor con el modo de sonido ambiental. * Carga completa en 1,5 horas-USB 2.0 de alta velocidad. * Formatos de audio AAC, FLAC, Linear PCM, MP3, WMA. * Carga completa en 1,5 horas-USB 2.0 de alta velocidad. * Incluye 3 pares de tapones adicionales para uso diario. * Resistente a temperaturas extremas de 5 \u00b0C a 45 \u00b0C. * Incluye 4 pares de tapones adicionales para nadar. * Resistente al agua salada hasta 2 m. * Auricular Walkman\u00ae deportivo. * Reproducci\u00f3n hasta 12 h. * Micr\u00f3fono incorporado. * Resistente al polvo. * Certificaci\u00f3n IP68. * Bluetooth y NFC. * Peso de 32 g. Im\u00e1genes meramente ilustrativas. Im\u00e1genes e informaci\u00f3n sujetas a cambios sin previo aviso. Detalles t\u00e9cnicos: \u2022 ANCHO: 5,7 CM \u2022 ALTO: 19 CM \u2022 LARGO: 12,7 CM \u2022 PESO: 32 GR<\/p>\n","protected":false},"excerpt":{"rendered":"<p>* Control remoto con Bluetooth para contestar llamada y cambiar canci\u00f3n. * Carga r\u00e1pida de 3 minutos para 60 minutos de reproducci\u00f3n. * Memoria interna de 4 GB-Dise\u00f1o ergon\u00f3mico fino y ligero. * Escucha tu alrededor con el modo de sonido ambiental. * Carga completa en 1,5 horas-USB 2.0 de alta velocidad. * Formatos de audio AAC, FLAC, Linear PCM, MP3, WMA. * Carga completa en 1,5 horas-USB 2.0 de alta velocidad. * Incluye 3 pares de tapones adicionales para uso diario. * Resistente a temperaturas extremas de 5 \u00b0C a 45 \u00b0C. * Incluye 4 pares de tapones adicionales para nadar. * Resistente al agua salada hasta 2 m. * Auricular Walkman\u00ae deportivo. * Reproducci\u00f3n hasta 12 h. * Micr\u00f3fono incorporado. * Resistente al polvo. * Certificaci\u00f3n IP68. * Bluetooth y NFC. * Peso de 32 g. Im\u00e1genes meramente ilustrativas. Im\u00e1genes e informaci\u00f3n sujetas a cambios sin previo aviso.<\/p>\n","protected":false},"featured_media":5098,"comment_status":"open","ping_status":"closed","template":"","meta":{"_et_pb_use_builder":"","_et_pb_old_content":"","_et_gb_content_width":""},"product_brand":[],"product_cat":[46],"product_tag":[],"class_list":{"0":"post-1180","1":"product","2":"type-product","3":"status-publish","4":"has-post-thumbnail","6":"product_cat-tecnologia","8":"first","9":"instock","10":"shipping-taxable","11":"purchasable","12":"product-type-simple"},"_links":{"self":[{"href":"https:\/\/rubi.com.py\/index.php\/wp-json\/wp\/v2\/product\/1180","targetHints":{"allow":["GET"]}}],"collection":[{"href":"https:\/\/rubi.com.py\/index.php\/wp-json\/wp\/v2\/product"}],"about":[{"href":"https:\/\/rubi.com.py\/index.php\/wp-json\/wp\/v2\/types\/product"}],"replies":[{"embeddable":true,"href":"https:\/\/rubi.com.py\/index.php\/wp-json\/wp\/v2\/comments?post=1180"}],"wp:featuredmedia":[{"embeddable":true,"href":"https:\/\/rubi.com.py\/index.php\/wp-json\/wp\/v2\/media\/5098"}],"wp:attachment":[{"href":"https:\/\/rubi.com.py\/index.php\/wp-json\/wp\/v2\/media?parent=1180"}],"wp:term":[{"taxonomy":"product_brand","embeddable":true,"href":"https:\/\/rubi.com.py\/index.php\/wp-json\/wp\/v2\/product_brand?post=1180"},{"taxonomy":"product_cat","embeddable":true,"href":"https:\/\/rubi.com.py\/index.php\/wp-json\/wp\/v2\/product_cat?post=1180"},{"taxonomy":"product_tag","embeddable":true,"href":"https:\/\/rubi.com.py\/index.php\/wp-json\/wp\/v2\/product_tag?post=1180"}],"curies":[{"name":"wp","href":"https:\/\/api.w.org\/{rel}","templated":true}]}}