{"id":1182,"date":"2025-10-07T18:47:14","date_gmt":"2025-10-07T16:47:14","guid":{"rendered":"https:\/\/rubi.com.py\/index.php\/producto\/auricular-sony-mdr-ex15ap-pink-c-mic\/"},"modified":"2026-04-23T00:24:24","modified_gmt":"2026-04-22T22:24:24","slug":"auricular-sony-mdr-ex15ap-pink-c-mic","status":"publish","type":"product","link":"https:\/\/rubi.com.py\/index.php\/producto\/auricular-sony-mdr-ex15ap-pink-c-mic\/","title":{"rendered":"AURICULAR SONY MDR-EX15AP PINK C\/MIC."},"content":{"rendered":"<p>* Bot\u00f3n para contestar llamada, cambiar de canci\u00f3n y conectar al asistente de voz. * Incluye 2 pares de tapones adicionales tama\u00f1os peque\u00f1o y grande. * Mini est\u00e9reo de cuatro conductores con forma de L ba\u00f1ado en oro. * Sujetador para unir los cables izquierdo y derecho. * Auricular con cable tipo Y. * Micr\u00f3fono incorporado. * Diafragma de 9 mm. * Tapones cerrados. * Cable de 1,2 m. * Peso de 3 g. Im\u00e1genes meramente ilustrativas. Im\u00e1genes e informaci\u00f3n sujetas a cambios sin previo aviso. Detalles t\u00e9cnicos: \u2022 ANCHO: 4 CM \u2022 ALTO: 17 CM \u2022 LARGO: 7 CM \u2022 PESO: 30 GR<\/p>\n","protected":false},"excerpt":{"rendered":"<p>* Bot\u00f3n para contestar llamada, cambiar de canci\u00f3n y conectar al asistente de voz. * Incluye 2 pares de tapones adicionales tama\u00f1os peque\u00f1o y grande. * Mini est\u00e9reo de cuatro conductores con forma de L ba\u00f1ado en oro. * Sujetador para unir los cables izquierdo y derecho. * Auricular con cable tipo Y. * Micr\u00f3fono incorporado. * Diafragma de 9 mm. * Tapones cerrados. * Cable de 1,2 m. * Peso de 3 g. Im\u00e1genes meramente ilustrativas. Im\u00e1genes e informaci\u00f3n sujetas a cambios sin previo aviso.<\/p>\n","protected":false},"featured_media":5099,"comment_status":"open","ping_status":"closed","template":"","meta":{"_et_pb_use_builder":"","_et_pb_old_content":"","_et_gb_content_width":""},"product_brand":[],"product_cat":[46],"product_tag":[],"class_list":{"0":"post-1182","1":"product","2":"type-product","3":"status-publish","4":"has-post-thumbnail","6":"product_cat-tecnologia","8":"first","9":"instock","10":"shipping-taxable","11":"purchasable","12":"product-type-simple"},"_links":{"self":[{"href":"https:\/\/rubi.com.py\/index.php\/wp-json\/wp\/v2\/product\/1182","targetHints":{"allow":["GET"]}}],"collection":[{"href":"https:\/\/rubi.com.py\/index.php\/wp-json\/wp\/v2\/product"}],"about":[{"href":"https:\/\/rubi.com.py\/index.php\/wp-json\/wp\/v2\/types\/product"}],"replies":[{"embeddable":true,"href":"https:\/\/rubi.com.py\/index.php\/wp-json\/wp\/v2\/comments?post=1182"}],"wp:featuredmedia":[{"embeddable":true,"href":"https:\/\/rubi.com.py\/index.php\/wp-json\/wp\/v2\/media\/5099"}],"wp:attachment":[{"href":"https:\/\/rubi.com.py\/index.php\/wp-json\/wp\/v2\/media?parent=1182"}],"wp:term":[{"taxonomy":"product_brand","embeddable":true,"href":"https:\/\/rubi.com.py\/index.php\/wp-json\/wp\/v2\/product_brand?post=1182"},{"taxonomy":"product_cat","embeddable":true,"href":"https:\/\/rubi.com.py\/index.php\/wp-json\/wp\/v2\/product_cat?post=1182"},{"taxonomy":"product_tag","embeddable":true,"href":"https:\/\/rubi.com.py\/index.php\/wp-json\/wp\/v2\/product_tag?post=1182"}],"curies":[{"name":"wp","href":"https:\/\/api.w.org\/{rel}","templated":true}]}}