{"id":1184,"date":"2025-10-07T18:47:38","date_gmt":"2025-10-07T16:47:38","guid":{"rendered":"https:\/\/rubi.com.py\/index.php\/producto\/auricular-sony-mdr-zx110-pink\/"},"modified":"2026-04-23T00:26:14","modified_gmt":"2026-04-22T22:26:14","slug":"auricular-sony-mdr-zx110-pink","status":"publish","type":"product","link":"https:\/\/rubi.com.py\/index.php\/producto\/auricular-sony-mdr-zx110-pink\/","title":{"rendered":"AURICULAR SONY MDR-ZX110 PINK"},"content":{"rendered":"<p>* Dise\u00f1o envolvente que cubre por completo el o\u00eddo para apreciar los sonidos m\u00e1s sutiles. * Almohadillas suaves acolchadas. * Mini est\u00e9reo en forma de L. * Auricular con cable tipo Y * Diadema autoajustable. * Diafragma de 30 mm. * Cable de 1,2 m. * Peso de 120 g. Im\u00e1genes meramente ilustrativas. Im\u00e1genes e informaci\u00f3n sujetas a cambios sin previo aviso. Detalles t\u00e9cnicos: \u2022 ANCHO: 5,3 CM \u2022 ALTO: 20 CM \u2022 LARGO: 15 CM \u2022 PESO: 120 GR<\/p>\n","protected":false},"excerpt":{"rendered":"<p>* Dise\u00f1o envolvente que cubre por completo el o\u00eddo para apreciar los sonidos m\u00e1s sutiles. * Almohadillas suaves acolchadas. * Mini est\u00e9reo en forma de L. * Auricular con cable tipo Y * Diadema autoajustable. * Diafragma de 30 mm. * Cable de 1,2 m. * Peso de 120 g. Im\u00e1genes meramente ilustrativas. Im\u00e1genes e informaci\u00f3n sujetas a cambios sin previo aviso.<\/p>\n","protected":false},"featured_media":5100,"comment_status":"open","ping_status":"closed","template":"","meta":{"_et_pb_use_builder":"","_et_pb_old_content":"","_et_gb_content_width":""},"product_brand":[],"product_cat":[46],"product_tag":[],"class_list":{"0":"post-1184","1":"product","2":"type-product","3":"status-publish","4":"has-post-thumbnail","6":"product_cat-tecnologia","8":"first","9":"instock","10":"shipping-taxable","11":"purchasable","12":"product-type-simple"},"_links":{"self":[{"href":"https:\/\/rubi.com.py\/index.php\/wp-json\/wp\/v2\/product\/1184","targetHints":{"allow":["GET"]}}],"collection":[{"href":"https:\/\/rubi.com.py\/index.php\/wp-json\/wp\/v2\/product"}],"about":[{"href":"https:\/\/rubi.com.py\/index.php\/wp-json\/wp\/v2\/types\/product"}],"replies":[{"embeddable":true,"href":"https:\/\/rubi.com.py\/index.php\/wp-json\/wp\/v2\/comments?post=1184"}],"wp:featuredmedia":[{"embeddable":true,"href":"https:\/\/rubi.com.py\/index.php\/wp-json\/wp\/v2\/media\/5100"}],"wp:attachment":[{"href":"https:\/\/rubi.com.py\/index.php\/wp-json\/wp\/v2\/media?parent=1184"}],"wp:term":[{"taxonomy":"product_brand","embeddable":true,"href":"https:\/\/rubi.com.py\/index.php\/wp-json\/wp\/v2\/product_brand?post=1184"},{"taxonomy":"product_cat","embeddable":true,"href":"https:\/\/rubi.com.py\/index.php\/wp-json\/wp\/v2\/product_cat?post=1184"},{"taxonomy":"product_tag","embeddable":true,"href":"https:\/\/rubi.com.py\/index.php\/wp-json\/wp\/v2\/product_tag?post=1184"}],"curies":[{"name":"wp","href":"https:\/\/api.w.org\/{rel}","templated":true}]}}