{"id":1186,"date":"2025-10-07T18:47:57","date_gmt":"2025-10-07T16:47:57","guid":{"rendered":"https:\/\/rubi.com.py\/index.php\/producto\/auricular-sony-wh-1000xm5-silver-bt-nc\/"},"modified":"2026-04-23T00:27:47","modified_gmt":"2026-04-22T22:27:47","slug":"auricular-sony-wh-1000xm5-silver-bt-nc","status":"publish","type":"product","link":"https:\/\/rubi.com.py\/index.php\/producto\/auricular-sony-wh-1000xm5-silver-bt-nc\/","title":{"rendered":"AURICULAR SONY WH-1000XM5 SILVER BT NC"},"content":{"rendered":"<p>* Auricular inal\u00e1mbrico con cancelaci\u00f3n de ruido l\u00edder del mercado. * Procesador de cancelaci\u00f3n de ruido HD QN1 y procesador V1 integrado. * DSEE Extreme que restaura la m\u00fasica comprimida en tiempo real. * Dise\u00f1o c\u00f3modo y ligero fabricado con acabado de piel suave y adaptable. * Bluetooth 5.2 que trasmite datos a ambos o\u00eddos y se empareja con dos dispositivos al mismo tiempo. * Diafragma de 30 mm con borde suave y c\u00fapula r\u00edgida de material compuesto de fibra de carbono. * Peso de 250 g. * Reproducci\u00f3n hasta 30 h. * Carga r\u00e1pida de 3 minutos para 3 horas de reproducci\u00f3n. * Carga completa en 3,5 h v\u00eda USB-C. * 4 micr\u00f3fonos multidireccionales en cada auricular y algoritmo de reducci\u00f3n de ruido. * Panel touch izquierdo para cancelaci\u00f3n de ruido, sonido ambiente. * Panel touch derecho para contestar llamada, cambiar canci\u00f3n, atenci\u00f3n r\u00e1pida, speak to chat, asistente de voz. * Bot\u00f3n para cancelaci\u00f3n de ruido, sonido ambiente. * Control de sonido adaptativo al lugar y a la actividad realizada. * Formatos de audio AAC, SBC, LDAC. * Incluye 1 funda de transporte. Detalles t\u00e9cnicos: \u2022 COLOR: PLATA COLOR \u2022 ANCHO: 8,5 CM \u2022 ALTO: 11 CM \u2022 LARGO: 8,5 CM \u2022 PESO: 8,5 GR<\/p>\n","protected":false},"excerpt":{"rendered":"<p>* Auricular inal\u00e1mbrico con cancelaci\u00f3n de ruido l\u00edder del mercado. * Procesador de cancelaci\u00f3n de ruido HD QN1 y procesador V1 integrado. * DSEE Extreme que restaura la m\u00fasica comprimida en tiempo real. * Dise\u00f1o c\u00f3modo y ligero fabricado con acabado de piel suave y adaptable. * Bluetooth 5.2 que trasmite datos a ambos o\u00eddos y se empareja con dos dispositivos al mismo tiempo. * Diafragma de 30 mm con borde suave y c\u00fapula r\u00edgida de material compuesto de fibra de carbono. * Peso de 250 g. * Reproducci\u00f3n hasta 30 h. * Carga r\u00e1pida de 3 minutos para 3 horas de reproducci\u00f3n. * Carga completa en 3,5 h v\u00eda USB-C. * 4 micr\u00f3fonos multidireccionales en cada auricular y algoritmo de reducci\u00f3n de ruido. * Panel touch izquierdo para cancelaci\u00f3n de ruido, sonido ambiente. * Panel touch derecho para contestar llamada, cambiar canci\u00f3n, atenci\u00f3n r\u00e1pida, speak to chat, asistente de voz. * Bot\u00f3n para cancelaci\u00f3n de ruido, sonido ambiente. * Control de sonido adaptativo al lugar y a la actividad realizada. * Formatos de audio AAC, SBC, LDAC. * Incluye 1 funda de transporte.<\/p>\n","protected":false},"featured_media":5101,"comment_status":"open","ping_status":"closed","template":"","meta":{"_et_pb_use_builder":"","_et_pb_old_content":"","_et_gb_content_width":""},"product_brand":[],"product_cat":[46],"product_tag":[],"class_list":{"0":"post-1186","1":"product","2":"type-product","3":"status-publish","4":"has-post-thumbnail","6":"product_cat-tecnologia","8":"first","9":"instock","10":"shipping-taxable","11":"purchasable","12":"product-type-simple"},"_links":{"self":[{"href":"https:\/\/rubi.com.py\/index.php\/wp-json\/wp\/v2\/product\/1186","targetHints":{"allow":["GET"]}}],"collection":[{"href":"https:\/\/rubi.com.py\/index.php\/wp-json\/wp\/v2\/product"}],"about":[{"href":"https:\/\/rubi.com.py\/index.php\/wp-json\/wp\/v2\/types\/product"}],"replies":[{"embeddable":true,"href":"https:\/\/rubi.com.py\/index.php\/wp-json\/wp\/v2\/comments?post=1186"}],"wp:featuredmedia":[{"embeddable":true,"href":"https:\/\/rubi.com.py\/index.php\/wp-json\/wp\/v2\/media\/5101"}],"wp:attachment":[{"href":"https:\/\/rubi.com.py\/index.php\/wp-json\/wp\/v2\/media?parent=1186"}],"wp:term":[{"taxonomy":"product_brand","embeddable":true,"href":"https:\/\/rubi.com.py\/index.php\/wp-json\/wp\/v2\/product_brand?post=1186"},{"taxonomy":"product_cat","embeddable":true,"href":"https:\/\/rubi.com.py\/index.php\/wp-json\/wp\/v2\/product_cat?post=1186"},{"taxonomy":"product_tag","embeddable":true,"href":"https:\/\/rubi.com.py\/index.php\/wp-json\/wp\/v2\/product_tag?post=1186"}],"curies":[{"name":"wp","href":"https:\/\/api.w.org\/{rel}","templated":true}]}}