{"id":1192,"date":"2025-10-07T18:49:00","date_gmt":"2025-10-07T16:49:00","guid":{"rendered":"https:\/\/rubi.com.py\/index.php\/producto\/banco-de-pesas-evolution-fitness-mod-ft8500\/"},"modified":"2026-04-23T00:28:56","modified_gmt":"2026-04-22T22:28:56","slug":"banco-de-pesas-evolution-fitness-mod-ft8500","status":"publish","type":"product","link":"https:\/\/rubi.com.py\/index.php\/producto\/banco-de-pesas-evolution-fitness-mod-ft8500\/","title":{"rendered":"BANCO DE PESAS EVOLUTION FITNESS MOD FT8500"},"content":{"rendered":"<p>* Trabaja cuerpo completo, mariposa, press de pecho, piernas y brazos. * Incluye barra con discos de 4,5 kg y 6,8 kg. * Asiento y respaldo en cuero ecol\u00f3gico. * Discos de pesos en pl\u00e1stico perfilado. * Peso m\u00e1ximo de usuario 120 kg. * Dise\u00f1o moderno y ergon\u00f3mico. * Hasta 20 tipos de ejercicios. * Peso del producto 19,5 kg. * Uso residencial. Im\u00e1genes meramente ilustrativas. Im\u00e1genes e informaci\u00f3n sujetas a cambios sin previo aviso. Detalles t\u00e9cnicos: \u2022 CAPACIDAD: 120 kilogramo \u2022 ANCHO: 57 CM \u2022 ALTO: 139 CM \u2022 LARGO: 170 CM \u2022 PESO: 58000 GR<\/p>\n","protected":false},"excerpt":{"rendered":"<p>* Trabaja cuerpo completo, mariposa, press de pecho, piernas y brazos. * Incluye barra con discos de 4,5 kg y 6,8 kg. * Asiento y respaldo en cuero ecol\u00f3gico. * Discos de pesos en pl\u00e1stico perfilado. * Peso m\u00e1ximo de usuario 120 kg. * Dise\u00f1o moderno y ergon\u00f3mico. * Hasta 20 tipos de ejercicios. * Peso del producto 19,5 kg. * Uso residencial. Im\u00e1genes meramente ilustrativas. Im\u00e1genes e informaci\u00f3n sujetas a cambios sin previo aviso.<\/p>\n","protected":false},"featured_media":5104,"comment_status":"open","ping_status":"closed","template":"","meta":{"_et_pb_use_builder":"","_et_pb_old_content":"","_et_gb_content_width":""},"product_brand":[],"product_cat":[35],"product_tag":[],"class_list":{"0":"post-1192","1":"product","2":"type-product","3":"status-publish","4":"has-post-thumbnail","6":"product_cat-equipos-de-gimnasia","8":"first","9":"instock","10":"shipping-taxable","11":"purchasable","12":"product-type-simple"},"_links":{"self":[{"href":"https:\/\/rubi.com.py\/index.php\/wp-json\/wp\/v2\/product\/1192","targetHints":{"allow":["GET"]}}],"collection":[{"href":"https:\/\/rubi.com.py\/index.php\/wp-json\/wp\/v2\/product"}],"about":[{"href":"https:\/\/rubi.com.py\/index.php\/wp-json\/wp\/v2\/types\/product"}],"replies":[{"embeddable":true,"href":"https:\/\/rubi.com.py\/index.php\/wp-json\/wp\/v2\/comments?post=1192"}],"wp:featuredmedia":[{"embeddable":true,"href":"https:\/\/rubi.com.py\/index.php\/wp-json\/wp\/v2\/media\/5104"}],"wp:attachment":[{"href":"https:\/\/rubi.com.py\/index.php\/wp-json\/wp\/v2\/media?parent=1192"}],"wp:term":[{"taxonomy":"product_brand","embeddable":true,"href":"https:\/\/rubi.com.py\/index.php\/wp-json\/wp\/v2\/product_brand?post=1192"},{"taxonomy":"product_cat","embeddable":true,"href":"https:\/\/rubi.com.py\/index.php\/wp-json\/wp\/v2\/product_cat?post=1192"},{"taxonomy":"product_tag","embeddable":true,"href":"https:\/\/rubi.com.py\/index.php\/wp-json\/wp\/v2\/product_tag?post=1192"}],"curies":[{"name":"wp","href":"https:\/\/api.w.org\/{rel}","templated":true}]}}