{"id":1194,"date":"2025-10-07T18:49:25","date_gmt":"2025-10-07T16:49:25","guid":{"rendered":"https:\/\/rubi.com.py\/index.php\/producto\/barra-de-sonido-c-subwoofer-tokyo-optical-hdmi-usb-bt-mp3-mp4-aux-control-220\/"},"modified":"2026-04-23T00:29:13","modified_gmt":"2026-04-22T22:29:13","slug":"barra-de-sonido-c-subwoofer-tokyo-optical-hdmi-usb-bt-mp3-mp4-aux-control-220","status":"publish","type":"product","link":"https:\/\/rubi.com.py\/index.php\/producto\/barra-de-sonido-c-subwoofer-tokyo-optical-hdmi-usb-bt-mp3-mp4-aux-control-220\/","title":{"rendered":"BARRA DE SONIDO C\/ SUBWOOFER TOKYO OPTICAL HDMI USB\/BT\/MP3\/MP4\/AUX + CONTROL 220"},"content":{"rendered":"<p>* Con regulaci\u00f3n de agudos y graves. * Con entrada AUX (auxiliar). * Potencia 50W RMS. * Con control remoto. * Bluetooth. * Optical. * HDMI. * MP3. * USB. Im\u00e1genes meramente ilustrativas. Im\u00e1genes e informaci\u00f3n sujetas a cambios sin previo aviso. Detalles t\u00e9cnicos: \u2022 ANCHO: 14,5 CM \u2022 ALTO: 12,5 CM \u2022 LARGO: 88 CM \u2022 PESO: 7000 GR<\/p>\n","protected":false},"excerpt":{"rendered":"<p>* Con regulaci\u00f3n de agudos y graves. * Con entrada AUX (auxiliar). * Potencia 50W RMS. * Con control remoto. * Bluetooth. * Optical. * HDMI. * MP3. * USB. Im\u00e1genes meramente ilustrativas. Im\u00e1genes e informaci\u00f3n sujetas a cambios sin previo aviso.<\/p>\n","protected":false},"featured_media":5105,"comment_status":"open","ping_status":"closed","template":"","meta":{"_et_pb_use_builder":"","_et_pb_old_content":"","_et_gb_content_width":""},"product_brand":[],"product_cat":[46],"product_tag":[],"class_list":{"0":"post-1194","1":"product","2":"type-product","3":"status-publish","4":"has-post-thumbnail","6":"product_cat-tecnologia","8":"first","9":"instock","10":"shipping-taxable","11":"purchasable","12":"product-type-simple"},"_links":{"self":[{"href":"https:\/\/rubi.com.py\/index.php\/wp-json\/wp\/v2\/product\/1194","targetHints":{"allow":["GET"]}}],"collection":[{"href":"https:\/\/rubi.com.py\/index.php\/wp-json\/wp\/v2\/product"}],"about":[{"href":"https:\/\/rubi.com.py\/index.php\/wp-json\/wp\/v2\/types\/product"}],"replies":[{"embeddable":true,"href":"https:\/\/rubi.com.py\/index.php\/wp-json\/wp\/v2\/comments?post=1194"}],"wp:featuredmedia":[{"embeddable":true,"href":"https:\/\/rubi.com.py\/index.php\/wp-json\/wp\/v2\/media\/5105"}],"wp:attachment":[{"href":"https:\/\/rubi.com.py\/index.php\/wp-json\/wp\/v2\/media?parent=1194"}],"wp:term":[{"taxonomy":"product_brand","embeddable":true,"href":"https:\/\/rubi.com.py\/index.php\/wp-json\/wp\/v2\/product_brand?post=1194"},{"taxonomy":"product_cat","embeddable":true,"href":"https:\/\/rubi.com.py\/index.php\/wp-json\/wp\/v2\/product_cat?post=1194"},{"taxonomy":"product_tag","embeddable":true,"href":"https:\/\/rubi.com.py\/index.php\/wp-json\/wp\/v2\/product_tag?post=1194"}],"curies":[{"name":"wp","href":"https:\/\/api.w.org\/{rel}","templated":true}]}}