{"id":1198,"date":"2025-10-07T18:50:13","date_gmt":"2025-10-07T16:50:13","guid":{"rendered":"https:\/\/rubi.com.py\/index.php\/producto\/barra-de-sonido-jvc-th-ky536b-120w-2-1-subwoofer-inalambrico-hdmi-usb-bl\/"},"modified":"2026-04-23T00:20:48","modified_gmt":"2026-04-22T22:20:48","slug":"barra-de-sonido-jvc-th-ky536b-120w-2-1-subwoofer-inalambrico-hdmi-usb-bl","status":"publish","type":"product","link":"https:\/\/rubi.com.py\/index.php\/producto\/barra-de-sonido-jvc-th-ky536b-120w-2-1-subwoofer-inalambrico-hdmi-usb-bl\/","title":{"rendered":"BARRA DE SONIDO JVC TH-KY536B 120W 2.1 SUBWOOFER INALAMBRICO HDMI USB BL"},"content":{"rendered":"<p>* 2.1 canales una barra de dos canales y un subwoofer inal\u00e1mbrico. * Potencia total de 120 W. * Sonido 3D Surround. * 1 HDMI OUT ARC. * 1 entrada \u00f3ptica. * 1 entrada USB. * 1 entrada AUX. * Bluetooth 5.0. DIMENSIONES. Unidad principal * Ancho 920 mm. * Alto 70 mm. * Profundidad 80 mm. * 6 kg. Subwoofer. * Ancho 280 mm. * Alto 130 mm. * Profundidad 440 mm. Im\u00e1genes meramente ilustrativas. Im\u00e1genes e informaci\u00f3n sujetas a cambios sin previo aviso. Detalles t\u00e9cnicos: \u2022 ANCHO: 33 CM \u2022 ALTO: 60 CM \u2022 LARGO: 29 CM \u2022 PESO: 8100 GR<\/p>\n","protected":false},"excerpt":{"rendered":"<p>* 2.1 canales una barra de dos canales y un subwoofer inal\u00e1mbrico. * Potencia total de 120 W. * Sonido 3D Surround. * 1 HDMI OUT ARC. * 1 entrada \u00f3ptica. * 1 entrada USB. * 1 entrada AUX. * Bluetooth 5.0. DIMENSIONES. Unidad principal * Ancho 920 mm. * Alto 70 mm. * Profundidad 80 mm. * 6 kg. Subwoofer. * Ancho 280 mm. * Alto 130 mm. * Profundidad 440 mm. Im\u00e1genes meramente ilustrativas. Im\u00e1genes e informaci\u00f3n sujetas a cambios sin previo aviso.<\/p>\n","protected":false},"featured_media":5086,"comment_status":"open","ping_status":"closed","template":"","meta":{"_et_pb_use_builder":"","_et_pb_old_content":"","_et_gb_content_width":""},"product_brand":[],"product_cat":[46],"product_tag":[],"class_list":{"0":"post-1198","1":"product","2":"type-product","3":"status-publish","4":"has-post-thumbnail","6":"product_cat-tecnologia","8":"first","9":"instock","10":"shipping-taxable","11":"purchasable","12":"product-type-simple"},"_links":{"self":[{"href":"https:\/\/rubi.com.py\/index.php\/wp-json\/wp\/v2\/product\/1198","targetHints":{"allow":["GET"]}}],"collection":[{"href":"https:\/\/rubi.com.py\/index.php\/wp-json\/wp\/v2\/product"}],"about":[{"href":"https:\/\/rubi.com.py\/index.php\/wp-json\/wp\/v2\/types\/product"}],"replies":[{"embeddable":true,"href":"https:\/\/rubi.com.py\/index.php\/wp-json\/wp\/v2\/comments?post=1198"}],"wp:featuredmedia":[{"embeddable":true,"href":"https:\/\/rubi.com.py\/index.php\/wp-json\/wp\/v2\/media\/5086"}],"wp:attachment":[{"href":"https:\/\/rubi.com.py\/index.php\/wp-json\/wp\/v2\/media?parent=1198"}],"wp:term":[{"taxonomy":"product_brand","embeddable":true,"href":"https:\/\/rubi.com.py\/index.php\/wp-json\/wp\/v2\/product_brand?post=1198"},{"taxonomy":"product_cat","embeddable":true,"href":"https:\/\/rubi.com.py\/index.php\/wp-json\/wp\/v2\/product_cat?post=1198"},{"taxonomy":"product_tag","embeddable":true,"href":"https:\/\/rubi.com.py\/index.php\/wp-json\/wp\/v2\/product_tag?post=1198"}],"curies":[{"name":"wp","href":"https:\/\/api.w.org\/{rel}","templated":true}]}}